{"id":2672,"date":"2025-10-15T13:45:59","date_gmt":"2025-10-15T11:45:59","guid":{"rendered":"https:\/\/cosmosolar.com\/fr\/?post_type=product&#038;p=2672"},"modified":"2025-11-11T14:49:05","modified_gmt":"2025-11-11T12:49:05","slug":"boiler-%ce%bb%ce%b5%ce%b2%ce%b7%cf%84%ce%bf%cf%83%cf%84%ce%b1%cf%83%ce%af%ce%bf%cf%85-glass-160l-1000l","status":"publish","type":"product","link":"https:\/\/cosmosolar.com\/es\/product\/boiler-%ce%bb%ce%b5%ce%b2%ce%b7%cf%84%ce%bf%cf%83%cf%84%ce%b1%cf%83%ce%af%ce%bf%cf%85-glass-160l-1000l\/","title":{"rendered":"Acumuladores verticales vitrificados para producci\u00f3n de A.C.S. especialmente dise\u00f1ados para conexi\u00f3n con BOMBAS DE CALOR"},"content":{"rendered":"<div class=\"wpb-content-wrapper\"><p>[vc_row][vc_column][vc_tta_accordion][vc_tta_section title=\u00bbDocumentos\u00bb tab_id=\u00bb1761317686441-a27310a9-4b8f\u00bb][vc_column_text]<br \/>\n<h4 style='margin-top: 0px;'>Acumuladores verticales vitrificados para producci\u00f3n de A.C.S. especialmente dise\u00f1ados para conexi\u00f3n con BOMBAS DE CALOR<\/h4><ul style='margin-left: 0px;'><\/ul><h4 style='margin-top: 15px;'>Ficha t\u00e9cnica<\/h4><ul style='margin-left: 20px;'><li><a href=\"https:\/\/cosmosolar.com\/wp-content\/uploads\/documents\/english\/HEAT_PUMP_VERTICAL_ENAMELED\/Datasheet\/vertical_tanks_for_heat_pumps.pdf\" target=\"_blank\" rel=\"noopener\">\ud83d\udcc4 vertical_tanks_for_heat_pumps.pdf<\/a><\/li><\/ul><br \/>\n[\/vc_column_text][\/vc_tta_section][vc_tta_section title=\u00bbDescripci\u00f3n\u00bb tab_id=\u00bb1761317686455-d10a3957-cc5d\u00bb][vc_column_text]<br \/>\n<span style=\"color: #008000;\"><strong>Bajo pedido los acumuladores pueden ser entregados con<\/strong><\/span><\/p>\n<p><em>carcasa exterior met\u00e1lica (aluminio hasta 300L &#8211; acero para los dem\u00e1s modelos)<\/em><\/p>\n<p><em>resistencia el\u00e9ctrica de 1,5 a 4 KW de 1 \u00bd\u00bb<\/em><br \/>\n<em>resistencia el\u00e9ctrica trif\u00e1sica de 1 \u00bd\u00bb y potencia de 6 o 9 kW<\/em><\/p>\n<table class=\"rtable rtable--flip\" style=\"width: 1077px;\">\n<tbody>\n<tr style=\"height: 48px;\">\n<th style=\"width: 334px; height: 48px;\"><strong>DESCRIPCI\u00d3N T\u00c9CNICA<\/strong><\/th>\n<th style=\"width: 10.7188px; height: 48px;\"><\/th>\n<th style=\"width: 31.2812px; height: 48px;\"><\/th>\n<th style=\"width: 10px; height: 48px;\"><\/th>\n<th style=\"width: 138px; height: 48px;\"><strong>BLGLLA 200<\/strong><\/th>\n<th style=\"width: 129px; height: 48px;\"><strong>BLGLLA 300<\/strong><\/th>\n<th style=\"width: 113px; height: 48px;\"><strong>BLGLLA 500 \/ 600<\/strong><\/th>\n<th style=\"width: 106px; height: 48px;\"><strong>BLGLLA 800<\/strong><\/th>\n<th style=\"width: 149px; height: 48px;\"><strong>BLGLLA 1000<\/strong><\/th>\n<\/tr>\n<tr style=\"height: 24px;\">\n<td style=\"width: 334px; height: 24px;\">Di\u00e1metro del acumulador<\/td>\n<td style=\"width: 10.7188px; height: 24px;\"><\/td>\n<td style=\"width: 31.2812px; height: 24px;\">mm<\/td>\n<td style=\"width: 10px; height: 24px;\"><\/td>\n<td style=\"width: 138px; height: 24px;\">510<\/td>\n<td style=\"width: 129px; height: 24px;\">510<\/td>\n<td style=\"width: 113px; height: 24px;\">650<\/td>\n<td style=\"width: 106px; height: 24px;\">850<\/td>\n<td style=\"width: 149px; height: 24px;\">850<\/td>\n<\/tr>\n<tr style=\"height: 24px;\">\n<td style=\"width: 334px; height: 24px;\">Di\u00e1metro exterior<\/td>\n<td style=\"width: 10.7188px; height: 24px;\"><\/td>\n<td style=\"width: 31.2812px; height: 24px;\">mm<\/td>\n<td style=\"width: 10px; height: 24px;\"><\/td>\n<td style=\"width: 138px; height: 24px;\">630<\/td>\n<td style=\"width: 129px; height: 24px;\">630<\/td>\n<td style=\"width: 113px; height: 24px;\">850<\/td>\n<td style=\"width: 106px; height: 24px;\">1050<\/td>\n<td style=\"width: 149px; height: 24px;\">1050<\/td>\n<\/tr>\n<tr style=\"height: 24px;\">\n<td style=\"width: 334px; height: 24px;\">Alto<\/td>\n<td style=\"width: 10.7188px; height: 24px;\"><\/td>\n<td style=\"width: 31.2812px; height: 24px;\">mm<\/td>\n<td style=\"width: 10px; height: 24px;\"><\/td>\n<td style=\"width: 138px; height: 24px;\">1460<\/td>\n<td style=\"width: 129px; height: 24px;\">2000<\/td>\n<td style=\"width: 113px; height: 24px;\">1800\/2000<\/td>\n<td style=\"width: 106px; height: 24px;\">1800<\/td>\n<td style=\"width: 149px; height: 24px;\">2000<\/td>\n<\/tr>\n<tr style=\"height: 24px;\">\n<td style=\"width: 334px; height: 24px;\">Espesor del acero<\/td>\n<td style=\"width: 10.7188px; height: 24px;\"><\/td>\n<td style=\"width: 31.2812px; height: 24px;\">mm<\/td>\n<td style=\"width: 10px; height: 24px;\"><\/td>\n<td style=\"width: 138px; height: 24px;\">2,5<\/td>\n<td style=\"width: 129px; height: 24px;\">2,5<\/td>\n<td style=\"width: 113px; height: 24px;\">3<\/td>\n<td style=\"width: 106px; height: 24px;\">4<\/td>\n<td style=\"width: 149px; height: 24px;\">4<\/td>\n<\/tr>\n<tr style=\"height: 24px;\">\n<td style=\"width: 334px; height: 24px;\">Temperatura m\u00e1x. de ejercicio<\/td>\n<td style=\"width: 10.7188px; height: 24px;\"><\/td>\n<td style=\"width: 31.2812px; height: 24px;\">\u00b0C<\/td>\n<td style=\"width: 10px; height: 24px;\"><\/td>\n<td style=\"width: 138px; height: 24px;\">95<\/td>\n<td style=\"width: 129px; height: 24px;\">95<\/td>\n<td style=\"width: 113px; height: 24px;\">95<\/td>\n<td style=\"width: 106px; height: 24px;\">95<\/td>\n<td style=\"width: 149px; height: 24px;\">95<\/td>\n<\/tr>\n<tr style=\"height: 24px;\">\n<td style=\"width: 334px; height: 24px;\">Presi\u00f3n m\u00e1x. de ejercicio<\/td>\n<td style=\"width: 10.7188px; height: 24px;\"><\/td>\n<td style=\"width: 31.2812px; height: 24px;\">bar<\/td>\n<td style=\"width: 10px; height: 24px;\"><\/td>\n<td style=\"width: 138px; height: 24px;\">10<\/td>\n<td style=\"width: 129px; height: 24px;\">10<\/td>\n<td style=\"width: 113px; height: 24px;\">10<\/td>\n<td style=\"width: 106px; height: 24px;\">10<\/td>\n<td style=\"width: 149px; height: 24px;\">10<\/td>\n<\/tr>\n<tr style=\"height: 24px;\">\n<td style=\"width: 334px; height: 24px;\">Pressi\u00f3n m\u00e1x. del A.C.S<\/td>\n<td style=\"width: 10.7188px; height: 24px;\"><\/td>\n<td style=\"width: 31.2812px; height: 24px;\">bar<\/td>\n<td style=\"width: 10px; height: 24px;\"><\/td>\n<td style=\"width: 138px; height: 24px;\">10<\/td>\n<td style=\"width: 129px; height: 24px;\">10<\/td>\n<td style=\"width: 113px; height: 24px;\">10<\/td>\n<td style=\"width: 106px; height: 24px;\">10<\/td>\n<td style=\"width: 149px; height: 24px;\">10<\/td>\n<\/tr>\n<tr style=\"height: 24px;\">\n<td style=\"width: 334px; height: 24px;\">Presi\u00f3n m\u00e1x. de ejercicio de los intercambiadores<\/td>\n<td style=\"width: 10.7188px; height: 24px;\"><\/td>\n<td style=\"width: 31.2812px; height: 24px;\">bar<\/td>\n<td style=\"width: 10px; height: 24px;\"><\/td>\n<td style=\"width: 138px; height: 24px;\">16<\/td>\n<td style=\"width: 129px; height: 24px;\">16<\/td>\n<td style=\"width: 113px; height: 24px;\">16<\/td>\n<td style=\"width: 106px; height: 24px;\">16<\/td>\n<td style=\"width: 149px; height: 24px;\">16<\/td>\n<\/tr>\n<tr style=\"height: 24.1875px;\">\n<td style=\"width: 334px; height: 24.1875px;\">Tipolog\u00eda del aislante P.U.<\/td>\n<td style=\"width: 10.7188px; height: 24.1875px;\"><\/td>\n<td style=\"width: 31.2812px; height: 24.1875px;\"><\/td>\n<td style=\"width: 10px; height: 24.1875px;\"><\/td>\n<td style=\"width: 138px; height: 24.1875px;\">r\u00edgido<\/td>\n<td style=\"width: 129px; height: 24.1875px;\">r\u00edgido<\/td>\n<td style=\"width: 113px; height: 24.1875px;\">suave<\/td>\n<td style=\"width: 106px; height: 24.1875px;\">suave<\/td>\n<td style=\"width: 149px; height: 24.1875px;\">suave<\/td>\n<\/tr>\n<tr style=\"height: 24px;\">\n<td style=\"width: 334px; height: 24px;\">Espesor del aislante<\/td>\n<td style=\"width: 10.7188px; height: 24px;\"><\/td>\n<td style=\"width: 31.2812px; height: 24px;\">mm<\/td>\n<td style=\"width: 10px; height: 24px;\"><\/td>\n<td style=\"width: 138px; height: 24px;\">60<\/td>\n<td style=\"width: 129px; height: 24px;\">60<\/td>\n<td style=\"width: 113px; height: 24px;\">100<\/td>\n<td style=\"width: 106px; height: 24px;\">100<\/td>\n<td style=\"width: 149px; height: 24px;\">100<\/td>\n<\/tr>\n<tr style=\"height: 24px;\">\n<td style=\"width: 334px; height: 24px;\">Temperatura m\u00e1x. de ejercicio de los intecambiadores<\/td>\n<td style=\"width: 10.7188px; height: 24px;\"><\/td>\n<td style=\"width: 31.2812px; height: 24px;\">\u00b0C<\/td>\n<td style=\"width: 10px; height: 24px;\"><\/td>\n<td style=\"width: 138px; height: 24px;\">130<\/td>\n<td style=\"width: 129px; height: 24px;\">130<\/td>\n<td style=\"width: 113px; height: 24px;\">130<\/td>\n<td style=\"width: 106px; height: 24px;\">130<\/td>\n<td style=\"width: 149px; height: 24px;\">130<\/td>\n<\/tr>\n<tr style=\"height: 24px;\">\n<td style=\"width: 334px; height: 24px;\">Superficie del intercambiador solar <strong>\u0392\u00a0<\/strong><\/td>\n<td style=\"width: 10.7188px; height: 24px;\"><\/td>\n<td style=\"width: 31.2812px; height: 24px;\">mt.c.<\/td>\n<td style=\"width: 10px; height: 24px;\"><\/td>\n<td style=\"width: 138px; height: 24px;\">0,70<\/td>\n<td style=\"width: 129px; height: 24px;\">1,00<\/td>\n<td style=\"width: 113px; height: 24px;\">1,20<\/td>\n<td style=\"width: 106px; height: 24px;\">1,70<\/td>\n<td style=\"width: 149px; height: 24px;\">2,00<\/td>\n<\/tr>\n<tr style=\"height: 24px;\">\n<td style=\"width: 334px; height: 24px;\">Superficie del intercambiador de la bompa de calor <strong>\u0391\u00a0<\/strong><\/td>\n<td style=\"width: 10.7188px; height: 24px;\"><\/td>\n<td style=\"width: 31.2812px; height: 24px;\">mt.c.<\/td>\n<td style=\"width: 10px; height: 24px;\"><\/td>\n<td style=\"width: 138px; height: 24px;\">2,20<\/td>\n<td style=\"width: 129px; height: 24px;\">3,90<\/td>\n<td style=\"width: 113px; height: 24px;\">5,20<\/td>\n<td style=\"width: 106px; height: 24px;\">6,10<\/td>\n<td style=\"width: 149px; height: 24px;\">7,40<\/td>\n<\/tr>\n<tr style=\"height: 24px;\">\n<td style=\"width: 334px; height: 24px;\">Capacidad del intercmbiador solar <strong>\u0392\u00a0<\/strong><\/td>\n<td style=\"width: 10.7188px; height: 24px;\"><\/td>\n<td style=\"width: 31.2812px; height: 24px;\">Lt<\/td>\n<td style=\"width: 10px; height: 24px;\"><\/td>\n<td style=\"width: 138px; height: 24px;\">4,60<\/td>\n<td style=\"width: 129px; height: 24px;\">6,30<\/td>\n<td style=\"width: 113px; height: 24px;\">7,60<\/td>\n<td style=\"width: 106px; height: 24px;\">10,90<\/td>\n<td style=\"width: 149px; height: 24px;\">12,50<\/td>\n<\/tr>\n<tr style=\"height: 24px;\">\n<td style=\"width: 334px; height: 24px;\">Capacidad del intercambiador de la bomba de calor <strong>\u0391<\/strong><\/td>\n<td style=\"width: 10.7188px; height: 24px;\"><\/td>\n<td style=\"width: 31.2812px; height: 24px;\">Lt<\/td>\n<td style=\"width: 10px; height: 24px;\"><\/td>\n<td style=\"width: 138px; height: 24px;\">14,20<\/td>\n<td style=\"width: 129px; height: 24px;\">31,70<\/td>\n<td style=\"width: 113px; height: 24px;\">52,90<\/td>\n<td style=\"width: 106px; height: 24px;\">69,20<\/td>\n<td style=\"width: 149px; height: 24px;\">75,40<\/td>\n<\/tr>\n<tr style=\"height: 89px;\">\n<td style=\"width: 334px; height: 89px;\">* Sede inspecci\u00f3n de arriba <strong>F1 \/<\/strong> \u00e1nodo de magnesio<\/td>\n<td style=\"width: 10.7188px; height: 89px;\"><\/td>\n<td style=\"width: 31.2812px; height: 89px;\">&nbsp;<\/p>\n<p>Inch<\/td>\n<td style=\"width: 10px; height: 89px;\"><\/td>\n<td style=\"width: 138px; height: 89px;\">140 \/ DIA22xL500mm<\/td>\n<td style=\"width: 129px; height: 89px;\">140 \/ DIA22xL500mm<\/td>\n<td style=\"width: 113px; height: 89px;\">140 \/ DIA32xL500mm<\/td>\n<td style=\"width: 106px; height: 89px;\">196 \/ DIA32xL500mm<\/td>\n<td style=\"width: 149px; height: 89px;\">196 \/ DIA32xL500mm<\/td>\n<\/tr>\n<tr style=\"height: 89px;\">\n<td style=\"width: 334px; height: 89px;\">* Sede inspecci\u00f3n de abajo <strong>F1 \/<\/strong> \u00e1nodo de magnesio<\/td>\n<td style=\"width: 10.7188px; height: 89px;\"><\/td>\n<td style=\"width: 31.2812px; height: 89px;\">Inch<\/td>\n<td style=\"width: 10px; height: 89px;\"><\/td>\n<td style=\"width: 138px; height: 89px;\">140 \/ DIA22xL500mm<\/td>\n<td style=\"width: 129px; height: 89px;\">140 \/ DIA22xL500mm<\/td>\n<td style=\"width: 113px; height: 89px;\">193 \/ DIA32xL500mm<\/td>\n<td style=\"width: 106px; height: 89px;\">193 \/ DIA32xL500mm<\/td>\n<td style=\"width: 149px; height: 89px;\">193 \/ DIA32xL500mm<\/td>\n<\/tr>\n<tr style=\"height: 24px;\">\n<td style=\"width: 334px; height: 24px;\">Di\u00e1metro del intercambiador solar <strong>\u0392 <\/strong>(BIN\/BOU)<\/td>\n<td style=\"width: 10.7188px; height: 24px;\"><\/td>\n<td style=\"width: 31.2812px; height: 24px;\">Inch<\/td>\n<td style=\"width: 10px; height: 24px;\"><\/td>\n<td style=\"width: 138px; height: 24px;\">1&#8243;<\/td>\n<td style=\"width: 129px; height: 24px;\">1&#8243;<\/td>\n<td style=\"width: 113px; height: 24px;\">1&#8243;<\/td>\n<td style=\"width: 106px; height: 24px;\">1&#8243;<\/td>\n<td style=\"width: 149px; height: 24px;\">1&#8243;<\/td>\n<\/tr>\n<tr style=\"height: 24px;\">\n<td style=\"width: 334px; height: 24px;\">Di\u00e1metro del intercambiador de la bomba de calor <strong>A <\/strong>(AIN\/AOU)<\/td>\n<td style=\"width: 10.7188px; height: 24px;\"><\/td>\n<td style=\"width: 31.2812px; height: 24px;\">Inch<\/td>\n<td style=\"width: 10px; height: 24px;\"><\/td>\n<td style=\"width: 138px; height: 24px;\">1 1\/2&#8243;<\/td>\n<td style=\"width: 129px; height: 24px;\">1 1\/2&#8243;<\/td>\n<td style=\"width: 113px; height: 24px;\">1 1\/2&#8243;<\/td>\n<td style=\"width: 106px; height: 24px;\">1 1\/2&#8243;<\/td>\n<td style=\"width: 149px; height: 24px;\">1 1\/2&#8243;<\/td>\n<\/tr>\n<tr style=\"height: 24px;\">\n<td style=\"width: 334px; height: 24px;\">Entrada \u00e1gua fr\u00eda <strong>CW\u00a0<\/strong><\/td>\n<td style=\"width: 10.7188px; height: 24px;\"><\/td>\n<td style=\"width: 31.2812px; height: 24px;\">Inch<\/td>\n<td style=\"width: 10px; height: 24px;\"><\/td>\n<td style=\"width: 138px; height: 24px;\">1&#8243;<\/td>\n<td style=\"width: 129px; height: 24px;\">1&#8243;<\/td>\n<td style=\"width: 113px; height: 24px;\">1&#8243;<\/td>\n<td style=\"width: 106px; height: 24px;\">1 1\/2&#8243;<\/td>\n<td style=\"width: 149px; height: 24px;\">1 1\/2&#8243;<\/td>\n<\/tr>\n<tr style=\"height: 24px;\">\n<td style=\"width: 334px; height: 24px;\">Salida \u00e1gua caliente <strong>\u0397W<\/strong><\/td>\n<td style=\"width: 10.7188px; height: 24px;\"><\/td>\n<td style=\"width: 31.2812px; height: 24px;\">Inch<\/td>\n<td style=\"width: 10px; height: 24px;\"><\/td>\n<td style=\"width: 138px; height: 24px;\">1&#8243;<\/td>\n<td style=\"width: 129px; height: 24px;\">1&#8243;<\/td>\n<td style=\"width: 113px; height: 24px;\">1&#8243;<\/td>\n<td style=\"width: 106px; height: 24px;\">1 1\/2&#8243;<\/td>\n<td style=\"width: 149px; height: 24px;\">1 1\/2&#8243;<\/td>\n<\/tr>\n<tr style=\"height: 24px;\">\n<td style=\"width: 334px; height: 24px;\">Recirculaci\u00f3n <strong>R<\/strong><\/td>\n<td style=\"width: 10.7188px; height: 24px;\"><\/td>\n<td style=\"width: 31.2812px; height: 24px;\">Inch<\/td>\n<td style=\"width: 10px; height: 24px;\"><\/td>\n<td style=\"width: 138px; height: 24px;\">1&#8243;<\/td>\n<td style=\"width: 129px; height: 24px;\">1&#8243;<\/td>\n<td style=\"width: 113px; height: 24px;\">1&#8243;<\/td>\n<td style=\"width: 106px; height: 24px;\">1 1\/2&#8243;<\/td>\n<td style=\"width: 149px; height: 24px;\">1 1\/2&#8243;<\/td>\n<\/tr>\n<tr style=\"height: 24px;\">\n<td style=\"width: 334px; height: 24px;\">Sede para resistencia el\u00e9ctrica <strong>\u0395\u0397<\/strong><\/td>\n<td style=\"width: 10.7188px; height: 24px;\"><\/td>\n<td style=\"width: 31.2812px; height: 24px;\"><\/td>\n<td style=\"width: 10px; height: 24px;\"><\/td>\n<td style=\"width: 138px; height: 24px;\">Flange F2<\/td>\n<td style=\"width: 129px; height: 24px;\">Flange F2<\/td>\n<td style=\"width: 113px; height: 24px;\">Flange F2<\/td>\n<td style=\"width: 106px; height: 24px;\">Flange F2<\/td>\n<td style=\"width: 149px; height: 24px;\">Flange F2<\/td>\n<\/tr>\n<tr style=\"height: 24px;\">\n<td style=\"width: 334px; height: 24px;\">Sede para sensores <strong>S1, S2, S3<\/strong><\/td>\n<td style=\"width: 10.7188px; height: 24px;\"><\/td>\n<td style=\"width: 31.2812px; height: 24px;\">Inch<\/td>\n<td style=\"width: 10px; height: 24px;\"><\/td>\n<td style=\"width: 138px; height: 24px;\">1\/2&#8243;<\/td>\n<td style=\"width: 129px; height: 24px;\">1\/2&#8243;<\/td>\n<td style=\"width: 113px; height: 24px;\">1\/2&#8243;<\/td>\n<td style=\"width: 106px; height: 24px;\">1\/2&#8243;<\/td>\n<td style=\"width: 149px; height: 24px;\">1\/2&#8243;<\/td>\n<\/tr>\n<tr style=\"height: 24px;\">\n<td style=\"width: 334px; height: 24px;\">Term\u00f3metro <strong>\u03a4\u0397<\/strong><\/td>\n<td style=\"width: 10.7188px; height: 24px;\"><\/td>\n<td style=\"width: 31.2812px; height: 24px;\">Inch<\/td>\n<td style=\"width: 10px; height: 24px;\"><\/td>\n<td style=\"width: 138px; height: 24px;\">1\/2&#8243;<\/td>\n<td style=\"width: 129px; height: 24px;\">1\/2&#8243;<\/td>\n<td style=\"width: 113px; height: 24px;\">1\/2&#8243;<\/td>\n<td style=\"width: 106px; height: 24px;\">1\/2&#8243;<\/td>\n<td style=\"width: 149px; height: 24px;\">1\/2&#8243;<\/td>\n<\/tr>\n<\/tbody>\n<\/table>\n<p>[\/vc_column_text][\/vc_tta_section][\/vc_tta_accordion][\/vc_column][\/vc_row]<\/p>\n<\/div>","protected":false},"excerpt":{"rendered":"<p><span style=\"color: #ff6600;\"><strong>Acumuladores dise\u00f1ados para trabajar con colectores solares y\/o bombas de calor como segunda fuente de energ\u00eda.<\/strong><\/span><\/p>\n<p><span style=\"color: #0000ff;\"><strong>!Los acumuladores llevan serpent\u00edn de mayor superficie y capacidad, especialmente dise\u00f1ados para responder a su conexi\u00f3n con bombas de calor!<\/strong><\/span><\/p>\n<p>&nbsp;<\/p>\n<table class=\"woocommerce-product-attributes shop_attributes\" style=\"width: 714px;\">\n<tbody>\n<tr class=\"woocommerce-product-attributes-item woocommerce-product-attributes-item--attribute_boiler\">\n<th class=\"woocommerce-product-attributes-item__label\" style=\"width: 368px;\"><span style=\"color: #008000;\">Material del acumulador<\/span><\/th>\n<td class=\"woocommerce-product-attributes-item__value\" style=\"width: 330px;\">acero de bajo contenido en hierro<\/td>\n<\/tr>\n<tr class=\"woocommerce-product-attributes-item woocommerce-product-attributes-item--attribute_%ce%b5%cf%80%ce%b9%ce%ba%ce%ac%ce%bb%cf%85%cf%88%ce%b7-%cf%80%cf%81%ce%bf%cf%83%cf%84%ce%b1%cf%83%ce%af%ce%b1%cf%82\">\n<th class=\"woocommerce-product-attributes-item__label\" style=\"width: 368px;\"><span style=\"color: #008000;\">Protecci\u00f3n<\/span><\/th>\n<td class=\"woocommerce-product-attributes-item__value\" style=\"width: 330px;\">vitrificaci\u00f3n seg\u00fan DIN4753-1<\/td>\n<\/tr>\n<tr class=\"woocommerce-product-attributes-item woocommerce-product-attributes-item--attribute_%ce%ba%ce%b1%ce%b8%ce%bf%ce%b4%ce%b9%ce%ba%ce%ae-%cf%80%cf%81%ce%bf%cf%83%cf%84%ce%b1%cf%83%ce%af%ce%b1\">\n<th class=\"woocommerce-product-attributes-item__label\" style=\"width: 368px;\"><span style=\"color: #008000;\">Protecci\u00f3n anticorrosiva<\/span><\/th>\n<td class=\"woocommerce-product-attributes-item__value\" style=\"width: 330px;\">\u00e1nodos de magnesio<\/td>\n<\/tr>\n<tr class=\"woocommerce-product-attributes-item woocommerce-product-attributes-item--attribute_%ce%b5%ce%bd%ce%b1%ce%bb%ce%bb%ce%ac%ce%ba%cf%84%ce%b7%cf%82\">\n<th class=\"woocommerce-product-attributes-item__label\" style=\"width: 368px;\"><span style=\"color: #008000;\">Material de los intercambiadores<\/span><\/th>\n<td class=\"woocommerce-product-attributes-item__value\" style=\"width: 330px;\">acero de bajo contenido en hierro vitrificado<\/td>\n<\/tr>\n<tr class=\"woocommerce-product-attributes-item woocommerce-product-attributes-item--attribute_%ce%bc%ce%ad%ce%b3%ce%b9%cf%83%cf%84%ce%b7-%cf%80%ce%af%ce%b5%cf%83%ce%b7-%ce%bb%ce%b5%ce%b9%cf%84%ce%bf%cf%85%cf%81%ce%b3%ce%af%ce%b1%cf%82\">\n<th class=\"woocommerce-product-attributes-item__label\" style=\"width: 368px;\"><span style=\"color: #008000;\">Pressi\u00f3n m\u00e1xima de ejercicio<\/span><\/th>\n<td class=\"woocommerce-product-attributes-item__value\" style=\"width: 330px;\">10 bar<\/td>\n<\/tr>\n<tr class=\"woocommerce-product-attributes-item woocommerce-product-attributes-item--attribute_%ce%bc%ce%ad%ce%b3%ce%b9%cf%83%cf%84%ce%b7-%ce%b8%ce%b5%ce%bc%ce%bf%ce%ba%cf%81%ce%b1%cf%83%ce%af%ce%b1-%ce%bb%ce%b5%ce%b9%cf%84%ce%bf%cf%85%cf%81%ce%b3%ce%af%ce%b1%cf%82-%ce%b4%ce%bf%cf%87%ce%b5\">\n<th class=\"woocommerce-product-attributes-item__label\" style=\"width: 368px;\"><span style=\"color: #008000;\">Temperatura m\u00e1xima de ejercicio<\/span><\/th>\n<td class=\"woocommerce-product-attributes-item__value\" style=\"width: 330px;\">95\u00b0C<\/td>\n<\/tr>\n<tr class=\"woocommerce-product-attributes-item woocommerce-product-attributes-item--attribute_%ce%bc%ce%ad%ce%b3%ce%b9%cf%83%cf%84%ce%b7-%cf%80%ce%af%ce%b5%cf%83%ce%b7-%ce%b1%ce%bd%cf%84%ce%bf%cf%87%ce%ae%cf%82-%ce%b5%ce%bd%ce%b1%ce%bb%ce%bb%ce%ac%ce%ba%cf%84%ce%b7\">\n<th class=\"woocommerce-product-attributes-item__label\" style=\"width: 368px;\"><span style=\"color: #008000;\">Pressi\u00f3n m\u00e1xima de ejercicio\u00a0 de los intercambiadores<\/span><\/th>\n<td class=\"woocommerce-product-attributes-item__value\" style=\"width: 330px;\">16 bar<\/td>\n<\/tr>\n<tr class=\"woocommerce-product-attributes-item woocommerce-product-attributes-item--attribute_%ce%bc%ce%ad%ce%b3%ce%b9%cf%83%cf%84%ce%b7-%ce%b8%ce%b5%cf%81%ce%bc%ce%bf%ce%ba%cf%81%ce%b1%cf%83%ce%af%ce%b1-%ce%bb%ce%b5%ce%b9%cf%84%ce%bf%cf%85%cf%81%ce%b3%ce%af%ce%b1%cf%82-%ce%b5%ce%bd%ce%b1\">\n<th class=\"woocommerce-product-attributes-item__label\" style=\"width: 368px;\"><span style=\"color: #008000;\">Temperatura m\u00e1xima de ehercicio de los intercambiadores<\/span><\/th>\n<td class=\"woocommerce-product-attributes-item__value\" style=\"width: 330px;\">130\u00b0C<\/td>\n<\/tr>\n<tr class=\"woocommerce-product-attributes-item woocommerce-product-attributes-item--attribute_%ce%bc%cf%8c%ce%bd%cf%89%cf%83%ce%b7\">\n<th class=\"woocommerce-product-attributes-item__label\" style=\"width: 368px;\"><span style=\"color: #008000;\">Aislamiento<\/span><\/th>\n<td class=\"woocommerce-product-attributes-item__value\" style=\"width: 330px;\">para los acumuladores de 200 y 300L P.U. expandido de 60mm de espesor y densidad 52kg\/m3, para los dem\u00e1s P.U. suave de 100mm<\/td>\n<\/tr>\n<tr class=\"woocommerce-product-attributes-item woocommerce-product-attributes-item--attribute_%ce%b5%ce%be%cf%89%cf%84%ce%b5%cf%81%ce%b9%ce%ba%ce%ae-%ce%b5%cf%80%ce%ad%ce%bd%ce%b4%cf%85%cf%83%ce%b7\">\n<th class=\"woocommerce-product-attributes-item__label\" style=\"width: 368px;\"><span style=\"color: #008000;\">Exterior<\/span><\/th>\n<td class=\"woocommerce-product-attributes-item__value\" style=\"width: 330px;\">PVC suave, tipo de cuero<\/td>\n<\/tr>\n<\/tbody>\n<\/table>\n<p>&nbsp;<\/p>\n","protected":false},"featured_media":2210,"comment_status":"open","ping_status":"closed","template":"","meta":[],"product_brand":[],"product_cat":[62],"product_tag":[211,212,100,210],"class_list":{"0":"post-2672","1":"product","2":"type-product","3":"status-publish","4":"has-post-thumbnail","6":"product_cat-tanks-for-forced-circulation-system","7":"product_tag-750l","8":"product_tag-9000l","9":"product_tag-boiler","10":"product_tag-210","12":"first","13":"instock","14":"taxable","15":"shipping-taxable","16":"product-type-simple"},"_links":{"self":[{"href":"https:\/\/cosmosolar.com\/es\/wp-json\/wp\/v2\/product\/2672","targetHints":{"allow":["GET"]}}],"collection":[{"href":"https:\/\/cosmosolar.com\/es\/wp-json\/wp\/v2\/product"}],"about":[{"href":"https:\/\/cosmosolar.com\/es\/wp-json\/wp\/v2\/types\/product"}],"replies":[{"embeddable":true,"href":"https:\/\/cosmosolar.com\/es\/wp-json\/wp\/v2\/comments?post=2672"}],"wp:featuredmedia":[{"embeddable":true,"href":"https:\/\/cosmosolar.com\/es\/wp-json\/wp\/v2\/media\/2210"}],"wp:attachment":[{"href":"https:\/\/cosmosolar.com\/es\/wp-json\/wp\/v2\/media?parent=2672"}],"wp:term":[{"taxonomy":"product_brand","embeddable":true,"href":"https:\/\/cosmosolar.com\/es\/wp-json\/wp\/v2\/product_brand?post=2672"},{"taxonomy":"product_cat","embeddable":true,"href":"https:\/\/cosmosolar.com\/es\/wp-json\/wp\/v2\/product_cat?post=2672"},{"taxonomy":"product_tag","embeddable":true,"href":"https:\/\/cosmosolar.com\/es\/wp-json\/wp\/v2\/product_tag?post=2672"}],"curies":[{"name":"wp","href":"https:\/\/api.w.org\/{rel}","templated":true}]}}