{"id":2434,"date":"2023-07-04T20:10:15","date_gmt":"2023-07-04T18:10:15","guid":{"rendered":"https:\/\/cosmosolar.com\/?post_type=product&#038;p=2434"},"modified":"2025-11-11T12:03:11","modified_gmt":"2025-11-11T10:03:11","slug":"%ce%b7%ce%bb%ce%b9%ce%b1%ce%ba%ce%bf%ce%af-%ce%b8%ce%b5%cf%81%ce%bc%ce%bf%cf%83%ce%af%cf%86%cf%89%ce%bd%ce%b5%cf%82-glass-gl-120-200","status":"publish","type":"product","link":"https:\/\/cosmosolar.com\/es\/product\/%ce%b7%ce%bb%ce%b9%ce%b1%ce%ba%ce%bf%ce%af-%ce%b8%ce%b5%cf%81%ce%bc%ce%bf%cf%83%ce%af%cf%86%cf%89%ce%bd%ce%b5%cf%82-glass-gl-120-200\/","title":{"rendered":"SISTEMAS SOLARES POR TERMOSIF\u00d3N SERIE GL 120 \u2013 300 con acumuladores de doble vitrificaci\u00f3n"},"content":{"rendered":"<div class=\"wpb-content-wrapper\"><p>[vc_row][vc_column][vc_tta_accordion][vc_tta_section title=\u00bbDocumentos\u00bb tab_id=\u00bb1761317686441-a27310a9-4b8f\u00bb][vc_column_text]<br \/>\n<h4 style='margin-top: 0px;'>GL 120-300<\/h4><ul style='margin-left: 0px;'><\/ul><h4 style='margin-top: 15px;'>Ficha t\u00e9cnica<\/h4><ul style='margin-left: 20px;'><li><a href=\"https:\/\/cosmosolar.com\/wp-content\/uploads\/documents\/english\/SOLAR_WATER_HEATERS\/GL_120-300\/Datasheet\/GL_SERIES_ENAMELED_TECHNICAL_SPECIFICATIONS.pdf\" target=\"_blank\" rel=\"noopener\">\ud83d\udcc4 GL_SERIES_ENAMELED_TECHNICAL_SPECIFICATIONS.pdf<\/a><\/li><\/ul><h4 style='margin-top: 15px;'>Manuales<\/h4><ul style='margin-left: 20px;'><li><a href=\"https:\/\/cosmosolar.com\/wp-content\/uploads\/documents\/english\/SOLAR_WATER_HEATERS\/GL_120-300\/Manual\/SKYLAND_ENGLISH_VERSION.pdf\" target=\"_blank\" rel=\"noopener\">\ud83d\udcc4 SKYLAND_ENGLISH_VERSION.pdf<\/a><\/li><\/ul><br \/>\n[\/vc_column_text][\/vc_tta_section][vc_tta_section title=\u00bbDescripci\u00f3n\u00bb tab_id=\u00bb1761317686455-d10a3957-cc5d\u00bb][vc_column_text]<\/p>\n<table class=\"rtable rtable--flip\">\n<tbody>\n<tr style=\"height: 24px;\">\n<th style=\"text-align: center; height: 24px;\"><strong>MODELO<\/strong><\/th>\n<th style=\"text-align: center; height: 24px;\"><strong>COLECTOR<\/strong><\/th>\n<th style=\"text-align: center; height: 24px;\"><strong>No DE COLECTORES<\/strong><\/th>\n<th style=\"text-align: center; height: 24px;\"><strong>\u00c1REA BRUTA (m\u00b2)<\/strong><\/th>\n<\/tr>\n<tr style=\"height: 24px;\">\n<td style=\"text-align: center; height: 24px;\"><strong>GL 120\/1,95 VER<\/strong><\/td>\n<td style=\"text-align: center; height: 24px;\">EPI 30 NV<\/td>\n<td style=\"text-align: center; height: 24px;\">1 x 1,95 m\u00b2<\/td>\n<td style=\"text-align: center; height: 24px;\">1,95<\/td>\n<\/tr>\n<tr style=\"height: 24px;\">\n<td style=\"text-align: center; height: 24px;\"><strong>GL 120\/2,00 HOR<\/strong><\/td>\n<td style=\"text-align: center; height: 24px;\">EPI 25 NV<\/td>\n<td style=\"text-align: center; height: 24px;\">1 x 2,00 m\u00b2<\/td>\n<td style=\"text-align: center; height: 24px;\">2,00<\/td>\n<\/tr>\n<tr style=\"height: 24px;\">\n<td style=\"text-align: center; height: 24px;\"><strong>GL 150\/2,24 VER<\/strong><\/td>\n<td style=\"text-align: center; height: 24px;\">EPI 16 NV<\/td>\n<td style=\"text-align: center; height: 24px;\">1 x 2,24 m\u00b2<\/td>\n<td style=\"text-align: center; height: 24px;\">2,24<\/td>\n<\/tr>\n<tr style=\"height: 24px;\">\n<td style=\"text-align: center; height: 24px;\"><strong>GL 150\/2,24 HOR<\/strong><\/td>\n<td style=\"text-align: center; height: 24px;\">EPI 16 NV<\/td>\n<td style=\"text-align: center; height: 24px;\">1 x 2,24 m\u00b2<\/td>\n<td style=\"text-align: center; height: 24px;\">2,24<\/td>\n<\/tr>\n<tr style=\"height: 24px;\">\n<td style=\"text-align: center; height: 24px;\"><strong>GL 170\/2,53 VER<\/strong><\/td>\n<td style=\"text-align: center; height: 24px;\">EPI 54 NV<\/td>\n<td style=\"text-align: center; height: 24px;\">1 x 2,53 m\u00b2<\/td>\n<td style=\"text-align: center; height: 24px;\">2,53<\/td>\n<\/tr>\n<tr style=\"height: 24.2px;\">\n<td style=\"text-align: center; height: 24.2px;\"><strong>GL 170\/3,00 VER<\/strong><\/td>\n<td style=\"text-align: center; height: 24.2px;\">EPI 56 KNV<\/td>\n<td style=\"text-align: center; height: 24.2px;\">1 x 3,00 m\u00b2<\/td>\n<td style=\"text-align: center; height: 24.2px;\">3,00<\/td>\n<\/tr>\n<tr style=\"height: 24px;\" bgcolor=\"#CCCCCC\">\n<td style=\"text-align: center; height: 24px;\"><strong>GL 170\/3,10 VER<\/strong><\/td>\n<td style=\"text-align: center; height: 24px;\">EPI 20 NV<\/td>\n<td style=\"text-align: center; height: 24px;\">2 x 1,55 m\u00b2<\/td>\n<td style=\"text-align: center; height: 24px;\">3,10<\/td>\n<\/tr>\n<tr style=\"height: 24px;\">\n<td style=\"text-align: center; height: 24px;\"><strong>GL 200\/3,10 VER<\/strong><\/td>\n<td style=\"text-align: center; height: 24px;\">EPI 20 NV<\/td>\n<td style=\"text-align: center; height: 24px;\">2 x 1,55 m\u00b2<\/td>\n<td style=\"text-align: center; height: 24px;\">3,10<\/td>\n<\/tr>\n<tr style=\"height: 24px;\">\n<td style=\"text-align: center; height: 24px;\"><strong>GL 200\/3,00 HOR<\/strong><\/td>\n<td style=\"text-align: center; height: 24px;\">EPI 56 KNV<\/td>\n<td style=\"text-align: center; height: 24px;\">1 x 3,00 m\u00b2<\/td>\n<td style=\"text-align: center; height: 24px;\">3,00<\/td>\n<\/tr>\n<tr style=\"height: 24px;\">\n<td style=\"text-align: center; height: 24px;\"><strong>GL 200\/3,00 VER<\/strong><\/td>\n<td style=\"text-align: center; height: 24px;\">EPI 56 KNV<\/td>\n<td style=\"text-align: center; height: 24px;\">1 x 3,00 m\u00b2<\/td>\n<td style=\"text-align: center; height: 24px;\">3,00<\/td>\n<\/tr>\n<tr style=\"height: 24px;\">\n<td style=\"text-align: center; height: 24px;\"><strong>GL 200\/4,00 VER<\/strong><\/td>\n<td style=\"text-align: center; height: 24px;\">EPI 25 NV<\/td>\n<td style=\"text-align: center; height: 24px;\">2 x 2,00 m\u00b2<\/td>\n<td style=\"text-align: center; height: 24px;\">4,00<\/td>\n<\/tr>\n<tr style=\"height: 24px;\">\n<td style=\"text-align: center; height: 24px;\"><strong>GL 300\/4,00 VER<\/strong><\/td>\n<td style=\"text-align: center; height: 24px;\">EPI 25 NV<\/td>\n<td style=\"text-align: center; height: 24px;\">2 x 2,00 m\u00b2<\/td>\n<td style=\"text-align: center; height: 24px;\">4,00<\/td>\n<\/tr>\n<\/tbody>\n<\/table>\n<p><img loading=\"lazy\" decoding=\"async\" class=\"aligncenter wp-image-2107 size-full\" style=\"color: #787878; font-family: 'Open Sans', sans-serif; font-size: 14px; text-align: justify;\" src=\"https:\/\/cosmosolar.com\/wp-content\/uploads\/2020\/04\/skyland-dimensions.jpg\" alt=\"\" width=\"581\" height=\"383\" srcset=\"https:\/\/cosmosolar.com\/wp-content\/uploads\/2020\/04\/skyland-dimensions.jpg 581w, https:\/\/cosmosolar.com\/wp-content\/uploads\/2020\/04\/skyland-dimensions-300x198.jpg 300w\" sizes=\"auto, (max-width: 581px) 100vw, 581px\" \/><\/p>\n<table class=\"rtable rtable--flip\">\n<tbody>\n<tr>\n<th style=\"text-align: center;\"><strong>MODELO<\/strong><\/th>\n<th style=\"text-align: center;\"><strong>No DE COLECTORES<\/strong><\/th>\n<th style=\"text-align: center;\"><strong>\u00a0\u00c1REA BRUTA (m\u00b2)<\/strong><\/th>\n<th class=\"colspan2\" style=\"text-align: center;\" colspan=\"2\"><strong>DIMENSIONES ACUMULADOR (mm)<\/strong><\/th>\n<th class=\"colspan3\" style=\"text-align: center;\" colspan=\"3\"><strong>DIMENSIONES DE LOS COLECTORES (mm)<\/strong><\/th>\n<th style=\"text-align: center;\"><strong>(mm)<\/strong><\/th>\n<th style=\"text-align: center;\"><strong>(mm)<\/strong><\/th>\n<th style=\"text-align: center;\"><strong>(mm)<\/strong><\/th>\n<th style=\"text-align: center;\"><strong>(mm)<\/strong><\/th>\n<th style=\"text-align: center;\"><strong>PESO EN VAC\u00cdO(kg)<\/strong><\/th>\n<\/tr>\n<tr>\n<td style=\"text-align: center;\"><\/td>\n<td style=\"text-align: center;\"><\/td>\n<td style=\"text-align: center;\"><\/td>\n<td style=\"text-align: center;\"><strong>\u0391<\/strong><\/td>\n<td style=\"text-align: center;\"><strong>\u0392<\/strong><\/td>\n<td style=\"text-align: center;\"><strong>C<\/strong><\/td>\n<td style=\"text-align: center;\"><strong>D<\/strong><\/td>\n<td style=\"text-align: center;\"><strong>E<\/strong><\/td>\n<td style=\"text-align: center;\"><strong>F<\/strong><\/td>\n<td style=\"text-align: center;\"><strong>G<\/strong><\/td>\n<td style=\"text-align: center;\"><strong>H<\/strong><\/td>\n<td style=\"text-align: center;\"><strong>I<\/strong><\/td>\n<td style=\"text-align: center;\"><\/td>\n<\/tr>\n<tr>\n<td style=\"text-align: center;\"><strong>GL 120\/1,95 VER<\/strong><\/td>\n<td style=\"text-align: center;\">1 x 1,95<\/td>\n<td style=\"text-align: center;\">1,95<\/td>\n<td style=\"text-align: center;\">500<\/td>\n<td style=\"text-align: center;\">1120<\/td>\n<td style=\"text-align: center;\">1317<\/td>\n<td style=\"text-align: center;\">1517<\/td>\n<td style=\"text-align: center;\">85<\/td>\n<td style=\"text-align: center;\">1317<\/td>\n<td style=\"text-align: center;\">1550<\/td>\n<td style=\"text-align: center;\">860<\/td>\n<td style=\"text-align: center;\">1750<\/td>\n<td style=\"text-align: center;\">103,50<\/td>\n<\/tr>\n<tr>\n<td style=\"text-align: center;\"><strong>GL 120\/2,00 HOR<\/strong><\/td>\n<td style=\"text-align: center;\">1 x 2,00<\/td>\n<td style=\"text-align: center;\">2,00<\/td>\n<td style=\"text-align: center;\">500<\/td>\n<td style=\"text-align: center;\">1120<\/td>\n<td style=\"text-align: center;\">2017<\/td>\n<td style=\"text-align: center;\">1017<\/td>\n<td style=\"text-align: center;\">85<\/td>\n<td style=\"text-align: center;\">2017<\/td>\n<td style=\"text-align: center;\">1125<\/td>\n<td style=\"text-align: center;\">860<\/td>\n<td style=\"text-align: center;\">1405<\/td>\n<td style=\"text-align: center;\">117,00<\/td>\n<\/tr>\n<tr>\n<td style=\"text-align: center;\"><strong>GL 150\/2,24 VER<\/strong><\/td>\n<td style=\"text-align: center;\">1 x 2,24<\/td>\n<td style=\"text-align: center;\">2,24<\/td>\n<td style=\"text-align: center;\">500<\/td>\n<td style=\"text-align: center;\">1300<\/td>\n<td style=\"text-align: center;\">1197<\/td>\n<td style=\"text-align: center;\">1917<\/td>\n<td style=\"text-align: center;\">85<\/td>\n<td style=\"text-align: center;\">1197<\/td>\n<td style=\"text-align: center;\">1830<\/td>\n<td style=\"text-align: center;\">1080<\/td>\n<td style=\"text-align: center;\">2000<\/td>\n<td style=\"text-align: center;\">121,00<\/td>\n<\/tr>\n<tr>\n<td style=\"text-align: center;\"><strong>GL 150\/2,24 HOR<\/strong><\/td>\n<td style=\"text-align: center;\">1 x 2,24<\/td>\n<td style=\"text-align: center;\">2,24<\/td>\n<td style=\"text-align: center;\">500<\/td>\n<td style=\"text-align: center;\">1300<\/td>\n<td style=\"text-align: center;\">1917<\/td>\n<td style=\"text-align: center;\">1197<\/td>\n<td style=\"text-align: center;\">85<\/td>\n<td style=\"text-align: center;\">1917<\/td>\n<td style=\"text-align: center;\">1370<\/td>\n<td style=\"text-align: center;\">1080<\/td>\n<td style=\"text-align: center;\">1500<\/td>\n<td style=\"text-align: center;\">121,00<\/td>\n<\/tr>\n<tr>\n<td style=\"text-align: center;\"><strong>GL 170\/2,53 VER<\/strong><\/td>\n<td style=\"text-align: center;\">1 x 2,53<\/td>\n<td style=\"text-align: center;\">2,53<\/td>\n<td style=\"text-align: center;\">580<\/td>\n<td style=\"text-align: center;\">1200<\/td>\n<td style=\"text-align: center;\">1277<\/td>\n<td style=\"text-align: center;\">2017<\/td>\n<td style=\"text-align: center;\">85<\/td>\n<td style=\"text-align: center;\">1277<\/td>\n<td style=\"text-align: center;\">1955<\/td>\n<td style=\"text-align: center;\">1080<\/td>\n<td style=\"text-align: center;\">2000<\/td>\n<td style=\"text-align: center;\">128,00<\/td>\n<\/tr>\n<tr>\n<td style=\"text-align: center;\"><strong>GL 170\/3,10 VER<\/strong><\/td>\n<td style=\"text-align: center;\">2 x 1,55<\/td>\n<td style=\"text-align: center;\">3,10<\/td>\n<td style=\"text-align: center;\">580<\/td>\n<td style=\"text-align: center;\">1200<\/td>\n<td style=\"text-align: center;\">2017<\/td>\n<td style=\"text-align: center;\">1517<\/td>\n<td style=\"text-align: center;\">85<\/td>\n<td style=\"text-align: center;\">2017<\/td>\n<td style=\"text-align: center;\">1550<\/td>\n<td style=\"text-align: center;\">1080<\/td>\n<td style=\"text-align: center;\">1750<\/td>\n<td style=\"text-align: center;\">138,00<\/td>\n<\/tr>\n<tr>\n<td style=\"text-align: center;\"><strong>GL 170\/3,10 VER<\/strong><\/td>\n<td style=\"text-align: center;\">2 x 1,55<\/td>\n<td style=\"text-align: center;\">3,10<\/td>\n<td style=\"text-align: center;\">580<\/td>\n<td style=\"text-align: center;\">1200<\/td>\n<td style=\"text-align: center;\">1017<\/td>\n<td style=\"text-align: center;\">1517<\/td>\n<td style=\"text-align: center;\">90<\/td>\n<td style=\"text-align: center;\">2184<\/td>\n<td style=\"text-align: center;\">1550<\/td>\n<td style=\"text-align: center;\">1080<\/td>\n<td style=\"text-align: center;\">1750<\/td>\n<td style=\"text-align: center;\">134,00<\/td>\n<\/tr>\n<tr>\n<td style=\"text-align: center;\"><strong>GL 200\/3,10 VER<\/strong><\/td>\n<td style=\"text-align: center;\">2 x 1,55<\/td>\n<td style=\"text-align: center;\">3,10<\/td>\n<td style=\"text-align: center;\">580<\/td>\n<td style=\"text-align: center;\">1320<\/td>\n<td style=\"text-align: center;\">1017<\/td>\n<td style=\"text-align: center;\">1517<\/td>\n<td style=\"text-align: center;\">85<\/td>\n<td style=\"text-align: center;\">2184<\/td>\n<td style=\"text-align: center;\">1555<\/td>\n<td style=\"text-align: center;\">1080<\/td>\n<td style=\"text-align: center;\">1830<\/td>\n<td style=\"text-align: center;\">140,00<\/td>\n<\/tr>\n<tr>\n<td style=\"text-align: center;\"><strong>GL 200\/3,00 HOR<\/strong><\/td>\n<td style=\"text-align: center;\">1 x 3,00<\/td>\n<td style=\"text-align: center;\">3,00<\/td>\n<td style=\"text-align: center;\">580<\/td>\n<td style=\"text-align: center;\">1320<\/td>\n<td style=\"text-align: center;\">1517<\/td>\n<td style=\"text-align: center;\">2017<\/td>\n<td style=\"text-align: center;\">85<\/td>\n<td style=\"text-align: center;\">1517<\/td>\n<td style=\"text-align: center;\">1955<\/td>\n<td style=\"text-align: center;\">1080<\/td>\n<td style=\"text-align: center;\">2080<\/td>\n<td style=\"text-align: center;\">144,00<\/td>\n<\/tr>\n<tr>\n<td style=\"text-align: center;\"><strong>GL 200\/3,00 VER<\/strong><\/td>\n<td style=\"text-align: center;\">2 x 3,00<\/td>\n<td style=\"text-align: center;\">3,00<\/td>\n<td style=\"text-align: center;\">580<\/td>\n<td style=\"text-align: center;\">1320<\/td>\n<td style=\"text-align: center;\">2017<\/td>\n<td style=\"text-align: center;\">1517<\/td>\n<td style=\"text-align: center;\">85<\/td>\n<td style=\"text-align: center;\">2017<\/td>\n<td style=\"text-align: center;\">1550<\/td>\n<td style=\"text-align: center;\">1080<\/td>\n<td style=\"text-align: center;\">1830<\/td>\n<td style=\"text-align: center;\">144,00<\/td>\n<\/tr>\n<tr>\n<td style=\"text-align: center;\"><strong>GL 200\/4,00 VER<\/strong><\/td>\n<td style=\"text-align: center;\">2 x 2,00<\/td>\n<td style=\"text-align: center;\">4,00<\/td>\n<td style=\"text-align: center;\">580<\/td>\n<td style=\"text-align: center;\">1320<\/td>\n<td style=\"text-align: center;\">1017<\/td>\n<td style=\"text-align: center;\">2017<\/td>\n<td style=\"text-align: center;\">85<\/td>\n<td style=\"text-align: center;\">2184<\/td>\n<td style=\"text-align: center;\">1955<\/td>\n<td style=\"text-align: center;\">1080<\/td>\n<td style=\"text-align: center;\">2080<\/td>\n<td style=\"text-align: center;\">161,00<\/td>\n<\/tr>\n<tr>\n<td style=\"text-align: center;\"><strong>GL 300\/4,00 VER<\/strong><\/td>\n<td style=\"text-align: center;\">2 x 2,00<\/td>\n<td style=\"text-align: center;\">4,00<\/td>\n<td style=\"text-align: center;\">580<\/td>\n<td style=\"text-align: center;\">1820<\/td>\n<td style=\"text-align: center;\">1017<\/td>\n<td style=\"text-align: center;\">2017<\/td>\n<td style=\"text-align: center;\">85<\/td>\n<td style=\"text-align: center;\">2184<\/td>\n<td style=\"text-align: center;\">1955<\/td>\n<td style=\"text-align: center;\">1080<\/td>\n<td style=\"text-align: center;\">2080<\/td>\n<td style=\"text-align: center;\">201,00<\/td>\n<\/tr>\n<\/tbody>\n<\/table>\n<p>[\/vc_column_text][\/vc_tta_section][\/vc_tta_accordion][\/vc_column][\/vc_row]<\/p>\n<\/div>","protected":false},"excerpt":{"rendered":"<p>Manual: Descargue el manual pinchando aqu\u00ed <a href=\"https:\/\/www.cosmosolar.com\/wp-content\/uploads\/2020\/04\/Manual-solar_NV_GL.pdf\" target=\"_blank\" rel=\"noopener noreferrer\">clicking Here<\/a> o pinchando\u00a0 en\u00a0 el\u00a0 icono\u00a0 por la derecha<a href=\"https:\/\/www.cosmosolar.com\/wp-content\/uploads\/2020\/04\/Manual-solar_NV_GL.pdf\" target=\"_blank\" rel=\"noopener noreferrer\"><img loading=\"lazy\" decoding=\"async\" class=\"wp-image-1485 size-full alignright\" src=\"https:\/\/www.cosmosolar.com\/wp-content\/uploads\/2020\/04\/manual-cosmosolar.png\" alt=\"Manual\" width=\"58\" height=\"60\" \/><\/a><\/p>\n<p style=\"text-align: left;\"><span style=\"color: #0000ff;\"><strong>Descripci\u00f3n t\u00e9cnica de los sistemas termosif\u00f3nicos familia <\/strong><strong>GL<\/strong><\/span><\/p>\n<p><span style=\"color: #ff6600;\"><strong><em>SOLAR KEYMARK CERTIFICADOS<\/em><\/strong><\/span><\/p>\n<table class=\"woocommerce-product-attributes shop_attributes\" style=\"width: 698px;\">\n<tbody>\n<tr class=\"woocommerce-product-attributes-item woocommerce-product-attributes-item--attribute_%ce%b5%ce%be%cf%89%cf%84%ce%b5%cf%81%ce%b9%ce%ba%cf%8c-%cf%80%ce%b5%cf%81%ce%af%ce%b2%ce%bb%ce%b7%ce%bc%ce%b1-%ce%b8%ce%b5%cf%81%ce%bc%ce%bf%ce%b4%ce%bf%cf%87%ce%b5%ce%af%ce%bf%cf%85\" style=\"height: 48px;\">\n<th class=\"woocommerce-product-attributes-item__label\" style=\"width: 225px; height: 48px;\"><span style=\"color: #008000;\">Carcasa exterior del acumulador<\/span><\/th>\n<td class=\"woocommerce-product-attributes-item__value\" style=\"width: 457px; height: 48px;\">de aluminio pintado con pintura electrost\u00e1tica de horno tipo Seaside Glass<\/td>\n<\/tr>\n<tr class=\"woocommerce-product-attributes-item woocommerce-product-attributes-item--attribute_%cf%87%cf%81%cf%8e%ce%bc%ce%b1\" style=\"height: 24px;\">\n<th class=\"woocommerce-product-attributes-item__label\" style=\"width: 225px; height: 24px;\"><span style=\"color: #008000;\">Color<\/span><\/th>\n<td class=\"woocommerce-product-attributes-item__value\" style=\"width: 457px; height: 24px;\">RAL9006<\/td>\n<\/tr>\n<tr class=\"woocommerce-product-attributes-item woocommerce-product-attributes-item--attribute_%ce%b5%cf%83%cf%89%cf%84%ce%b5%cf%81%ce%b9%ce%ba%cf%8c-%ce%bc%ce%ad%cf%81%ce%bf%cf%82-%ce%b8%ce%b5%cf%81%ce%bc%ce%bf%ce%b4%ce%bf%cf%87%ce%b5%ce%af%ce%bf%cf%85\" style=\"height: 48px;\">\n<th class=\"woocommerce-product-attributes-item__label\" style=\"width: 225px; height: 48px;\"><span style=\"color: #008000;\">Tanque interior<\/span><\/th>\n<td class=\"woocommerce-product-attributes-item__value\" style=\"width: 457px; height: 48px;\">de acero de bajo carbono, espesor de 3mm doble vitrificado a temperatura de 860\u00b0C seg\u00fan el est\u00e1ndar DIN 4753<\/td>\n<\/tr>\n<tr class=\"woocommerce-product-attributes-item woocommerce-product-attributes-item--attribute_%ce%bc%ce%b1%ce%bd%ce%b4%cf%8d%ce%b1%cf%82-%ce%ba%ce%bb%ce%b5%ce%b9%cf%83%cf%84%ce%bf%cf%8d-%ce%ba%cf%85%ce%ba%ce%bb%cf%8e%ce%bc%ce%b1%cf%84%ce%bf%cf%82\" style=\"height: 24px;\">\n<th class=\"woocommerce-product-attributes-item__label\" style=\"width: 225px; height: 24px;\"><span style=\"color: #008000;\">Intercambiador<\/span><\/th>\n<td class=\"woocommerce-product-attributes-item__value\" style=\"width: 457px; height: 24px;\">del mismo material y espesor de 1.5mm<\/td>\n<\/tr>\n<tr class=\"woocommerce-product-attributes-item woocommerce-product-attributes-item--attribute_%ce%bc%cf%8c%ce%bd%cf%89%cf%83%ce%b7-%ce%b8%ce%b5%cf%81%ce%bc%ce%bf%ce%b4%ce%bf%cf%87%ce%b5%ce%af%ce%bf%cf%85\" style=\"height: 48px;\">\n<th class=\"woocommerce-product-attributes-item__label\" style=\"width: 225px; height: 48px;\"><span style=\"color: #008000;\">Aislamiento del acumulador<\/span><\/th>\n<td class=\"woocommerce-product-attributes-item__value\" style=\"width: 457px; height: 48px;\">de P.U. ecol\u00f3gico, libre de CFC [52kgr\/m\u00b3] con espesor de 50mm<\/td>\n<\/tr>\n<tr class=\"woocommerce-product-attributes-item woocommerce-product-attributes-item--attribute_%ce%ba%ce%b1%ce%b8%ce%bf%ce%b4%ce%b9%ce%ba%ce%ae-%cf%80%cf%81%ce%bf%cf%83%cf%84%ce%b1%cf%83%ce%af%ce%b1-%ce%b1%cf%80%cf%8c-%cf%84%ce%bf-%cf%86%ce%b1%ce%b9%ce%bd%cf%8c%ce%bc%ce%b5%ce%bd%ce%bf-%cf%84\" style=\"height: 24px;\">\n<th class=\"woocommerce-product-attributes-item__label\" style=\"width: 225px; height: 24px;\"><span style=\"color: #008000;\">Protecci\u00f3n cat\u00f3dica<\/span><\/th>\n<td class=\"woocommerce-product-attributes-item__value\" style=\"width: 457px; height: 24px;\">con \u00e1nodo de magnesio \u220522mm y L = 500mm<\/td>\n<\/tr>\n<tr class=\"woocommerce-product-attributes-item woocommerce-product-attributes-item--attribute_%ce%b7%ce%bb%ce%b5%ce%ba%cf%84%cf%81%ce%b9%ce%ba%ce%ae-%ce%b1%ce%bd%cf%84%ce%af%cf%83%cf%84%ce%b1%cf%83%ce%b7\" style=\"height: 48px;\">\n<th class=\"woocommerce-product-attributes-item__label\" style=\"width: 225px; height: 48px;\"><span style=\"color: #008000;\">Resistencia el\u00e9ctrica<\/span><\/th>\n<td class=\"woocommerce-product-attributes-item__value\" style=\"width: 457px; height: 48px;\">de 1,5 a 4 kW seg\u00fan el pa\u00eds de destino (y quando no est\u00e1 prohibido por las leyes locales) con termostato de seguridad<\/td>\n<\/tr>\n<tr class=\"woocommerce-product-attributes-item woocommerce-product-attributes-item--attribute_%ce%b5%ce%bd%ce%b1%ce%bb%ce%bb%ce%ac%ce%ba%cf%84%ce%b7%cf%82\" style=\"height: 48px;\">\n<th class=\"woocommerce-product-attributes-item__label\" style=\"width: 225px; height: 48px;\"><span style=\"color: #008000;\">Serpent\u00edn PLUS<\/span><\/th>\n<td class=\"woocommerce-product-attributes-item__value\" style=\"width: 457px; height: 48px;\">(bajo pedido) que puede ser conectado con caldera o pompa de calor para aprovecharse de la fuente energ\u00e9tica ya instalada<\/td>\n<\/tr>\n<tr class=\"woocommerce-product-attributes-item woocommerce-product-attributes-item--attribute_%ce%b5%ce%b9%ce%b4%ce%b9%ce%ba%cf%8c%cf%82-%ce%b4%ce%b9%ce%b1%cf%83%ce%ba%ce%bf%cf%81%cf%80%ce%b9%cf%83%cf%84%ce%ae%cf%82-energon\" style=\"height: 48px;\">\n<th class=\"woocommerce-product-attributes-item__label\" style=\"width: 225px; height: 48px;\"><span style=\"color: #008000;\">Difusor especial ENERGON<\/span><\/th>\n<td class=\"woocommerce-product-attributes-item__value\" style=\"width: 457px; height: 48px;\">que aumenta el rendimiento del\u00a0 acumulador hasta un 30%<\/td>\n<\/tr>\n<tr class=\"woocommerce-product-attributes-item woocommerce-product-attributes-item--attribute_%cf%80%ce%bb%ce%b1%ce%af%cf%83%ce%b9%ce%bf-%cf%83%cf%85%ce%bb%ce%bb%ce%ad%ce%ba%cf%84%ce%b7\" style=\"height: 24px;\">\n<th class=\"woocommerce-product-attributes-item__label\" style=\"width: 225px; height: 24px;\"><span style=\"color: #008000;\">Perfil de colector<\/span><\/th>\n<td class=\"woocommerce-product-attributes-item__value\" style=\"width: 457px; height: 24px;\">de\u00a0 aluminio (Al Mg Si 0.5) pintado con pintura electrost\u00e1tica de horno tipo Seaside Class<\/td>\n<\/tr>\n<tr class=\"woocommerce-product-attributes-item woocommerce-product-attributes-item--attribute_%ce%b5%cf%80%ce%b9%ce%bb%ce%b5%ce%ba%cf%84%ce%b9%ce%ba%cf%8c%cf%82-%ce%b1%cf%80%ce%bf%cf%81%cf%81%ce%bf%cf%86%ce%b7%cf%84%ce%ae%cf%82-%cf%84%ce%b9%cf%84%ce%b1%ce%bd%ce%af%ce%bf%cf%85\" style=\"height: 48px;\">\n<th class=\"woocommerce-product-attributes-item__label\" style=\"width: 225px; height: 48px;\"><span style=\"color: #008000;\">Absorbedor selectivo de titanio<\/span><\/th>\n<td class=\"woocommerce-product-attributes-item__value\" style=\"width: 457px; height: 48px;\">soldado sobre la parrilla de tubos con laser<\/td>\n<\/tr>\n<tr class=\"woocommerce-product-attributes-item woocommerce-product-attributes-item--attribute_%cf%83%cf%85%ce%bd%cf%84%ce%b5%ce%bb%ce%b5%cf%83%cf%84%ce%ae%cf%82-%ce%b1%cf%80%ce%bf%cf%81%cf%81%cf%8c%cf%86%ce%b7%cf%83%ce%b7%cf%82\" style=\"height: 24px;\">\n<th class=\"woocommerce-product-attributes-item__label\" style=\"width: 225px; height: 24px;\"><span style=\"color: #008000;\">Coeficiente de absorci\u00f3n<\/span><\/th>\n<td class=\"woocommerce-product-attributes-item__value\" style=\"width: 457px; height: 24px;\">\u03b1 \u2265 0.95 \u00b1 0.02<\/td>\n<\/tr>\n<tr class=\"woocommerce-product-attributes-item woocommerce-product-attributes-item--attribute_%cf%83%cf%85%ce%bd%cf%84%ce%b5%ce%bb%ce%b5%cf%83%cf%84%ce%ae%cf%82-%ce%b5%ce%ba%cf%80%ce%bf%ce%bc%cf%80%ce%ae%cf%82\" style=\"height: 24px;\">\n<th class=\"woocommerce-product-attributes-item__label\" style=\"width: 225px; height: 24px;\"><span style=\"color: #008000;\">Coeficiente de emisi\u00f3n<\/span><\/th>\n<td class=\"woocommerce-product-attributes-item__value\" style=\"width: 457px; height: 24px;\">\u03b5 \u2264 0.05 \u00b1 0.02<\/td>\n<\/tr>\n<tr class=\"woocommerce-product-attributes-item woocommerce-product-attributes-item--attribute_%ce%ac%ce%b8%cf%81%ce%b1%cf%85%cf%83%cf%84%ce%bf-%ce%ba%cf%81%cf%8d%cf%83%cf%84%ce%b1%ce%bb%ce%bb%ce%bf-%ce%b1%cf%83%cf%86%ce%b1%ce%bb%ce%b5%ce%af%ce%b1%cf%82\" style=\"height: 24px;\">\n<th class=\"woocommerce-product-attributes-item__label\" style=\"width: 225px; height: 24px;\"><span style=\"color: #008000;\">Vidrio de seguridad<\/span><\/th>\n<td class=\"woocommerce-product-attributes-item__value\" style=\"width: 457px; height: 24px;\">de espesor de 3,2mm, de bajo contenido en hierro<\/td>\n<\/tr>\n<tr class=\"woocommerce-product-attributes-item woocommerce-product-attributes-item--attribute_%ce%b2%ce%ac%cf%83%ce%b7-%ce%b7%ce%bb%ce%b9%ce%b1%ce%ba%ce%bf%cf%8d-%ce%b8%ce%b5%cf%81%ce%bc%ce%bf%cf%83%ce%af%cf%86%cf%89%ce%bd%ce%b1\" style=\"height: 24px;\">\n<th class=\"woocommerce-product-attributes-item__label\" style=\"width: 225px; height: 24px;\"><span style=\"color: #008000;\">Estructura soporte<\/span><\/th>\n<td class=\"woocommerce-product-attributes-item__value\" style=\"width: 457px; height: 24px;\">diferente para terraza (45 grados) y tejado, de acero galvanizado en caliente<\/td>\n<\/tr>\n<\/tbody>\n<\/table>\n","protected":false},"featured_media":1488,"comment_status":"open","ping_status":"closed","template":"","meta":[],"product_brand":[],"product_cat":[58],"product_tag":[73,76,74,75],"class_list":{"0":"post-2434","1":"product","2":"type-product","3":"status-publish","4":"has-post-thumbnail","6":"product_cat-hliakoi-thermosifones","7":"product_tag-gl-120-200","8":"product_tag-glass-gl","9":"product_tag-74","10":"product_tag-75","12":"first","13":"instock","14":"product-type-simple"},"_links":{"self":[{"href":"https:\/\/cosmosolar.com\/es\/wp-json\/wp\/v2\/product\/2434","targetHints":{"allow":["GET"]}}],"collection":[{"href":"https:\/\/cosmosolar.com\/es\/wp-json\/wp\/v2\/product"}],"about":[{"href":"https:\/\/cosmosolar.com\/es\/wp-json\/wp\/v2\/types\/product"}],"replies":[{"embeddable":true,"href":"https:\/\/cosmosolar.com\/es\/wp-json\/wp\/v2\/comments?post=2434"}],"wp:featuredmedia":[{"embeddable":true,"href":"https:\/\/cosmosolar.com\/es\/wp-json\/wp\/v2\/media\/1488"}],"wp:attachment":[{"href":"https:\/\/cosmosolar.com\/es\/wp-json\/wp\/v2\/media?parent=2434"}],"wp:term":[{"taxonomy":"product_brand","embeddable":true,"href":"https:\/\/cosmosolar.com\/es\/wp-json\/wp\/v2\/product_brand?post=2434"},{"taxonomy":"product_cat","embeddable":true,"href":"https:\/\/cosmosolar.com\/es\/wp-json\/wp\/v2\/product_cat?post=2434"},{"taxonomy":"product_tag","embeddable":true,"href":"https:\/\/cosmosolar.com\/es\/wp-json\/wp\/v2\/product_tag?post=2434"}],"curies":[{"name":"wp","href":"https:\/\/api.w.org\/{rel}","templated":true}]}}