{"id":1789,"date":"2020-04-13T16:40:55","date_gmt":"2020-04-13T16:40:55","guid":{"rendered":"https:\/\/www.cosmosolar.com\/?post_type=product&#038;p=1789"},"modified":"2025-11-11T14:30:56","modified_gmt":"2025-11-11T12:30:56","slug":"%ce%b4%ce%bf%cf%87%ce%b5%ce%af%ce%b1-%ce%b1%ce%b4%cf%81%ce%b1%ce%bd%ce%b5%ce%af%ce%b1%cf%82-%ce%bc%ce%b5-inox-%cf%83%ce%b5%cf%81%cf%80%ce%b1%ce%bd%cf%84%ce%af%ce%bd%ce%b1","status":"publish","type":"product","link":"https:\/\/cosmosolar.com\/es\/product\/%ce%b4%ce%bf%cf%87%ce%b5%ce%af%ce%b1-%ce%b1%ce%b4%cf%81%ce%b1%ce%bd%ce%b5%ce%af%ce%b1%cf%82-%ce%bc%ce%b5-inox-%cf%83%ce%b5%cf%81%cf%80%ce%b1%ce%bd%cf%84%ce%af%ce%bd%ce%b1\/","title":{"rendered":"Acumuladores de inercia con serpent\u00edn de acero inoxidable para producci\u00f3n de A.C.S."},"content":{"rendered":"<div class=\"wpb-content-wrapper\"><p>[vc_row][vc_column][vc_tta_accordion][vc_tta_section title=\u00bbDocumentos\u00bb tab_id=\u00bb1761317686441-a27310a9-4b8f\u00bb][vc_column_text]<br \/>\n<h4 style='margin-top: 0px;'>Acumuladores de inercia con serpent\u00edn de acero inoxidable para producci\u00f3n de A.C.S.<\/h4><ul style='margin-left: 0px;'><\/ul><h4 style='margin-top: 15px;'>Ficha t\u00e9cnica<\/h4><ul style='margin-left: 20px;'><li><a href=\"https:\/\/cosmosolar.com\/wp-content\/uploads\/documents\/english\/BUFFER_TANKS\/STAINLESS_STEEEL_COIL\/Datasheet\/BUFFERS_WITH_INOX_COIL.pdf\" target=\"_blank\" rel=\"noopener\">\ud83d\udcc4 BUFFERS_WITH_INOX_COIL.pdf<\/a><\/li><\/ul><br \/>\n[\/vc_column_text][\/vc_tta_section][vc_tta_section title=\u00bbDescripci\u00f3n\u00bb tab_id=\u00bb1761317686455-d10a3957-cc5d\u00bb][vc_column_text]<br \/>\n<span style=\"color: #0000ff;\"><strong>Acumuladores de inercia <\/strong><strong>para integraci\u00f3n con sistemas de calefacci\u00f3n y<\/strong><strong>\u00a0ser<\/strong><strong>pent\u00edn para A.C.S.\u00a0<\/strong><\/span><\/p>\n<p>Con serpent\u00edn de acero inoxidable para A.C.S.<\/p>\n<table style=\"width: 684px;\">\n<tbody>\n<tr>\n<td style=\"width: 142.113px; text-align: center;\"><strong>ART\u00cdCULO<\/strong><\/td>\n<td style=\"width: 109.887px; text-align: center;\"><strong>DI\u00c1METRO (mm)<\/strong><\/td>\n<td style=\"width: 104px; text-align: center;\"><strong>ALTURA (mm)<\/strong><\/td>\n<td style=\"width: 99px; text-align: center;\"><strong>CAPACIDAD (Lt)<\/strong><\/td>\n<td style=\"width: 190px; text-align: center;\"><strong>PESO VAC\u00cdO (Kg)<\/strong><\/td>\n<\/tr>\n<tr>\n<td style=\"width: 142.113px;\"><strong>COS-300FRES-0P<\/strong><\/td>\n<td style=\"width: 109.887px; text-align: center;\">630<\/td>\n<td style=\"width: 104px; text-align: center;\">1800<\/td>\n<td style=\"width: 99px; text-align: center;\">279<\/td>\n<td style=\"width: 190px; text-align: center;\">90<\/td>\n<\/tr>\n<tr>\n<td style=\"width: 142.113px;\"><strong>COS-500FRES-0P<\/strong><\/td>\n<td style=\"width: 109.887px; text-align: center;\">850<\/td>\n<td style=\"width: 104px; text-align: center;\">1800<\/td>\n<td style=\"width: 99px; text-align: center;\">459<\/td>\n<td style=\"width: 190px; text-align: center;\">126<\/td>\n<\/tr>\n<tr>\n<td style=\"width: 142.113px;\"><strong>COS-800FRES-0P<\/strong><\/td>\n<td style=\"width: 109.887px; text-align: center;\">1050<\/td>\n<td style=\"width: 104px; text-align: center;\">1800<\/td>\n<td style=\"width: 99px; text-align: center;\">726<\/td>\n<td style=\"width: 190px; text-align: center;\">179<\/td>\n<\/tr>\n<tr>\n<td style=\"width: 142.113px;\"><strong>COS-1000FRES-0P<\/strong><\/td>\n<td style=\"width: 109.887px; text-align: center;\">1050<\/td>\n<td style=\"width: 104px; text-align: center;\">2000<\/td>\n<td style=\"width: 99px; text-align: center;\">845<\/td>\n<td style=\"width: 190px; text-align: center;\">204<\/td>\n<\/tr>\n<tr>\n<td style=\"width: 142.113px;\"><strong>COS-1500FRES-0P<\/strong><\/td>\n<td style=\"width: 109.887px; text-align: center;\">1400<\/td>\n<td style=\"width: 104px; text-align: center;\">1800<\/td>\n<td style=\"width: 99px; text-align: center;\">1602<\/td>\n<td style=\"width: 190px; text-align: center;\">276<\/td>\n<\/tr>\n<tr>\n<td style=\"width: 142.113px;\"><strong>COS-2000FRES-0P<\/strong><\/td>\n<td style=\"width: 109.887px; text-align: center;\">1400<\/td>\n<td style=\"width: 104px; text-align: center;\">2000<\/td>\n<td style=\"width: 99px; text-align: center;\">1881<\/td>\n<td style=\"width: 190px; text-align: center;\">311<\/td>\n<\/tr>\n<\/tbody>\n<\/table>\n<p>Con serpent\u00edn de acero inoxidable para A.C.S. y un serpent\u00edn convecional (solar o calefacci\u00f3n)<\/p>\n<table style=\"width: 688px;\">\n<tbody>\n<tr>\n<td style=\"width: 142px;\"><strong>ART\u00cdCULO<\/strong><\/td>\n<td style=\"width: 116px;\"><strong>DI\u00c1METRO (mm)<\/strong><\/td>\n<td style=\"width: 99px;\"><strong>ALTURA (mm)<\/strong><\/td>\n<td style=\"width: 104.837px;\"><strong>CAPACIDAD (Lt)<\/strong><\/td>\n<td style=\"width: 193.163px;\"><strong>PESO VAC\u00cdO (Kg)<\/strong><\/td>\n<\/tr>\n<tr>\n<td style=\"width: 142px;\"><strong>COS-300FRES-1P<\/strong><\/td>\n<td style=\"width: 116px;\">630<\/td>\n<td style=\"width: 99px;\">1800<\/td>\n<td style=\"width: 104.837px;\">279<\/td>\n<td style=\"width: 193.163px;\">113<\/td>\n<\/tr>\n<tr>\n<td style=\"width: 142px;\"><strong>COS-500FRES-1P<\/strong><\/td>\n<td style=\"width: 116px;\">850<\/td>\n<td style=\"width: 99px;\">1800<\/td>\n<td style=\"width: 104.837px;\">443<\/td>\n<td style=\"width: 193.163px;\">156<\/td>\n<\/tr>\n<tr>\n<td style=\"width: 142px;\"><strong>COS-800FRES-1P<\/strong><\/td>\n<td style=\"width: 116px;\">1050<\/td>\n<td style=\"width: 99px;\">1800<\/td>\n<td style=\"width: 104.837px;\">706<\/td>\n<td style=\"width: 193.163px;\">224<\/td>\n<\/tr>\n<tr>\n<td style=\"width: 142px;\"><strong>COS-1000FRES-1P<\/strong><\/td>\n<td style=\"width: 116px;\">1050<\/td>\n<td style=\"width: 99px;\">2000<\/td>\n<td style=\"width: 104.837px;\">824<\/td>\n<td style=\"width: 193.163px;\">254<\/td>\n<\/tr>\n<tr>\n<td style=\"width: 142px;\"><strong>COS-1500FRES-1P<\/strong><\/td>\n<td style=\"width: 116px;\">1400<\/td>\n<td style=\"width: 99px;\">1800<\/td>\n<td style=\"width: 104.837px;\">1578<\/td>\n<td style=\"width: 193.163px;\">333<\/td>\n<\/tr>\n<tr>\n<td style=\"width: 142px;\"><strong>COS-2000FRES-1P<\/strong><\/td>\n<td style=\"width: 116px;\">1400<\/td>\n<td style=\"width: 99px;\">2000<\/td>\n<td style=\"width: 104.837px;\">1856<\/td>\n<td style=\"width: 193.163px;\">371<\/td>\n<\/tr>\n<\/tbody>\n<\/table>\n<p>Con serpent\u00edn de acero inoxidable para A.C.S. y dos serentines convecionales (solar y\/o calefacci\u00f3n)<\/p>\n<table style=\"width: 690px;\">\n<tbody>\n<tr>\n<td style=\"width: 146px;\"><strong>ART\u00cdCULO<\/strong><\/td>\n<td style=\"width: 114.438px;\"><strong>DI\u00c1METRO (mm)<\/strong><\/td>\n<td style=\"width: 103.562px;\"><strong>ALTURA (mm)<\/strong><\/td>\n<td style=\"width: 104px;\"><strong>CAPACIDAD (Lt)<\/strong><\/td>\n<td style=\"width: 185px;\"><strong>PESO VAC\u00cdO (Kg)<\/strong><\/td>\n<\/tr>\n<tr>\n<td style=\"width: 146px;\"><strong>COS-300FRES-2P<\/strong><\/td>\n<td style=\"width: 114.438px;\">630<\/td>\n<td style=\"width: 103.562px;\">1800<\/td>\n<td style=\"width: 104px;\">279<\/td>\n<td style=\"width: 185px;\">130<\/td>\n<\/tr>\n<tr>\n<td style=\"width: 146px;\"><strong>COS-500FRES-2P<\/strong><\/td>\n<td style=\"width: 114.438px;\">850<\/td>\n<td style=\"width: 103.562px;\">1800<\/td>\n<td style=\"width: 104px;\">427<\/td>\n<td style=\"width: 185px;\">174<\/td>\n<\/tr>\n<tr>\n<td style=\"width: 146px;\"><strong>COS-800FRES-2P<\/strong><\/td>\n<td style=\"width: 114.438px;\">1050<\/td>\n<td style=\"width: 103.562px;\">1800<\/td>\n<td style=\"width: 104px;\">691<\/td>\n<td style=\"width: 185px;\">249<\/td>\n<\/tr>\n<tr>\n<td style=\"width: 146px;\"><strong>COS-1000FRES-2P<\/strong><\/td>\n<td style=\"width: 114.438px;\">1050<\/td>\n<td style=\"width: 103.562px;\">2000<\/td>\n<td style=\"width: 104px;\">810<\/td>\n<td style=\"width: 185px;\">284<\/td>\n<\/tr>\n<tr>\n<td style=\"width: 146px;\"><strong>COS-1500FRES-2P<\/strong><\/td>\n<td style=\"width: 114.438px;\">1400<\/td>\n<td style=\"width: 103.562px;\">1800<\/td>\n<td style=\"width: 104px;\">1555<\/td>\n<td style=\"width: 185px;\">371<\/td>\n<\/tr>\n<tr>\n<td style=\"width: 146px;\"><strong>COS-2000FRES-2P<\/strong><\/td>\n<td style=\"width: 114.438px;\">1400<\/td>\n<td style=\"width: 103.562px;\">2000<\/td>\n<td style=\"width: 104px;\">1841<\/td>\n<td style=\"width: 185px;\">413<\/td>\n<\/tr>\n<\/tbody>\n<\/table>\n<p><span style=\"color: #0000ff;\"><strong>Bajo pedido, los acumuladores se pueden suministrar con<\/strong><\/span><\/p>\n<p>Resistencia el\u00e9ctrica y termostato 1 \u00bd\u00bb &#8211; 4 kW<br \/>\nResistencia el\u00e9ctrica trif\u00e1sica y termostato 1 \u00bd\u00bb de potencia de 6 o 9 kW<br \/>\n[\/vc_column_text][\/vc_tta_section][\/vc_tta_accordion][\/vc_column][\/vc_row]<\/p>\n<\/div>","protected":false},"excerpt":{"rendered":"<p><span style=\"color: #ff6600;\"><b>DESCRIPCI\u00d3N<\/b><\/span><\/p>\n<p><span style=\"color: #ff9900;\"><strong><em>Acumuladores sin tratamiento para circuitos cerrados. Llevan serpent\u00edn de acero inoxidable 316L para la producci\u00f3n de A.C.S.<\/em><\/strong><\/span><\/p>\n<table class=\"woocommerce-product-attributes shop_attributes\" style=\"width: 720px;\">\n<tbody>\n<tr class=\"woocommerce-product-attributes-item woocommerce-product-attributes-item--attribute_%ce%b4%ce%bf%cf%87%ce%b5%ce%af%ce%bf-%ce%b1%ce%b4%cf%81%ce%b1%ce%bd%ce%b5%ce%af%ce%b1%cf%82\" style=\"height: 24.4px;\">\n<th class=\"woocommerce-product-attributes-item__label\" style=\"width: 267.863px; height: 24.4px;\"><span style=\"color: #008000;\">Material del tanque<\/span><\/th>\n<td class=\"woocommerce-product-attributes-item__value\" style=\"width: 438.137px; height: 24.4px;\">acero<\/td>\n<\/tr>\n<tr class=\"woocommerce-product-attributes-item woocommerce-product-attributes-item--attribute_%cf%80%ce%af%ce%b5%cf%83%ce%b7-%ce%bb%ce%b5%ce%b9%cf%84%ce%bf%cf%85%cf%81%ce%b3%ce%af%ce%b1%cf%82\" style=\"height: 24px;\">\n<th class=\"woocommerce-product-attributes-item__label\" style=\"width: 267.863px; height: 24px;\"><span style=\"color: #008000;\">Presi\u00f3n de trabajo<\/span><\/th>\n<td class=\"woocommerce-product-attributes-item__value\" style=\"width: 438.137px; height: 24px;\">4 bar<\/td>\n<\/tr>\n<tr class=\"woocommerce-product-attributes-item woocommerce-product-attributes-item--attribute_%ce%b1%ce%bd%ce%bf%ce%be%ce%b5%ce%af%ce%b4%cf%89%cf%84%ce%bf%cf%82-%ce%b5%ce%bd%ce%b1%ce%bb%ce%bb%ce%ac%ce%ba%cf%84%ce%b7%cf%82\" style=\"height: 48px;\">\n<th class=\"woocommerce-product-attributes-item__label\" style=\"width: 267.863px; height: 48px;\"><span style=\"color: #008000;\">Serpent\u00edn A.C.S.<\/span><\/th>\n<td class=\"woocommerce-product-attributes-item__value\" style=\"width: 438.137px; height: 48px;\">de acero inoxidable, DN28 &#8211; 3\/4\u00bb para el modelo de 300L y\u00a0 DN32 \u2013 1\u2019\u2019 para los dem\u00e1s modelos. Longitud 30m<\/td>\n<\/tr>\n<tr class=\"woocommerce-product-attributes-item woocommerce-product-attributes-item--attribute_%ce%b5%ce%bd%ce%b1%ce%bb%ce%bb%ce%ac%ce%ba%cf%84%ce%b7%cf%82\" style=\"height: 24px;\">\n<th class=\"woocommerce-product-attributes-item__label\" style=\"width: 267.863px; height: 24px;\"><span style=\"color: #008000;\">Sespentines<\/span><\/th>\n<td class=\"woocommerce-product-attributes-item__value\" style=\"width: 438.137px; height: 24px;\">de tubo de acero<\/td>\n<\/tr>\n<tr class=\"woocommerce-product-attributes-item woocommerce-product-attributes-item--attribute_%ce%bc%ce%ad%ce%b3%ce%b9%cf%83%cf%84%ce%b7-%cf%80%ce%af%ce%b5%cf%83%ce%b7\" style=\"height: 24px;\">\n<th class=\"woocommerce-product-attributes-item__label\" style=\"width: 267.863px; height: 24px;\"><span style=\"color: #008000;\">Presi\u00f3n m\u00e1xima de trabajo<\/span><\/th>\n<td class=\"woocommerce-product-attributes-item__value\" style=\"width: 438.137px; height: 24px;\">de los serpentines 16 bar<\/td>\n<\/tr>\n<tr class=\"woocommerce-product-attributes-item woocommerce-product-attributes-item--attribute_%ce%bc%ce%ad%ce%b3%ce%b9%cf%83%cf%84%ce%b7-%ce%b8%ce%b5%cf%81%ce%bc%ce%bf%ce%ba%cf%81%ce%b1%cf%83%ce%af%ce%b1\" style=\"height: 24px;\">\n<th class=\"woocommerce-product-attributes-item__label\" style=\"width: 267.863px; height: 24px;\"><span style=\"color: #008000;\">Temperatura m\u00e1xima de trabajo<\/span><\/th>\n<td class=\"woocommerce-product-attributes-item__value\" style=\"width: 438.137px; height: 24px;\">de los serpentines 160\u00b0C<\/td>\n<\/tr>\n<tr class=\"woocommerce-product-attributes-item woocommerce-product-attributes-item--attribute_%ce%bc%cf%8c%ce%bd%cf%89%cf%83%ce%b7-%ce%b1%cf%86%ce%b1%ce%b9%cf%81%ce%bf%cf%8d%ce%bc%ce%b5%ce%bd%ce%b7\" style=\"height: 24px;\">\n<th class=\"woocommerce-product-attributes-item__label\" style=\"width: 267.863px; height: 24px;\"><span style=\"color: #008000;\">Aislamiento<\/span><\/th>\n<td class=\"woocommerce-product-attributes-item__value\" style=\"width: 438.137px; height: 24px;\">de P.U. suave, con espesor 100 mm<\/td>\n<\/tr>\n<\/tbody>\n<\/table>\n","protected":false},"featured_media":2772,"comment_status":"open","ping_status":"closed","template":"","meta":[],"product_brand":[],"product_cat":[63],"product_tag":[91,201],"class_list":{"0":"post-1789","1":"product","2":"type-product","3":"status-publish","4":"has-post-thumbnail","6":"product_cat-buffer-tanks-accumulators","7":"product_tag-inox","8":"product_tag-201","10":"first","11":"instock","12":"taxable","13":"shipping-taxable","14":"product-type-simple"},"_links":{"self":[{"href":"https:\/\/cosmosolar.com\/es\/wp-json\/wp\/v2\/product\/1789","targetHints":{"allow":["GET"]}}],"collection":[{"href":"https:\/\/cosmosolar.com\/es\/wp-json\/wp\/v2\/product"}],"about":[{"href":"https:\/\/cosmosolar.com\/es\/wp-json\/wp\/v2\/types\/product"}],"replies":[{"embeddable":true,"href":"https:\/\/cosmosolar.com\/es\/wp-json\/wp\/v2\/comments?post=1789"}],"wp:featuredmedia":[{"embeddable":true,"href":"https:\/\/cosmosolar.com\/es\/wp-json\/wp\/v2\/media\/2772"}],"wp:attachment":[{"href":"https:\/\/cosmosolar.com\/es\/wp-json\/wp\/v2\/media?parent=1789"}],"wp:term":[{"taxonomy":"product_brand","embeddable":true,"href":"https:\/\/cosmosolar.com\/es\/wp-json\/wp\/v2\/product_brand?post=1789"},{"taxonomy":"product_cat","embeddable":true,"href":"https:\/\/cosmosolar.com\/es\/wp-json\/wp\/v2\/product_cat?post=1789"},{"taxonomy":"product_tag","embeddable":true,"href":"https:\/\/cosmosolar.com\/es\/wp-json\/wp\/v2\/product_tag?post=1789"}],"curies":[{"name":"wp","href":"https:\/\/api.w.org\/{rel}","templated":true}]}}