{"id":1668,"date":"2020-04-12T09:54:02","date_gmt":"2020-04-12T09:54:02","guid":{"rendered":"https:\/\/www.cosmosolar.com\/?post_type=product&#038;p=1668"},"modified":"2025-10-30T12:24:04","modified_gmt":"2025-10-30T10:24:04","slug":"%cf%80%cf%81%ce%bf%ce%bc%ce%bf%ce%bd%cf%89%ce%bc%ce%b5%ce%bd%ce%bf%ce%b9-%ce%b5%cf%85%ce%ba%ce%b1%ce%bc%cf%80%cf%84%ce%bf%ce%b9-%ce%b1%ce%bd%ce%bf%ce%be%ce%b5%ce%b9%ce%b4%cf%89%cf%84%ce%bf%ce%b9","status":"publish","type":"product","link":"https:\/\/cosmosolar.com\/es\/product\/%cf%80%cf%81%ce%bf%ce%bc%ce%bf%ce%bd%cf%89%ce%bc%ce%b5%ce%bd%ce%bf%ce%b9-%ce%b5%cf%85%ce%ba%ce%b1%ce%bc%cf%80%cf%84%ce%bf%ce%b9-%ce%b1%ce%bd%ce%bf%ce%be%ce%b5%ce%b9%ce%b4%cf%89%cf%84%ce%bf%ce%b9\/","title":{"rendered":"TUBOS DE ACERO INOXIDABLE CORRUGADOS REVESTIDOS CON AISLANTE SOLAR INOX FLEX 2 en 1"},"content":{"rendered":"<p><span style=\"color: #0000ff;\"><strong>Tubos revestidos para instalaciones solares SOLAR INOX FLEX 2 en 1<\/strong><\/span><\/p>\n<p>Doble tubo de acero inoxidable AISI 316 con cable para la sonda, revestidos con aislamento. Dise\u00f1ados para los circuitos cerrados de instalaciones forzadas. Su flexibilidad rende m\u00e1s f\u00e1cil y r\u00e1pida la instalaci\u00f3n.<\/p>\n<p>Aislado con caucho de celdas, de 13mm de espesor de bajas p\u00e9rdidas debido a su bajo coeficiente de conductividad t\u00e9rmica \u03bb (0 0C) = 0,038 W\/m.k)<\/p>\n<p>Aguanta temperaturas altas (175 0C).<\/p>\n<p>El aislante est\u00e1 protegido de los rayos UV con plumidona de nailon<\/p>\n<p><span style=\"color: #0000ff;\">Materiales:<\/span><br \/>\nTubo: acero inoxidable AISI 316L<br \/>\nAislamiento:caucho de celdas<br \/>\nProtecci\u00f3n UV: plumidona de nailon<br \/>\nRacores: lat\u00f3n<br \/>\nPresi\u00f3n m\u00e1xima de ejercicio: 16 Bar<br \/>\nRango de temperaturas de ejercicio: de -40 0C a 150 0C.<br \/>\nTemperatura m\u00e1xima admisible: 175 0C<\/p>\n<table class=\"rtable rtable--flip\" style=\"width: 1061px;\">\n<thead>\n<tr>\n<th style=\"width: 19px;\"><strong>DN<\/strong><\/th>\n<th style=\"width: 111px;\"><strong>Di\u00e1metro interior mm<\/strong><\/th>\n<th style=\"width: 112px;\"><strong>Di\u00e1metro exterior mm<\/strong><\/th>\n<th style=\"width: 45px;\"><strong>Tolerancia mm<\/strong><\/th>\n<th style=\"width: 141px;\"><strong>Radio de curvatura m\u00ednimo mm<\/strong><\/th>\n<th style=\"width: 153px;\"><strong>Radio de curvatura nominal mm<\/strong><\/th>\n<th style=\"width: 113px;\"><strong>Presi\u00f3n de ejercicio <\/strong><strong>bar<\/strong><\/th>\n<th style=\"width: 238px;\"><strong>Presi\u00f3n nominal (PN) DIN EN ISO 10380\/SF4<\/strong><\/th>\n<th style=\"width: 71px;\"><strong>Paco mt<\/strong><\/th>\n<\/tr>\n<\/thead>\n<tbody>\n<tr>\n<td style=\"width: 19px;\">16<\/td>\n<td style=\"width: 111px;\">16.6<\/td>\n<td style=\"width: 112px;\">21.4<\/td>\n<td style=\"width: 45px;\">0.2<\/td>\n<td style=\"width: 141px;\">25<\/td>\n<td style=\"width: 153px;\">195<\/td>\n<td style=\"width: 113px;\">13<\/td>\n<td style=\"width: 238px;\">10<\/td>\n<td style=\"width: 71px;\">25<\/td>\n<\/tr>\n<tr>\n<td style=\"width: 19px;\">20<\/td>\n<td style=\"width: 111px;\">20.9<\/td>\n<td style=\"width: 112px;\">26.4<\/td>\n<td style=\"width: 45px;\">0.2<\/td>\n<td style=\"width: 141px;\">30<\/td>\n<td style=\"width: 153px;\">225<\/td>\n<td style=\"width: 113px;\">13<\/td>\n<td style=\"width: 238px;\">10<\/td>\n<td style=\"width: 71px;\">25<\/td>\n<\/tr>\n<tr>\n<td style=\"width: 19px;\">25<\/td>\n<td style=\"width: 111px;\">25.1<\/td>\n<td style=\"width: 112px;\">31.8<\/td>\n<td style=\"width: 45px;\">0.3<\/td>\n<td style=\"width: 141px;\">35<\/td>\n<td style=\"width: 153px;\">260<\/td>\n<td style=\"width: 113px;\">8<\/td>\n<td style=\"width: 238px;\">6<\/td>\n<td style=\"width: 71px;\">25<\/td>\n<\/tr>\n<\/tbody>\n<\/table>\n<table class=\"rtable rtable--flip\">\n<thead>\n<tr>\n<th><strong>Art\u00edculo<\/strong><\/th>\n<th><strong>Descripci\u00f3n<\/strong><\/th>\n<\/tr>\n<\/thead>\n<tbody>\n<tr>\n<td><strong>173.000.397.0100<\/strong><\/td>\n<td>Tubo <strong>DN16<\/strong> SOLAR INOX FLEX 2 \u03c3\u03b5 1<\/td>\n<\/tr>\n<tr>\n<td><strong>173.000.397.0101<\/strong><\/td>\n<td>Tubo <strong>DN20<\/strong> SOLAR INOX FLEX 2 \u03c3\u03b5 1<\/td>\n<\/tr>\n<tr>\n<td><strong>173.000.397.0102<\/strong><\/td>\n<td>Tubo <strong>DN25<\/strong> SOLAR INOX FLEX 2 \u03c3\u03b5 1<\/td>\n<\/tr>\n<tr>\n<td><strong>191.000.418.0008<\/strong><\/td>\n<td>Racor macho 16\u03a73\/4\u2019\u2019<\/td>\n<\/tr>\n<tr>\n<td><strong>191.000.418.0005<\/strong><\/td>\n<td>Racor hembra 16\u03a73\/4\u2019\u2019<\/td>\n<\/tr>\n<tr>\n<td><strong>191.000.205.0010<\/strong><\/td>\n<td>Codo hembra 16\u03a73\/4\u2019\u2019<\/td>\n<\/tr>\n<tr>\n<td><strong>173.000.397.0050<\/strong><\/td>\n<td>Racor macho 20\u03a71\u2019<\/td>\n<\/tr>\n<tr>\n<td><strong>173.000.397.0051<\/strong><\/td>\n<td>racor hembra 20\u03a71\u2019<\/td>\n<\/tr>\n<tr>\n<td><strong>173.000.397.0052<\/strong><\/td>\n<td>Tuerca \u0399\u039d\u039f\u03a7 con anillo \/ junta 1 1\/4\u00bb<\/td>\n<\/tr>\n<\/tbody>\n<\/table>\n","protected":false},"excerpt":{"rendered":"<p><span style=\"color: #ff6600;\"><strong>Tubos revestidos para instalaciones solares SOLAR INOX FLEX 2 en 1<\/strong><\/span><\/p>\n<p><em><span style=\"color: #008000;\">Doble tubo de acero inoxidable AISI 316 con cable para la sonda, revestidos con aislamento. Dise\u00f1ados para los circuitos cerrados de instalaciones forzadas. Su flexibilidad rende m\u00e1s f\u00e1cil y r\u00e1pida la instalaci\u00f3n.<\/span><\/em><\/p>\n<p><em><span style=\"color: #008000;\">Aislado con caucho de celdas, de 13mm de espesor de bajas p\u00e9rdidas debido a su bajo coeficiente de conductividad t\u00e9rmica \u03bb (0 0C) = 0,038 W\/m.k)<\/span><\/em><\/p>\n<p><em><span style=\"color: #008000;\">Aguanta temperaturas altas (175 0C).<\/span><\/em><\/p>\n<p><em><span style=\"color: #008000;\">El aislante est\u00e1 protegido de los rayos UV con plumidona de nailon<\/span><\/em><\/p>\n<p>&nbsp;<\/p>\n","protected":false},"featured_media":1669,"comment_status":"open","ping_status":"closed","template":"","meta":[],"product_brand":[],"product_cat":[66,71],"product_tag":[158,153,152,157,156],"class_list":{"0":"post-1668","1":"product","2":"type-product","3":"status-publish","4":"has-post-thumbnail","6":"product_cat-hydraulic-kit","7":"product_cat-hydraulic-accessories","8":"product_tag-solar-inox-flex-2--1","9":"product_tag-153","10":"product_tag-152","11":"product_tag-157","12":"product_tag-156","14":"first","15":"instock","16":"taxable","17":"shipping-taxable","18":"product-type-simple"},"_links":{"self":[{"href":"https:\/\/cosmosolar.com\/es\/wp-json\/wp\/v2\/product\/1668","targetHints":{"allow":["GET"]}}],"collection":[{"href":"https:\/\/cosmosolar.com\/es\/wp-json\/wp\/v2\/product"}],"about":[{"href":"https:\/\/cosmosolar.com\/es\/wp-json\/wp\/v2\/types\/product"}],"replies":[{"embeddable":true,"href":"https:\/\/cosmosolar.com\/es\/wp-json\/wp\/v2\/comments?post=1668"}],"wp:featuredmedia":[{"embeddable":true,"href":"https:\/\/cosmosolar.com\/es\/wp-json\/wp\/v2\/media\/1669"}],"wp:attachment":[{"href":"https:\/\/cosmosolar.com\/es\/wp-json\/wp\/v2\/media?parent=1668"}],"wp:term":[{"taxonomy":"product_brand","embeddable":true,"href":"https:\/\/cosmosolar.com\/es\/wp-json\/wp\/v2\/product_brand?post=1668"},{"taxonomy":"product_cat","embeddable":true,"href":"https:\/\/cosmosolar.com\/es\/wp-json\/wp\/v2\/product_cat?post=1668"},{"taxonomy":"product_tag","embeddable":true,"href":"https:\/\/cosmosolar.com\/es\/wp-json\/wp\/v2\/product_tag?post=1668"}],"curies":[{"name":"wp","href":"https:\/\/api.w.org\/{rel}","templated":true}]}}