{"id":1661,"date":"2020-04-12T09:26:30","date_gmt":"2020-04-12T09:26:30","guid":{"rendered":"https:\/\/www.cosmosolar.com\/?post_type=product&#038;p=1661"},"modified":"2025-10-30T12:41:28","modified_gmt":"2025-10-30T10:41:28","slug":"%ce%b2%ce%b1%ce%bb%ce%b2%ce%af%ce%b4%ce%b1-%ce%b1%cf%83%cf%86%ce%b1%ce%bb%ce%b5%ce%af%ce%b1%cf%82-%cf%80%ce%af%ce%b5%cf%83%ce%b7%cf%82-%ce%b8%ce%b5%cf%81%ce%bc%ce%bf%ce%ba%cf%81%ce%b1%cf%83%ce%af","status":"publish","type":"product","link":"https:\/\/cosmosolar.com\/es\/product\/%ce%b2%ce%b1%ce%bb%ce%b2%ce%af%ce%b4%ce%b1-%ce%b1%cf%83%cf%86%ce%b1%ce%bb%ce%b5%ce%af%ce%b1%cf%82-%cf%80%ce%af%ce%b5%cf%83%ce%b7%cf%82-%ce%b8%ce%b5%cf%81%ce%bc%ce%bf%ce%ba%cf%81%ce%b1%cf%83%ce%af\/","title":{"rendered":"V\u00e1lvula de temperatura y presi\u00f3n"},"content":{"rendered":"<p><span style=\"color: #0000ff;\"><strong>Art\u00edculo: 191.000.101.0045<\/strong><\/span><br \/>\n<span style=\"color: #0000ff;\"><strong>V\u00e1lvula de temperatura y presi\u00f3n<\/strong><\/span><\/p>\n<p>Asegura el buen estado de la instalaci\u00f3n. Protege los acumuadores (tanto los verticales como los horizontales) del esceso de presi\u00f3n e\/o temperatura.<\/p>\n<p>Presi\u00f3n nominal: PN10<br \/>\nTemperatura m\u00e1xima de funcionamiento: 90+20C<br \/>\nPresi\u00f3n m\u00e1xima de funcionamiento: 10 Bar.<br \/>\nTipolog\u00eda de l\u00edquido: Agua sanitaria e aguas de circuitos de calefacci\u00f3n<br \/>\nConexi\u00f3n: \u00bd \u2018\u2019 M<br \/>\nSalida: \u00bd \u2018\u2019 M<br \/>\nLongitud del sensor: 10 cm<br \/>\nCategor\u00eda PED (Pressure Equipment Directive): IV<\/p>\n<p><img loading=\"lazy\" decoding=\"async\" class=\"size-full wp-image-1663 aligncenter\" src=\"https:\/\/www.cosmosolar.com\/wp-content\/uploads\/2020\/04\/191a.jpg\" alt=\"\" width=\"472\" height=\"473\" srcset=\"https:\/\/cosmosolar.com\/wp-content\/uploads\/2020\/04\/191a.jpg 472w, https:\/\/cosmosolar.com\/wp-content\/uploads\/2020\/04\/191a-300x300.jpg 300w, https:\/\/cosmosolar.com\/wp-content\/uploads\/2020\/04\/191a-100x100.jpg 100w, https:\/\/cosmosolar.com\/wp-content\/uploads\/2020\/04\/191a-150x150.jpg 150w, https:\/\/cosmosolar.com\/wp-content\/uploads\/2020\/04\/191a-250x250.jpg 250w\" sizes=\"auto, (max-width: 472px) 100vw, 472px\" \/><\/p>\n","protected":false},"excerpt":{"rendered":"<p><span style=\"color: #ff6600;\"><strong>Art\u00edculo: 191.000.101.0045<\/strong><\/span><br \/>\n<span style=\"color: #ff6600;\"><strong>V\u00e1lvula de temperatura y presi\u00f3n<\/strong><\/span><\/p>\n<p><span style=\"color: #008000;\">Asegura el buen estado de la instalaci\u00f3n. Protege los acumuadores (tanto los verticales como los horizontales) del esceso de presi\u00f3n e\/o temperatura.<\/span><\/p>\n<p>&nbsp;<\/p>\n","protected":false},"featured_media":1662,"comment_status":"open","ping_status":"closed","template":"","meta":[],"product_brand":[],"product_cat":[66,71],"product_tag":[149,151,150],"class_list":{"0":"post-1661","1":"product","2":"type-product","3":"status-publish","4":"has-post-thumbnail","6":"product_cat-hydraulic-kit","7":"product_cat-hydraulic-accessories","8":"product_tag-149","9":"product_tag-151","10":"product_tag-150","12":"first","13":"instock","14":"taxable","15":"shipping-taxable","16":"product-type-simple"},"_links":{"self":[{"href":"https:\/\/cosmosolar.com\/es\/wp-json\/wp\/v2\/product\/1661","targetHints":{"allow":["GET"]}}],"collection":[{"href":"https:\/\/cosmosolar.com\/es\/wp-json\/wp\/v2\/product"}],"about":[{"href":"https:\/\/cosmosolar.com\/es\/wp-json\/wp\/v2\/types\/product"}],"replies":[{"embeddable":true,"href":"https:\/\/cosmosolar.com\/es\/wp-json\/wp\/v2\/comments?post=1661"}],"wp:featuredmedia":[{"embeddable":true,"href":"https:\/\/cosmosolar.com\/es\/wp-json\/wp\/v2\/media\/1662"}],"wp:attachment":[{"href":"https:\/\/cosmosolar.com\/es\/wp-json\/wp\/v2\/media?parent=1661"}],"wp:term":[{"taxonomy":"product_brand","embeddable":true,"href":"https:\/\/cosmosolar.com\/es\/wp-json\/wp\/v2\/product_brand?post=1661"},{"taxonomy":"product_cat","embeddable":true,"href":"https:\/\/cosmosolar.com\/es\/wp-json\/wp\/v2\/product_cat?post=1661"},{"taxonomy":"product_tag","embeddable":true,"href":"https:\/\/cosmosolar.com\/es\/wp-json\/wp\/v2\/product_tag?post=1661"}],"curies":[{"name":"wp","href":"https:\/\/api.w.org\/{rel}","templated":true}]}}