{"id":1634,"date":"2020-04-12T07:48:26","date_gmt":"2020-04-12T07:48:26","guid":{"rendered":"https:\/\/www.cosmosolar.com\/?post_type=product&#038;p=1634"},"modified":"2025-10-30T13:03:29","modified_gmt":"2025-10-30T11:03:29","slug":"%ce%b7%ce%bb%ce%b9%ce%b1%ce%ba%ce%ae-%ce%b8%ce%b5%cf%81%ce%bc%ce%bf%cf%83%cf%84%ce%b1%cf%84%ce%b9%ce%ba%ce%ae-%ce%b2%ce%b1%ce%bb%ce%b2%ce%af%ce%b4%ce%b1-solar-%ce%b5%ce%ba%cf%84","status":"publish","type":"product","link":"https:\/\/cosmosolar.com\/es\/product\/%ce%b7%ce%bb%ce%b9%ce%b1%ce%ba%ce%ae-%ce%b8%ce%b5%cf%81%ce%bc%ce%bf%cf%83%cf%84%ce%b1%cf%84%ce%b9%ce%ba%ce%ae-%ce%b2%ce%b1%ce%bb%ce%b2%ce%af%ce%b4%ce%b1-solar-%ce%b5%ce%ba%cf%84\/","title":{"rendered":"V\u00e1lvula termost\u00e1tica \/ desviaci\u00f3n DN20 \u2013 \u00be\u2019\u2019"},"content":{"rendered":"<p><span style=\"color: #0000ff;\"><strong>Art\u00edculo: 472.441020<\/strong><\/span><\/p>\n<p><span style=\"color: #0000ff;\"><strong>V\u00e1lvula termost\u00e1tica \/ desviaci\u00f3n para A.C.S. DN20 \u2013 \u00be\u2019\u2019<\/strong><\/span><\/p>\n<p>Hecha de lat\u00f3n, para circuitos de Agua Caliente Sanitaria. Apropriada para instalaciones de sistemas solares, desv\u00eda el A.C.S. seg\u00fan la temperatura de esta, dasvi\u00e1ndola en otros circuitos como p.e. de\u00a0 calafacci\u00f3n.<br \/>\n<strong>Material:\u00a0<\/strong>lat\u00f3n<br \/>\n<strong>Conexiones:<\/strong> 3\/4&#8243; M<br \/>\n<strong>Presi\u00f3n m\u00e1xima est\u00e1tica de funcionamiento:<\/strong>\u00a010bar<br \/>\n<strong>Flujo m\u00ednimo:<\/strong>\u00a09l\/min<br \/>\n<strong>Temperatura m\u00e1xima de funcionamiento: <\/strong>100\u00b0C<br \/>\n<strong>Temperatura de desviaci\u00f3n:<\/strong>\u00a048\u00b0C<\/p>\n<p><img loading=\"lazy\" decoding=\"async\" class=\"size-full wp-image-1635 aligncenter\" src=\"https:\/\/www.cosmosolar.com\/wp-content\/uploads\/2020\/04\/472b.jpg\" alt=\"\" width=\"280\" height=\"248\" \/><\/p>\n","protected":false},"excerpt":{"rendered":"<p><span style=\"color: #ff6600;\"><strong>Art\u00edculo: 472.441020<\/strong><\/span><\/p>\n<p><span style=\"color: #ff6600;\"><strong>V\u00e1lvula termost\u00e1tica \/ desviaci\u00f3n para A.C.S. DN20 \u2013 \u00be\u2019\u2019<\/strong><\/span><\/p>\n<p><span style=\"color: #008000;\"><em>Dise\u00f1ada para circuitos de Agua Caliente Sanitaria. Apropriada para instalaciones de sistemas solares, desv\u00eda el A.C.S. seg\u00fan la temperatura de esta, dasvi\u00e1ndola en otros circuitos como p.e. de\u00a0 calafacci\u00f3n.<\/em><\/span><\/p>\n","protected":false},"featured_media":1636,"comment_status":"open","ping_status":"closed","template":"","meta":[],"product_brand":[],"product_cat":[66,71],"product_tag":[135,126,133,134,132],"class_list":{"0":"post-1634","1":"product","2":"type-product","3":"status-publish","4":"has-post-thumbnail","6":"product_cat-hydraulic-kit","7":"product_cat-hydraulic-accessories","8":"product_tag-dn20-","9":"product_tag-solar","10":"product_tag-133","11":"product_tag-134","12":"product_tag-132","14":"first","15":"instock","16":"taxable","17":"shipping-taxable","18":"product-type-simple"},"_links":{"self":[{"href":"https:\/\/cosmosolar.com\/es\/wp-json\/wp\/v2\/product\/1634","targetHints":{"allow":["GET"]}}],"collection":[{"href":"https:\/\/cosmosolar.com\/es\/wp-json\/wp\/v2\/product"}],"about":[{"href":"https:\/\/cosmosolar.com\/es\/wp-json\/wp\/v2\/types\/product"}],"replies":[{"embeddable":true,"href":"https:\/\/cosmosolar.com\/es\/wp-json\/wp\/v2\/comments?post=1634"}],"wp:featuredmedia":[{"embeddable":true,"href":"https:\/\/cosmosolar.com\/es\/wp-json\/wp\/v2\/media\/1636"}],"wp:attachment":[{"href":"https:\/\/cosmosolar.com\/es\/wp-json\/wp\/v2\/media?parent=1634"}],"wp:term":[{"taxonomy":"product_brand","embeddable":true,"href":"https:\/\/cosmosolar.com\/es\/wp-json\/wp\/v2\/product_brand?post=1634"},{"taxonomy":"product_cat","embeddable":true,"href":"https:\/\/cosmosolar.com\/es\/wp-json\/wp\/v2\/product_cat?post=1634"},{"taxonomy":"product_tag","embeddable":true,"href":"https:\/\/cosmosolar.com\/es\/wp-json\/wp\/v2\/product_tag?post=1634"}],"curies":[{"name":"wp","href":"https:\/\/api.w.org\/{rel}","templated":true}]}}