{"id":1629,"date":"2020-04-12T07:31:49","date_gmt":"2020-04-12T07:31:49","guid":{"rendered":"https:\/\/www.cosmosolar.com\/?post_type=product&#038;p=1629"},"modified":"2025-10-29T15:53:21","modified_gmt":"2025-10-29T13:53:21","slug":"%cf%85%ce%b4%cf%81%ce%b1%cf%85%ce%bb%ce%b9%ce%ba%cf%8c-%cf%83%ce%b5%cf%84-solar-%ce%b1%cf%85%cf%84%cf%8c%ce%bc%ce%b1%cf%84%ce%bf%cf%85-%ce%b5%ce%be%ce%b1%ce%b5%cf%81%ce%b9%cf%83","status":"publish","type":"product","link":"https:\/\/cosmosolar.com\/es\/product\/%cf%85%ce%b4%cf%81%ce%b1%cf%85%ce%bb%ce%b9%ce%ba%cf%8c-%cf%83%ce%b5%cf%84-solar-%ce%b1%cf%85%cf%84%cf%8c%ce%bc%ce%b1%cf%84%ce%bf%cf%85-%ce%b5%ce%be%ce%b1%ce%b5%cf%81%ce%b9%cf%83\/","title":{"rendered":"Purgador autom\u00e1tico de 1\/2\u201c"},"content":{"rendered":"<p><span style=\"color: #0000ff;\"><strong>Art\u00edculo: 472.0004<\/strong><\/span><\/p>\n<p><span style=\"color: #0000ff;\"><strong>Purgador autom\u00e1tico con v\u00e1lvula esfera de 1\/2\u201c para sistemas solares<\/strong><\/span><\/p>\n<p>Cuerpo hecho de lat\u00f3n<br \/>\nV\u00e1vlula esfera de lat\u00f3n<br \/>\nConexi\u00f3n:\u00a0 M1\/2&#8243;<br \/>\nPresi\u00f3n m\u00e1xima de funcionamiento: 10bar<br \/>\nPresi\u00f3n m\u00e1xima de purgaci\u00f3n: 4bar<br \/>\nRango temperaturas de funcionamiento:\u00a0 desde -20\u00b0C hasta 180\u00b0C<\/p>\n","protected":false},"excerpt":{"rendered":"<p><span style=\"color: #ff6600;\"><strong>Purgador autom\u00e1tico con v\u00e1lvula esfera de 1\/2\u201c para sistemas solares<\/strong><\/span><\/p>\n<p><span style=\"color: #008000;\"><strong><em>Art\u00edculo: 472.0004<\/em><\/strong><\/span><\/p>\n","protected":false},"featured_media":1630,"comment_status":"open","ping_status":"closed","template":"","meta":[],"product_brand":[],"product_cat":[66,71],"product_tag":[126,130,131,129],"class_list":{"0":"post-1629","1":"product","2":"type-product","3":"status-publish","4":"has-post-thumbnail","6":"product_cat-hydraulic-kit","7":"product_cat-hydraulic-accessories","8":"product_tag-solar","9":"product_tag-130","10":"product_tag---1-2","11":"product_tag-129","13":"first","14":"instock","15":"taxable","16":"shipping-taxable","17":"product-type-simple"},"_links":{"self":[{"href":"https:\/\/cosmosolar.com\/es\/wp-json\/wp\/v2\/product\/1629","targetHints":{"allow":["GET"]}}],"collection":[{"href":"https:\/\/cosmosolar.com\/es\/wp-json\/wp\/v2\/product"}],"about":[{"href":"https:\/\/cosmosolar.com\/es\/wp-json\/wp\/v2\/types\/product"}],"replies":[{"embeddable":true,"href":"https:\/\/cosmosolar.com\/es\/wp-json\/wp\/v2\/comments?post=1629"}],"wp:featuredmedia":[{"embeddable":true,"href":"https:\/\/cosmosolar.com\/es\/wp-json\/wp\/v2\/media\/1630"}],"wp:attachment":[{"href":"https:\/\/cosmosolar.com\/es\/wp-json\/wp\/v2\/media?parent=1629"}],"wp:term":[{"taxonomy":"product_brand","embeddable":true,"href":"https:\/\/cosmosolar.com\/es\/wp-json\/wp\/v2\/product_brand?post=1629"},{"taxonomy":"product_cat","embeddable":true,"href":"https:\/\/cosmosolar.com\/es\/wp-json\/wp\/v2\/product_cat?post=1629"},{"taxonomy":"product_tag","embeddable":true,"href":"https:\/\/cosmosolar.com\/es\/wp-json\/wp\/v2\/product_tag?post=1629"}],"curies":[{"name":"wp","href":"https:\/\/api.w.org\/{rel}","templated":true}]}}