{"id":1618,"date":"2020-04-12T06:58:22","date_gmt":"2020-04-12T06:58:22","guid":{"rendered":"https:\/\/www.cosmosolar.com\/?post_type=product&#038;p=1618"},"modified":"2025-10-31T11:16:14","modified_gmt":"2025-10-31T09:16:14","slug":"%ce%b7%ce%bb%ce%b9%ce%b1%ce%ba%cf%8c%cf%82-%cf%83%cf%84%ce%b1%ce%b8%ce%bc%cf%8c%cf%82-regusol-mega-sh-180-station-dn-32-%cf%87%cf%89%cf%81%ce%af%cf%82-%ce%b7%ce%bb%ce%b5%ce%ba","status":"publish","type":"product","link":"https:\/\/cosmosolar.com\/es\/product\/%ce%b7%ce%bb%ce%b9%ce%b1%ce%ba%cf%8c%cf%82-%cf%83%cf%84%ce%b1%ce%b8%ce%bc%cf%8c%cf%82-regusol-mega-sh-180-station-dn-32-%cf%87%cf%89%cf%81%ce%af%cf%82-%ce%b7%ce%bb%ce%b5%ce%ba\/","title":{"rendered":"Grupo de bombeo \u201cRegusol MEGA SH-180 &#8211; Station DN 32\u201d &#8211; sin centralita"},"content":{"rendered":"<p><strong>Grupo de bombeo \u201cRegusol MEGA SH-180 &#8211; Station DN 32\u201d<br \/>\nArt\u00edculo: 247.1368251<\/strong><\/p>\n<p>hasta <strong>140m\u00b2<\/strong> de superficie de colectores solares<\/p>\n<p>Grupo de bombeo de DN32 para la automatizaci\u00f3n y el control entre los colectores solares y el dep\u00f3sito acumulador u otro intercambiador en sistemas por circulaci\u00f3n forzada.<\/p>\n<p><strong>Incluye:<\/strong> bomba <strong>Inverter<\/strong> modelo <strong>WILO &#8211; Yonos PARA 1-9 PWM<\/strong>, flujometro de <strong>7 &#8211; 40 l\/min<\/strong> con v\u00e1lvula esfera para el llenado \/ vaciado, dos term\u00f3metros (para caliente y fr\u00edo) v\u00e1lvua de retenci\u00f3n en la entrada, purgador manual, grupo de seguridad con v\u00e1lvula de 6bar y man\u00f3metro de 0 a 10 bar, v\u00e1lvula para el llenado &#8211; vaciado, y conexi\u00f3n M \u00be\u2019\u2019 para el vaso de expansi\u00f3n.<\/p>\n<p><strong>se suministran<\/strong>:<br \/>\n<strong>1 \u03a7 Sensor para colectores<\/strong><br \/>\n<strong>1 \u03a7 Sensor para acumulador<\/strong><\/p>\n<p><strong>Conexiones: M 1&#8243;<\/strong><br \/>\nMedidas: Alto x Acho: DN32 530mm x 350mm<br \/>\nMaerial: lat\u00f3n<br \/>\nCarcasa: material aislante EPP.<br \/>\nPresi\u00f3n m\u00e1xima de funcionamiento: 6bar<\/p>\n<p>Temperatura de funcionamiento: hasta los 120\u00b0C<br \/>\n* Hasta <strong>80 m2<\/strong> de superficie de colectores solares con flujo alto <strong>High-flow: 0,7l\/min<\/strong> por cada m2 de superficie y altura manom\u00e9trica <strong>\u0397: 5,5m<\/strong><br \/>\n* Hasta <strong>140 m2<\/strong> de susperficie de colectores con flujo bajo <strong>Low-flow: 0,3l\/min<\/strong> por cada m2 de superficie y altura manom\u00e9trica <strong>\u0397: 5,5m<\/strong><\/p>\n<p>&nbsp;<\/p>\n<p><img loading=\"lazy\" decoding=\"async\" class=\"size-full wp-image-1619 aligncenter\" src=\"https:\/\/www.cosmosolar.com\/wp-content\/uploads\/2020\/04\/solar4.png\" alt=\"\" width=\"580\" height=\"476\" srcset=\"https:\/\/cosmosolar.com\/wp-content\/uploads\/2020\/04\/solar4.png 580w, https:\/\/cosmosolar.com\/wp-content\/uploads\/2020\/04\/solar4-300x246.png 300w\" sizes=\"auto, (max-width: 580px) 100vw, 580px\" \/><\/p>\n","protected":false},"excerpt":{"rendered":"<p><strong><span style=\"color: #ff6600;\">Grupo de bombeo \u201cRegusol MEGA SH-180 &#8211; Station DN 32\u201d<\/span><br \/>\nArt\u00edculo: 247.1368251<\/strong><\/p>\n<p><span style=\"color: #0000ff;\">hasta <strong>140m\u00b2<\/strong> de superficie de colectores solares<\/span><\/p>\n","protected":false},"featured_media":2675,"comment_status":"open","ping_status":"closed","template":"","meta":[],"product_brand":[],"product_cat":[66,67],"product_tag":[117,118,115],"class_list":{"0":"post-1618","1":"product","2":"type-product","3":"status-publish","4":"has-post-thumbnail","6":"product_cat-hydraulic-kit","7":"product_cat-hydraulic-kits-for-solar-systems-solar","8":"product_tag-regusol-mega-sh-180","9":"product_tag-station-dn-32","10":"product_tag-115","12":"first","13":"instock","14":"taxable","15":"shipping-taxable","16":"product-type-simple"},"_links":{"self":[{"href":"https:\/\/cosmosolar.com\/es\/wp-json\/wp\/v2\/product\/1618","targetHints":{"allow":["GET"]}}],"collection":[{"href":"https:\/\/cosmosolar.com\/es\/wp-json\/wp\/v2\/product"}],"about":[{"href":"https:\/\/cosmosolar.com\/es\/wp-json\/wp\/v2\/types\/product"}],"replies":[{"embeddable":true,"href":"https:\/\/cosmosolar.com\/es\/wp-json\/wp\/v2\/comments?post=1618"}],"wp:featuredmedia":[{"embeddable":true,"href":"https:\/\/cosmosolar.com\/es\/wp-json\/wp\/v2\/media\/2675"}],"wp:attachment":[{"href":"https:\/\/cosmosolar.com\/es\/wp-json\/wp\/v2\/media?parent=1618"}],"wp:term":[{"taxonomy":"product_brand","embeddable":true,"href":"https:\/\/cosmosolar.com\/es\/wp-json\/wp\/v2\/product_brand?post=1618"},{"taxonomy":"product_cat","embeddable":true,"href":"https:\/\/cosmosolar.com\/es\/wp-json\/wp\/v2\/product_cat?post=1618"},{"taxonomy":"product_tag","embeddable":true,"href":"https:\/\/cosmosolar.com\/es\/wp-json\/wp\/v2\/product_tag?post=1618"}],"curies":[{"name":"wp","href":"https:\/\/api.w.org\/{rel}","templated":true}]}}