{"id":1611,"date":"2020-04-11T18:09:46","date_gmt":"2020-04-11T18:09:46","guid":{"rendered":"https:\/\/www.cosmosolar.com\/?post_type=product&#038;p=1611"},"modified":"2025-10-31T12:14:15","modified_gmt":"2025-10-31T10:14:15","slug":"%ce%b7%ce%bb%ce%b9%ce%b1%ce%ba%cf%8c%cf%82-%cf%83%cf%84%ce%b1%ce%b8%ce%bc%cf%8c%cf%82-regusol-midi-elh-130-rc-station-dn-25-%ce%bc%ce%b5-%ce%bc%ce%bf%ce%bd%ce%ac%ce%b4%ce%b1-%ce%b5","status":"publish","type":"product","link":"https:\/\/cosmosolar.com\/es\/product\/%ce%b7%ce%bb%ce%b9%ce%b1%ce%ba%cf%8c%cf%82-%cf%83%cf%84%ce%b1%ce%b8%ce%bc%cf%8c%cf%82-regusol-midi-elh-130-rc-station-dn-25-%ce%bc%ce%b5-%ce%bc%ce%bf%ce%bd%ce%ac%ce%b4%ce%b1-%ce%b5\/","title":{"rendered":"Grupo de bombeo \u201cRegusol MIDI ELH-130 RC- Station DN 25\u201d con centralita RC"},"content":{"rendered":"<p><strong>Kit hidra\u00falico \u00abRegusol MIDI ELH-130 RC- Station DN 25\u00bb con control diferencial RC<br \/>\nArt\u00edculo: 247.1366597<\/strong><\/p>\n<p>hasta <strong>30m\u00b2<\/strong> de superficie de colectores solares<\/p>\n<p>Grupo de bombeo de DN25 <strong>con termostato diferencial Regtronic RC<\/strong> para la automatizaci\u00f3n y el control entre los colectores solares y el dep\u00f3sito acumulador u otro intercambiador en sistemas por circulaci\u00f3n forzada.<\/p>\n<p><strong>Incluye:<\/strong> centralita <strong>Regtronic RC<\/strong> de 4 sensores y 3 comandos, bomba <strong>Inverter<\/strong> modelo <strong>WILO &#8211; Yonos PARA ST 25\/7 PWM<\/strong>, flujometro de <strong>2 -15 l\/min<\/strong> con v\u00e1lvula esfera para el llenado \/ vaciado, dos term\u00f3metros (para caliente y fr\u00edo) v\u00e1lvula de retenci\u00f3n en la entrada, purgador manual, grupo de seguridad con v\u00e1lvula de 6bar y man\u00f3metro de 0 a 10 bar, v\u00e1lvula para el llenado &#8211; vaciado, y conexi\u00f3n M \u00be\u2019\u2019 para el vaso de expansi\u00f3n.<\/p>\n<p><strong>se suministran<\/strong>:<br \/>\n<strong>1 \u03a7 Sensor para colectores<\/strong><br \/>\n<strong>1 \u03a7 Sensor para acumulador<\/strong><\/p>\n<p><strong>Conexiones: M 1&#8243;<\/strong><br \/>\nMedidas: Alto x Acho: DN25 375mm x 250mm<br \/>\nMaerial: lat\u00f3n<br \/>\nCarcasa: material aislante EPP.<br \/>\nPresi\u00f3n m\u00e1xima de funcionamiento: 6bar<\/p>\n<p>Temperatura de funcionamiento: hasta los 120\u00b0C<br \/>\n* Hasta <strong>30 m2<\/strong> de superficie de colectores solares con flujo alto <strong>High-flow: 0,7l\/min<\/strong> por cada m2 de superficie y altura manom\u00e9trica <strong>\u0397: 5m<\/strong><br \/>\n* Hasta <strong>60 m2<\/strong> de susperficie de colectores con flujo bajo <strong>Low-flow: 0,3l\/min<\/strong> por cada m2 de superficie y altura manom\u00e9trica <strong>\u0397: 5m<\/strong><\/p>\n<p><img loading=\"lazy\" decoding=\"async\" class=\"size-full wp-image-1612 aligncenter\" src=\"https:\/\/www.cosmosolar.com\/wp-content\/uploads\/2020\/04\/solar2.png\" alt=\"\" width=\"420\" height=\"541\" srcset=\"https:\/\/cosmosolar.com\/wp-content\/uploads\/2020\/04\/solar2.png 420w, https:\/\/cosmosolar.com\/wp-content\/uploads\/2020\/04\/solar2-300x386.png 300w, https:\/\/cosmosolar.com\/wp-content\/uploads\/2020\/04\/solar2-233x300.png 233w\" sizes=\"auto, (max-width: 420px) 100vw, 420px\" \/><\/p>\n","protected":false},"excerpt":{"rendered":"<p><strong>it hidra\u00falico \u00abRegusol MIDI ELH-130 RC- Station DN 25\u00bb con control diferencial RC<br \/>\nArt\u00edculo: 247.1366597<\/strong><\/p>\n<p>hasta <strong>30m\u00b2<\/strong> de superficie de colectores solares<\/p>\n<p>Grupo de bombeo de DN25 <strong>con termostato diferencial Regtronic RC<\/strong> para la automatizaci\u00f3n y el control entre los colectores solares y el dep\u00f3sito acumulador u otro intercambiador en sistemas por circulaci\u00f3n forzada.<\/p>\n","protected":false},"featured_media":1614,"comment_status":"open","ping_status":"closed","template":"","meta":[],"product_brand":[],"product_cat":[67],"product_tag":[111,110,112,109,113],"class_list":{"0":"post-1611","1":"product","2":"type-product","3":"status-publish","4":"has-post-thumbnail","6":"product_cat-hydraulic-kits-for-solar-systems-solar","7":"product_tag-130-rc","8":"product_tag-regusol-midi-elh-130-rc","9":"product_tag-station-dn-25","10":"product_tag-109","11":"product_tag---rc","13":"first","14":"instock","15":"taxable","16":"shipping-taxable","17":"product-type-simple"},"_links":{"self":[{"href":"https:\/\/cosmosolar.com\/es\/wp-json\/wp\/v2\/product\/1611","targetHints":{"allow":["GET"]}}],"collection":[{"href":"https:\/\/cosmosolar.com\/es\/wp-json\/wp\/v2\/product"}],"about":[{"href":"https:\/\/cosmosolar.com\/es\/wp-json\/wp\/v2\/types\/product"}],"replies":[{"embeddable":true,"href":"https:\/\/cosmosolar.com\/es\/wp-json\/wp\/v2\/comments?post=1611"}],"wp:featuredmedia":[{"embeddable":true,"href":"https:\/\/cosmosolar.com\/es\/wp-json\/wp\/v2\/media\/1614"}],"wp:attachment":[{"href":"https:\/\/cosmosolar.com\/es\/wp-json\/wp\/v2\/media?parent=1611"}],"wp:term":[{"taxonomy":"product_brand","embeddable":true,"href":"https:\/\/cosmosolar.com\/es\/wp-json\/wp\/v2\/product_brand?post=1611"},{"taxonomy":"product_cat","embeddable":true,"href":"https:\/\/cosmosolar.com\/es\/wp-json\/wp\/v2\/product_cat?post=1611"},{"taxonomy":"product_tag","embeddable":true,"href":"https:\/\/cosmosolar.com\/es\/wp-json\/wp\/v2\/product_tag?post=1611"}],"curies":[{"name":"wp","href":"https:\/\/api.w.org\/{rel}","templated":true}]}}