{"id":1605,"date":"2020-04-11T16:29:33","date_gmt":"2020-04-11T16:29:33","guid":{"rendered":"https:\/\/www.cosmosolar.com\/?post_type=product&#038;p=1605"},"modified":"2025-10-27T15:48:28","modified_gmt":"2025-10-27T13:48:28","slug":"%cf%84%cf%81%ce%af%ce%bf%ce%b4%ce%b7-%ce%b2%ce%b1%ce%bb%ce%b2%ce%af%ce%b4%ce%b1-%ce%b5%ce%bd%ce%b1%ce%bb%ce%bb%ce%b1%ce%b3%ce%ae%cf%82-%ce%bc%ce%b5-%ce%ba%ce%b9%ce%bd%ce%b7%cf%84%ce%ae%cf%81%ce%b1","status":"publish","type":"product","link":"https:\/\/cosmosolar.com\/es\/product\/%cf%84%cf%81%ce%af%ce%bf%ce%b4%ce%b7-%ce%b2%ce%b1%ce%bb%ce%b2%ce%af%ce%b4%ce%b1-%ce%b5%ce%bd%ce%b1%ce%bb%ce%bb%ce%b1%ce%b3%ce%ae%cf%82-%ce%bc%ce%b5-%ce%ba%ce%b9%ce%bd%ce%b7%cf%84%ce%ae%cf%81%ce%b1\/","title":{"rendered":"V\u00e1lvula de tres v\u00edas motorizada para instalaciones forzadas"},"content":{"rendered":"<table class=\"rtable rtable--flip\">\n<thead>\n<tr>\n<th><strong>Art\u00edculo<\/strong><\/th>\n<th><strong>Descripci\u00f3n<\/strong><\/th>\n<\/tr>\n<\/thead>\n<tbody>\n<tr>\n<td>472.13018<\/td>\n<td>V\u00e1lvula de tres v\u00edas motorizada para circuitos de calefacci\u00f3n DN 25-1&#8243;<\/td>\n<\/tr>\n<tr>\n<td>472.0009<\/td>\n<td>V\u00e1lvula de tres v\u00edas motorizada para circuitos solares DN 20-3\/4&#8243;<\/td>\n<\/tr>\n<tr>\n<td>472.0013<\/td>\n<td>V\u00e1lvula de tres v\u00edas motorizada para circuitos solares DN 25-1&#8243;<\/td>\n<\/tr>\n<\/tbody>\n<\/table>\n<p><img loading=\"lazy\" decoding=\"async\" class=\"aligncenter wp-image-2167 size-full\" src=\"https:\/\/cosmosolar.com\/wp-content\/uploads\/2020\/04\/valvula-tres-vias.jpg\" alt=\"\" width=\"426\" height=\"514\" srcset=\"https:\/\/cosmosolar.com\/wp-content\/uploads\/2020\/04\/valvula-tres-vias.jpg 426w, https:\/\/cosmosolar.com\/wp-content\/uploads\/2020\/04\/valvula-tres-vias-300x362.jpg 300w, https:\/\/cosmosolar.com\/wp-content\/uploads\/2020\/04\/valvula-tres-vias-249x300.jpg 249w\" sizes=\"auto, (max-width: 426px) 100vw, 426px\" \/><\/p>\n","protected":false},"excerpt":{"rendered":"<p><span style=\"color: #ff6600;\"><strong>Accesorios de sistemas forzados<\/strong><\/span><\/p>\n<p><span style=\"color: #008000;\"><em>UV3: v\u00e1vlula motorizada de tres v\u00edas, para la distribuci\u00f3n del fluido caloportador en circuitos cerrados o de aguas en circuitos sanitarios, ideal para sistemas forzados.<\/em><\/span><\/p>\n<table class=\"woocommerce-product-attributes shop_attributes\">\n<tbody>\n<tr class=\"woocommerce-product-attributes-item woocommerce-product-attributes-item--attribute_%cf%84%ce%ac%cf%83%ce%b7-%ce%bb%ce%b5%ce%b9%cf%84%ce%bf%cf%85%cf%81%ce%b3%ce%af%ce%b1%cf%82\">\n<th class=\"woocommerce-product-attributes-item__label\">Tensi\u00f3n:<\/th>\n<td class=\"woocommerce-product-attributes-item__value\">AC 230V \/ 50&#8230;60Hz<\/td>\n<\/tr>\n<tr class=\"woocommerce-product-attributes-item woocommerce-product-attributes-item--attribute_%ce%b2%ce%b1%ce%b8%ce%bc%cf%8c%cf%82-%cf%80%cf%81%ce%bf%cf%83%cf%84%ce%b1%cf%83%ce%af%ce%b1%cf%82\">\n<th class=\"woocommerce-product-attributes-item__label\">Protecci\u00f3n:<\/th>\n<td class=\"woocommerce-product-attributes-item__value\">IP44<\/td>\n<\/tr>\n<tr class=\"woocommerce-product-attributes-item woocommerce-product-attributes-item--attribute_%ce%b8%ce%b5%cf%81%ce%bc%ce%bf%ce%ba%cf%81%ce%b1%cf%83%ce%af%ce%b1-%cf%85%ce%b3%cf%81%ce%bf%cf%8d\">\n<th class=\"woocommerce-product-attributes-item__label\">Temperatura del l\u00edquido:<\/th>\n<td class=\"woocommerce-product-attributes-item__value\">0\u2026180\u00b0C (115\u00b0C para poco tiempo)<\/td>\n<\/tr>\n<tr class=\"woocommerce-product-attributes-item woocommerce-product-attributes-item--attribute_%cf%87%cf%81%cf%8c%ce%bd%ce%bf%cf%82-%cf%80%ce%b5%cf%81%ce%b9%cf%83%cf%84%cf%81%ce%bf%cf%86%ce%ae%cf%82-%ce%ba%ce%b9%ce%bd%ce%b7%cf%84%ce%ae%cf%81%ce%b1\">\n<th class=\"woocommerce-product-attributes-item__label\">Tiempo de rotaci\u00f3n del motor:<\/th>\n<td class=\"woocommerce-product-attributes-item__value\">80s (para \u00e1ngulo de rotaci\u00f3n de 90\u00b0)<\/td>\n<\/tr>\n<tr class=\"woocommerce-product-attributes-item woocommerce-product-attributes-item--attribute_kvs\">\n<th class=\"woocommerce-product-attributes-item__label\">Kvs:<\/th>\n<td class=\"woocommerce-product-attributes-item__value\">10<\/td>\n<\/tr>\n<tr class=\"woocommerce-product-attributes-item woocommerce-product-attributes-item--attribute_%ce%ba%ce%b1%ce%bb%cf%8e%ce%b4%ce%b9%ce%bf-%cf%83%cf%8d%ce%bd%ce%b4%ce%b5%cf%83%ce%b7%cf%82\">\n<th class=\"woocommerce-product-attributes-item__label\">Cable de conexi\u00f3n:<\/th>\n<td class=\"woocommerce-product-attributes-item__value\">4\u03a70.5 mm\u00b2 y largo 1.8 m<\/td>\n<\/tr>\n<\/tbody>\n<\/table>\n","protected":false},"featured_media":1608,"comment_status":"open","ping_status":"closed","template":"","meta":[],"product_brand":[],"product_cat":[71],"product_tag":[107,106],"class_list":{"0":"post-1605","1":"product","2":"type-product","3":"status-publish","4":"has-post-thumbnail","6":"product_cat-hydraulic-accessories","7":"product_tag-107","8":"product_tag-106","10":"first","11":"instock","12":"taxable","13":"shipping-taxable","14":"product-type-simple"},"_links":{"self":[{"href":"https:\/\/cosmosolar.com\/es\/wp-json\/wp\/v2\/product\/1605","targetHints":{"allow":["GET"]}}],"collection":[{"href":"https:\/\/cosmosolar.com\/es\/wp-json\/wp\/v2\/product"}],"about":[{"href":"https:\/\/cosmosolar.com\/es\/wp-json\/wp\/v2\/types\/product"}],"replies":[{"embeddable":true,"href":"https:\/\/cosmosolar.com\/es\/wp-json\/wp\/v2\/comments?post=1605"}],"wp:featuredmedia":[{"embeddable":true,"href":"https:\/\/cosmosolar.com\/es\/wp-json\/wp\/v2\/media\/1608"}],"wp:attachment":[{"href":"https:\/\/cosmosolar.com\/es\/wp-json\/wp\/v2\/media?parent=1605"}],"wp:term":[{"taxonomy":"product_brand","embeddable":true,"href":"https:\/\/cosmosolar.com\/es\/wp-json\/wp\/v2\/product_brand?post=1605"},{"taxonomy":"product_cat","embeddable":true,"href":"https:\/\/cosmosolar.com\/es\/wp-json\/wp\/v2\/product_cat?post=1605"},{"taxonomy":"product_tag","embeddable":true,"href":"https:\/\/cosmosolar.com\/es\/wp-json\/wp\/v2\/product_tag?post=1605"}],"curies":[{"name":"wp","href":"https:\/\/api.w.org\/{rel}","templated":true}]}}