{"id":1584,"date":"2020-04-11T12:20:54","date_gmt":"2020-04-11T12:20:54","guid":{"rendered":"https:\/\/www.cosmosolar.com\/?post_type=product&#038;p=1584"},"modified":"2026-04-27T21:32:16","modified_gmt":"2026-04-27T19:32:16","slug":"boiler-%ce%b7%ce%bb%ce%b9%ce%b1%ce%ba%cf%89%ce%bd-%ce%b8%ce%b5%cf%81%ce%bc%ce%bf%cf%83%ce%b9%cf%86%cf%89%ce%bd%cf%89%ce%bd-%ce%ba%ce%bb%ce%b5%ce%b9%cf%83%cf%84%ce%bf%cf%85-%ce%ba%cf%85%ce%ba%ce%bb-2","status":"publish","type":"product","link":"https:\/\/cosmosolar.com\/es\/product\/boiler-%ce%b7%ce%bb%ce%b9%ce%b1%ce%ba%cf%89%ce%bd-%ce%b8%ce%b5%cf%81%ce%bc%ce%bf%cf%83%ce%b9%cf%86%cf%89%ce%bd%cf%89%ce%bd-%ce%ba%ce%bb%ce%b5%ce%b9%cf%83%cf%84%ce%bf%cf%85-%ce%ba%cf%85%ce%ba%ce%bb-2\/","title":{"rendered":"ACUMULADORES DE ACERO INOXIDABLE PARA SISTEMAS POR TERMOSIF\u00d3N"},"content":{"rendered":"<div class=\"wpb-content-wrapper\"><p>[vc_row][vc_column][vc_tta_accordion][vc_tta_section title=\u00bbDocumentos\u00bb tab_id=\u00bb1761317686441-a27310a9-4b8f\u00bb][vc_column_text]<br \/>\n<h4 style='margin-top: 0px;'>ACUMULADORES DE ACERO INOXIDABLE PARA SISTEMAS POR TERMOSIF\u00d3N<\/h4><ul style='margin-left: 0px;'><\/ul><h4 style='margin-top: 15px;'>Ficha t\u00e9cnica<\/h4><ul style='margin-left: 20px;'><li><a href=\"https:\/\/cosmosolar.com\/wp-content\/uploads\/documents\/english\/solar_water_heater_tanks\/solar_water_heater_STAINLESS_STEEL\/Datasheet\/solar_water_heater_INOX_tanks_technical_data_sheet.pdf\" target=\"_blank\" rel=\"noopener\">\ud83d\udcc4 solar_water_heater_INOX_tanks_technical_data_sheet.pdf<\/a><\/li><\/ul><br \/>\n[\/vc_column_text][\/vc_tta_section][vc_tta_section title=\u00bbDescripci\u00f3n\u00bb tab_id=\u00bb1761317686455-d10a3957-cc5d\u00bb][vc_column_text]<\/p>\n<p><span style=\"color: #0000ff;\"><strong>CARACTER\u00cdSTICAS T\u00c9CNICAS<\/strong><\/span><\/p>\n<table class=\"rtable rtable--flip\">\n<thead>\n<tr style=\"height: 24px;\">\n<th style=\"height: 24px;\"><strong>VOLUMEN NOMINAL<\/strong><\/th>\n<th style=\"height: 24px;\"><strong>120<\/strong><\/th>\n<th style=\"height: 24px;\"><strong>150<\/strong><\/th>\n<th style=\"height: 24px;\"><strong>170<\/strong><\/th>\n<th style=\"height: 24px;\"><strong>200<\/strong><\/th>\n<th style=\"height: 24px;\"><strong>300<\/strong><\/th>\n<\/tr>\n<\/thead>\n<tbody>\n<tr style=\"height: 24.6px;\">\n<td style=\"height: 24.6px;\">Medidas (mm)<\/td>\n<td style=\"height: 24.6px;\">500 x 1120<\/td>\n<td style=\"height: 24.6px;\">500 x 1300<\/td>\n<td style=\"height: 24.6px;\">580 x 1200<\/td>\n<td style=\"height: 24.6px;\">580 x 1320<\/td>\n<td style=\"height: 24.6px;\">580 x 1820<\/td>\n<\/tr>\n<tr style=\"height: 24px;\">\n<td style=\"height: 24px;\">Peso vac\u00edo (kg)<\/td>\n<td style=\"height: 24px;\">43<\/td>\n<td style=\"height: 24px;\">51<\/td>\n<td style=\"height: 24px;\">51<\/td>\n<td style=\"height: 24px;\">56<\/td>\n<td style=\"height: 24px;\">90<\/td>\n<\/tr>\n<tr style=\"height: 24px;\">\n<td style=\"height: 24px;\">Capacidad intercambiador (L)<\/td>\n<td style=\"height: 24px;\">4,0<\/td>\n<td style=\"height: 24px;\">4,5<\/td>\n<td style=\"height: 24px;\">4,5<\/td>\n<td style=\"height: 24px;\">5,0<\/td>\n<td style=\"height: 24px;\">9,0<\/td>\n<\/tr>\n<tr style=\"height: 24px;\">\n<td style=\"height: 24px;\">Volumen (L)<\/td>\n<td style=\"height: 24px;\">110<\/td>\n<td style=\"height: 24px;\">140<\/td>\n<td style=\"height: 24px;\">160<\/td>\n<td style=\"height: 24px;\">200<\/td>\n<td style=\"height: 24px;\">290<\/td>\n<\/tr>\n<tr style=\"height: 24px;\">\n<td style=\"height: 24px;\">Clasificaci\u00f3n energ\u00e9tica<\/td>\n<td style=\"height: 24px;\">B<\/td>\n<td style=\"height: 24px;\">B<\/td>\n<td style=\"height: 24px;\">B<\/td>\n<td style=\"height: 24px;\">B<\/td>\n<td style=\"height: 24px;\">C<\/td>\n<\/tr>\n<\/tbody>\n<\/table>\n<p><span style=\"color: #0000ff;\"><strong>ACUMULADORES PARA SISTEMAS DE CIRCUITO CERRADO, HECHOS CON ACERO INOXIDABLE 316L HiMo<\/strong><\/span><\/p>\n<p><strong>A. MODELOS BLIN CON ENTRADA INTERCAMBIADOR FRONTAL<\/strong><\/p>\n<table class=\"rtable rtable--flip\" style=\"width: 702px;\">\n<thead>\n<tr>\n<th style=\"width: 78px;\"><strong>MODELO<\/strong><\/th>\n<th style=\"width: 185px;\"><strong>MEDIDAS (mm x mm)<\/strong><\/th>\n<th style=\"width: 131.575px;\"><span style=\"font-family: monospace;\">CON RESISTENCIA<\/span><\/th>\n<th style=\"width: 282.425px;\"><strong>CON RESISTENCIA Y SEPRENT\u00cdN<\/strong><\/th>\n<\/tr>\n<\/thead>\n<tbody>\n<tr>\n<td style=\"width: 78px;\">BLIN 120<\/td>\n<td style=\"width: 185px;\">500 x 1,120<\/td>\n<td style=\"width: 131.575px;\">BLIN12DGGK4<\/td>\n<td style=\"width: 282.425px;\">BLIN12TGGK4<\/td>\n<\/tr>\n<tr>\n<td style=\"width: 78px;\">BLIN 150<\/td>\n<td style=\"width: 185px;\">500 x 1,300<\/td>\n<td style=\"width: 131.575px;\">BLIN15DGGK4<\/td>\n<td style=\"width: 282.425px;\">BLIN15TGGK4<\/td>\n<\/tr>\n<tr>\n<td style=\"width: 78px;\">BLIN 170<\/td>\n<td style=\"width: 185px;\">580 x 1,200<\/td>\n<td style=\"width: 131.575px;\">BLIN17DGGK4<\/td>\n<td style=\"width: 282.425px;\">BLIN17TGGK4<\/td>\n<\/tr>\n<tr>\n<td style=\"width: 78px;\">BLIN 200<\/td>\n<td style=\"width: 185px;\">580 x 1,320<\/td>\n<td style=\"width: 131.575px;\">BLIN20DGGK4<\/td>\n<td style=\"width: 282.425px;\">BLIN20TGGK4<\/td>\n<\/tr>\n<\/tbody>\n<\/table>\n<p><strong>B. MODELOS BLINP CON DIFUSOR ENERGON Y ENTRADA INTRCAMBIADOR LATERAL<\/strong><\/p>\n<table class=\"rtable rtable--flip\">\n<thead>\n<tr>\n<th><strong>MODELO<\/strong><\/th>\n<th><strong>MEDIDAS (mm x mm)<\/strong><\/th>\n<th><span style=\"font-family: monospace;\">CON RESISTENCIA<\/span><\/th>\n<th><strong>CON RESISTENCIA Y SEPRENT\u00cdN<\/strong><\/th>\n<\/tr>\n<\/thead>\n<tbody>\n<tr>\n<td>BLINP 120<\/td>\n<td>500 x 1,120<\/td>\n<td>BLINP12DGGK4<\/td>\n<td>BLINP12TGGK4<\/td>\n<\/tr>\n<tr>\n<td>BLINP 150<\/td>\n<td>500 x 1,300<\/td>\n<td>BLINP15DGGK4<\/td>\n<td>BLINP15TGGK4<\/td>\n<\/tr>\n<tr>\n<td>BLINP 170<\/td>\n<td>580 x 1,200<\/td>\n<td>BLINP17DGGK4<\/td>\n<td>BLINP17TGGK4<\/td>\n<\/tr>\n<tr>\n<td>BLINP 200<\/td>\n<td>580 x 1,320<\/td>\n<td>BLINP20DGGK4<\/td>\n<td>BLINP20TGGK4<\/td>\n<\/tr>\n<tr>\n<td>BLINP 300<\/td>\n<td>580 x 1,820<\/td>\n<td>BLINP30DGGK4<\/td>\n<td>BLINP30TGGK4<\/td>\n<\/tr>\n<\/tbody>\n<\/table>\n<p><strong>\u0393. MODELOS BLINC CON DIFUSOR ENERGON Y ENTRADAS\/SALIDAS LATERALES<\/strong><\/p>\n<table class=\"rtable rtable--flip\">\n<thead>\n<tr>\n<th><strong>MODELO<\/strong><\/th>\n<th><strong>MEDIDAS (mm x mm)<\/strong><\/th>\n<th><span style=\"font-family: monospace;\">CON RESISTENCIA<\/span><\/th>\n<th><strong>CON RESISTENCIA Y SEPRENT\u00cdN<\/strong><\/th>\n<\/tr>\n<\/thead>\n<tbody>\n<tr>\n<td>BLINC 120<\/td>\n<td>500 x 1,120<\/td>\n<td>BLINC12DGGK4<\/td>\n<td>BLINC12TGGK4<\/td>\n<\/tr>\n<tr>\n<td>BLINC 150<\/td>\n<td>500 x 1,300<\/td>\n<td>BLINC15DGGK4<\/td>\n<td>BLINC15TGGK4<\/td>\n<\/tr>\n<tr>\n<td>BLINC 170<\/td>\n<td>580 x 1,200<\/td>\n<td>BLINC17DGGK4<\/td>\n<td>BLINC17TGGK4<\/td>\n<\/tr>\n<tr>\n<td>BLINC 200<\/td>\n<td>580 x 1,320<\/td>\n<td>BLINC20DGGK4<\/td>\n<td>BLINC20TGGK4<\/td>\n<\/tr>\n<tr>\n<td>BLINC 300<\/td>\n<td>580 x 1,820<\/td>\n<td>BLINC30DGGK4<\/td>\n<td>BLINC30TGGK4<\/td>\n<\/tr>\n<\/tbody>\n<\/table>\n<p>[\/vc_column_text][\/vc_tta_section][\/vc_tta_accordion][\/vc_column][\/vc_row]<\/p>\n<\/div>","protected":false},"excerpt":{"rendered":"<p><span style=\"color: #ff6600;\"><strong>DESCRIPCI\u00d3N T\u00c9CNICA DE LOS ACUMULADORES DE SISTEMAS POR TERMOSIF\u00d3N DE ACERO <\/strong><\/span><\/p>\n<p><span style=\"color: #ff6600;\"><strong>INOXIDABLE TIPO AISI 316L<\/strong><\/span><\/p>\n<table class=\"woocommerce-product-attributes shop_attributes\" style=\"width: 644px;\">\n<tbody>\n<tr class=\"woocommerce-product-attributes-item woocommerce-product-attributes-item--attribute_%ce%b5%cf%83%cf%89%cf%84%ce%b5%cf%81%ce%b9%ce%ba%cf%8c-%ce%bc%ce%ad%cf%81%ce%bf%cf%82-%ce%b8%ce%b5%cf%81%ce%bc%ce%bf%ce%b4%ce%bf%cf%87%ce%b5%ce%af%ce%bf%cf%85\">\n<th class=\"woocommerce-product-attributes-item__label\" style=\"width: 318px;\"><span style=\"color: #008000;\">Material<\/span><\/th>\n<td class=\"woocommerce-product-attributes-item__value\" style=\"width: 310px;\">Acero inoxidable de 2mm tipo 316L HiMo<\/td>\n<\/tr>\n<tr class=\"woocommerce-product-attributes-item woocommerce-product-attributes-item--attribute_%ce%bc%ce%b1%ce%bd%ce%b4%cf%8d%ce%b1%cf%82-%ce%ba%ce%bb%ce%b5%ce%b9%cf%83%cf%84%ce%bf%cf%8d-%ce%ba%cf%85%ce%ba%ce%bb%cf%8e%ce%bc%ce%b1%cf%84%ce%bf%cf%82\">\n<th class=\"woocommerce-product-attributes-item__label\" style=\"width: 318px;\"><span style=\"color: #008000;\">Intercambiador<\/span><\/th>\n<td class=\"woocommerce-product-attributes-item__value\" style=\"width: 310px;\">de mismo material y espesor de 1,2mm<\/td>\n<\/tr>\n<tr class=\"woocommerce-product-attributes-item woocommerce-product-attributes-item--attribute_%ce%b1%ce%bd%ce%b1%ce%bc%ce%bf%ce%bd%ce%ad%cf%82-%ce%ba%ce%bb%ce%b5%ce%b9%cf%83%cf%84%ce%bf%cf%8d-%ce%ba%cf%85%ce%ba%ce%bb%cf%8e%ce%bc%ce%b1%cf%84%ce%bf%cf%82\">\n<th class=\"woocommerce-product-attributes-item__label\" style=\"width: 318px;\"><span style=\"color: #008000;\">Entradas intercambiador<\/span><\/th>\n<td class=\"woocommerce-product-attributes-item__value\" style=\"width: 310px;\">tubos de acero inoxidable 316L M \u00be\u00bb<\/td>\n<\/tr>\n<tr class=\"woocommerce-product-attributes-item woocommerce-product-attributes-item--attribute_%ce%b1%ce%bd%ce%b1%ce%bc%ce%bf%ce%bd%ce%ad%cf%82-%ce%ba%cf%81%cf%8d%ce%bf%cf%85-%ce%b6%ce%b5%cf%83%cf%84%ce%bf%cf%8d-%ce%bd%ce%b5%cf%81%ce%bf%cf%8d-%cf%87%cf%81%ce%ae%cf%83%ce%b7%cf%82\">\n<th class=\"woocommerce-product-attributes-item__label\" style=\"width: 318px;\"><span style=\"color: #008000;\">Entradas agua sanitaria<\/span><\/th>\n<td class=\"woocommerce-product-attributes-item__value\" style=\"width: 310px;\">tubos de acero inoxidable 316L M \u00bd\u00bb<\/td>\n<\/tr>\n<tr class=\"woocommerce-product-attributes-item woocommerce-product-attributes-item--attribute_%ce%b1%ce%bd%ce%b1%ce%bc%ce%bf%ce%bd%ce%ad%cf%82-%ce%b3%ce%b9%ce%b1-%ce%b2%ce%b1%ce%bb%ce%b2%ce%af%ce%b4%ce%b1-%ce%b1%cf%83%cf%86%ce%b1%ce%bb%ce%b5%ce%af%ce%b1%cf%82\">\n<th class=\"woocommerce-product-attributes-item__label\" style=\"width: 318px;\"><span style=\"color: #008000;\">Sede de v\u00e1lvulas de seguridad<\/span><\/th>\n<td class=\"woocommerce-product-attributes-item__value\" style=\"width: 310px;\">tubos de acero inoxidable 316L M \u00bd\u00bb<\/td>\n<\/tr>\n<tr class=\"woocommerce-product-attributes-item woocommerce-product-attributes-item--attribute_%ce%bc%cf%8c%ce%bd%cf%89%cf%83%ce%b7-%ce%b8%ce%b5%cf%81%ce%bc%ce%bf%ce%b4%ce%bf%cf%87%ce%b5%ce%af%ce%bf%cf%85\">\n<th class=\"woocommerce-product-attributes-item__label\" style=\"width: 318px;\"><span style=\"color: #008000;\">Aislamiento<\/span><\/th>\n<td class=\"woocommerce-product-attributes-item__value\" style=\"width: 310px;\">De P.U. expandido con espesor de 50mm y densidad 52 kgr\/m\u00b2, libre de CFC<\/td>\n<\/tr>\n<tr class=\"woocommerce-product-attributes-item woocommerce-product-attributes-item--attribute_%ce%b8%ce%b5%cf%81%ce%bc%ce%bf%ce%b1%ce%b3%cf%89%ce%b3%ce%b9%ce%bc%cf%8c%cf%84%ce%b7%cf%84%ce%b1\">\n<th class=\"woocommerce-product-attributes-item__label\" style=\"width: 318px;\"><span style=\"color: #008000;\">Conductividad del aislamiento<\/span><\/th>\n<td class=\"woocommerce-product-attributes-item__value\" style=\"width: 310px;\">\u03bb = 0,0180 W\/mK<\/td>\n<\/tr>\n<tr class=\"woocommerce-product-attributes-item woocommerce-product-attributes-item--attribute_%ce%b5%ce%be%cf%89%cf%84%ce%b5%cf%81%ce%b9%ce%ba%cf%8c-%cf%80%ce%b5%cf%81%ce%af%ce%b2%ce%bb%ce%b7%ce%bc%ce%b1-%ce%b8%ce%b5%cf%81%ce%bc%ce%bf%ce%b4%ce%bf%cf%87%ce%b5%ce%af%ce%bf%cf%85\">\n<th class=\"woocommerce-product-attributes-item__label\" style=\"width: 318px;\"><span style=\"color: #008000;\">Carcasa<\/span><\/th>\n<td class=\"woocommerce-product-attributes-item__value\" style=\"width: 310px;\">de aluminio pintado con pintura electrist\u00e1tica de horno tipo\u00a0 Seaside Class<\/td>\n<\/tr>\n<tr class=\"woocommerce-product-attributes-item woocommerce-product-attributes-item--attribute_%ce%ba%ce%b1%ce%b8%ce%bf%ce%b4%ce%b9%ce%ba%ce%ae-%cf%80%cf%81%ce%bf%cf%83%cf%84%ce%b1%cf%83%ce%af%ce%b1\">\n<th class=\"woocommerce-product-attributes-item__label\" style=\"width: 318px;\"><span style=\"color: #008000;\">Protecci\u00f3n cat\u00f3dica<\/span><\/th>\n<td class=\"woocommerce-product-attributes-item__value\" style=\"width: 310px;\">con \u00e1nodo di magnesio \u00d822mm \/ L=500mm para los modelos hasta los 200L y \u220532mm \/ L = 500mm para los dem\u00e1s<\/td>\n<\/tr>\n<tr class=\"woocommerce-product-attributes-item woocommerce-product-attributes-item--attribute_%cf%86%ce%bb%ce%ac%ce%bd%cf%84%ce%b6%ce%b1-%ce%ba%ce%b1%ce%b8%ce%b1%cf%81%ce%b9%cf%83%ce%bc%ce%bf%cf%8d-%ce%b1%ce%bd%cf%84%ce%af%cf%83%cf%84%ce%b1%cf%83%ce%b7%cf%82-%ce%b8%ce%b5%cf%81%ce%bc%ce%bf\">\n<th class=\"woocommerce-product-attributes-item__label\" style=\"width: 318px;\"><span style=\"color: #008000;\">Inspecci\u00f3n &#8211; sede resistencia el\u00e9ctrica<\/span><\/th>\n<td class=\"woocommerce-product-attributes-item__value\" style=\"width: 310px;\">Brida acero inoxidable 316L de \u00d8 140mm<\/td>\n<\/tr>\n<tr class=\"woocommerce-product-attributes-item woocommerce-product-attributes-item--attribute_%ce%b7%ce%bb%ce%b5%ce%ba%cf%84%cf%81%ce%b9%ce%ba%ce%ae-%ce%b1%ce%bd%cf%84%ce%af%cf%83%cf%84%ce%b1%cf%83%ce%b7\">\n<th class=\"woocommerce-product-attributes-item__label\" style=\"width: 318px;\"><span style=\"color: #008000;\">Resistencia el\u00e9ctrica<\/span><\/th>\n<td class=\"woocommerce-product-attributes-item__value\" style=\"width: 310px;\">de 1,5 a 4 kW con termostato de seguridad<\/td>\n<\/tr>\n<tr class=\"woocommerce-product-attributes-item woocommerce-product-attributes-item--attribute_%ce%b5%ce%bd%ce%b1%ce%bb%ce%bb%ce%ac%ce%ba%cf%84%ce%b7%cf%82\">\n<th class=\"woocommerce-product-attributes-item__label\" style=\"width: 318px;\"><span style=\"color: #008000;\">Intecambiador PLUS<\/span><\/th>\n<td class=\"woocommerce-product-attributes-item__value\" style=\"width: 310px;\">para conexi\u00f3n bien sea con la calecacci\u00f3n, bien sea con bomba de calor para aprovecharse de su funcionamiento<\/td>\n<\/tr>\n<\/tbody>\n<\/table>\n","protected":false},"featured_media":2058,"comment_status":"open","ping_status":"closed","template":"","meta":[],"product_brand":[],"product_cat":[57],"product_tag":[100,99,91],"class_list":{"0":"post-1584","1":"product","2":"type-product","3":"status-publish","4":"has-post-thumbnail","6":"product_cat-solar-water-heater-boiler","7":"product_tag-boiler","8":"product_tag-boiler--","9":"product_tag-inox","11":"first","12":"instock","13":"taxable","14":"shipping-taxable","15":"product-type-simple"},"_links":{"self":[{"href":"https:\/\/cosmosolar.com\/es\/wp-json\/wp\/v2\/product\/1584","targetHints":{"allow":["GET"]}}],"collection":[{"href":"https:\/\/cosmosolar.com\/es\/wp-json\/wp\/v2\/product"}],"about":[{"href":"https:\/\/cosmosolar.com\/es\/wp-json\/wp\/v2\/types\/product"}],"replies":[{"embeddable":true,"href":"https:\/\/cosmosolar.com\/es\/wp-json\/wp\/v2\/comments?post=1584"}],"wp:featuredmedia":[{"embeddable":true,"href":"https:\/\/cosmosolar.com\/es\/wp-json\/wp\/v2\/media\/2058"}],"wp:attachment":[{"href":"https:\/\/cosmosolar.com\/es\/wp-json\/wp\/v2\/media?parent=1584"}],"wp:term":[{"taxonomy":"product_brand","embeddable":true,"href":"https:\/\/cosmosolar.com\/es\/wp-json\/wp\/v2\/product_brand?post=1584"},{"taxonomy":"product_cat","embeddable":true,"href":"https:\/\/cosmosolar.com\/es\/wp-json\/wp\/v2\/product_cat?post=1584"},{"taxonomy":"product_tag","embeddable":true,"href":"https:\/\/cosmosolar.com\/es\/wp-json\/wp\/v2\/product_tag?post=1584"}],"curies":[{"name":"wp","href":"https:\/\/api.w.org\/{rel}","templated":true}]}}