{"id":1557,"date":"2020-04-11T07:04:13","date_gmt":"2020-04-11T07:04:13","guid":{"rendered":"https:\/\/www.cosmosolar.com\/?post_type=product&#038;p=1557"},"modified":"2025-11-11T13:33:12","modified_gmt":"2025-11-11T11:33:12","slug":"%ce%b7%ce%bb%ce%b9%ce%b1%ce%ba%ce%bf%ce%af-%ce%b8%ce%b5%cf%81%ce%bc%ce%bf%cf%83%ce%af%cf%86%cf%89%ce%bd%ce%b5%cf%82-inox-cs-120-300-2","status":"publish","type":"product","link":"https:\/\/cosmosolar.com\/es\/product\/%ce%b7%ce%bb%ce%b9%ce%b1%ce%ba%ce%bf%ce%af-%ce%b8%ce%b5%cf%81%ce%bc%ce%bf%cf%83%ce%af%cf%86%cf%89%ce%bd%ce%b5%cf%82-inox-cs-120-300-2\/","title":{"rendered":"SISTEMAS POR TERMOSIF\u00d3N | CS 120 &#8211; 300 IS con acumuladores de acero inoxidable 316L HiMo"},"content":{"rendered":"<div class=\"wpb-content-wrapper\"><p>[vc_row][vc_column][vc_tta_accordion][vc_tta_section title=\u00bbDocumentos\u00bb tab_id=\u00bb1761317686441-a27310a9-4b8f\u00bb][vc_column_text]<br \/>\n<h4 style='margin-top: 0px;'>CS 120 - 300 IS con acumuladores de acero inoxidable 316L HiMo<\/h4><ul style='margin-left: 0px;'><\/ul><h4 style='margin-top: 15px;'>Ficha t\u00e9cnica<\/h4><ul style='margin-left: 20px;'><li><a href=\"https:\/\/cosmosolar.com\/wp-content\/uploads\/documents\/english\/SOLAR_WATER_HEATERS\/CS-_120-300_INOX_316\/Datasheet\/CS_-_INOX_316_series_data_sheet.pdf\" target=\"_blank\" rel=\"noopener\">\ud83d\udcc4 CS_-_INOX_316_series_data_sheet.pdf<\/a><\/li><\/ul><h4 style='margin-top: 15px;'>Manuales<\/h4><ul style='margin-left: 20px;'><li><a href=\"https:\/\/cosmosolar.com\/wp-content\/uploads\/documents\/english\/SOLAR_WATER_HEATERS\/CS-_120-300_INOX_316\/Manual\/CS_manual.pdf\" target=\"_blank\" rel=\"noopener\">\ud83d\udcc4 CS_manual.pdf<\/a><\/li><\/ul><br \/>\n[\/vc_column_text][\/vc_tta_section][vc_tta_section title=\u00bbDescripci\u00f3n\u00bb tab_id=\u00bb1761317686455-d10a3957-cc5d\u00bb][vc_column_text]<\/p>\n<table class=\"rtable rtable--flip\">\n<thead>\n<tr>\n<th style=\"text-align: center;\"><strong>MODELO<\/strong><\/th>\n<th style=\"text-align: center;\"><strong>COLECTOR<\/strong><\/th>\n<th style=\"text-align: center;\"><strong>No DE COLECTORES<\/strong><\/th>\n<th style=\"text-align: center;\"><strong>TOTAL SUPERFICIE BRUTA (m\u00b2)<\/strong><\/th>\n<\/tr>\n<\/thead>\n<tbody>\n<tr>\n<td style=\"text-align: center;\">CS &#8211; 120 IS<\/td>\n<td style=\"text-align: center;\">EPI 25 CS<\/td>\n<td style=\"text-align: center;\">1 x 2,00 m\u00b2<\/td>\n<td style=\"text-align: center;\">2,00<\/td>\n<\/tr>\n<tr>\n<td style=\"text-align: center;\">CS &#8211; 170 IS<\/td>\n<td style=\"text-align: center;\">EPI 54 CS<\/td>\n<td style=\"text-align: center;\">1 x 2,52 m\u00b2<\/td>\n<td style=\"text-align: center;\">2,52<\/td>\n<\/tr>\n<tr>\n<td style=\"text-align: center;\">CS &#8211; 200 IS<\/td>\n<td style=\"text-align: center;\">EPI 56 CS<\/td>\n<td style=\"text-align: center;\">1 x 3,00 m\u00b2<\/td>\n<td style=\"text-align: center;\">3,00<\/td>\n<\/tr>\n<tr>\n<td style=\"text-align: center;\">CS &#8211; 300 IS<\/td>\n<td style=\"text-align: center;\">EPI 25 CS<\/td>\n<td style=\"text-align: center;\">2 x 2,00 m\u00b2<\/td>\n<td style=\"text-align: center;\">4,00<\/td>\n<\/tr>\n<\/tbody>\n<\/table>\n<p><img loading=\"lazy\" decoding=\"async\" class=\"aligncenter wp-image-1561 size-medium\" src=\"https:\/\/cosmosolar.com\/wp-content\/uploads\/2020\/04\/cs-texnika-1-300x277.jpg\" alt=\"\" width=\"300\" height=\"277\" srcset=\"https:\/\/cosmosolar.com\/wp-content\/uploads\/2020\/04\/cs-texnika-1-300x277.jpg 300w, https:\/\/cosmosolar.com\/wp-content\/uploads\/2020\/04\/cs-texnika-1.jpg 395w\" sizes=\"auto, (max-width: 300px) 100vw, 300px\" \/><\/p>\n<table class=\"rtable rtable--flip\" style=\"width: 882px;\">\n<thead>\n<tr>\n<th style=\"width: 99px; text-align: center;\"><strong>MODELO<\/strong><\/th>\n<th style=\"width: 106px; text-align: center;\"><strong>No DE COLECTORES<\/strong><\/th>\n<th style=\"width: 77px; text-align: center;\"><strong>TOTAL SUPERFICIE BRUTA (m\u00b2)<\/strong><\/th>\n<th class=\"colspan2\" style=\"width: 139px; text-align: center;\" colspan=\"2\"><strong>MEDIDAS ACUMULADOR (mm)<\/strong><\/th>\n<th class=\"colspan2\" style=\"width: 138px; text-align: center;\" colspan=\"2\"><strong>MEDIDAS COLECTOR (mm)<\/strong><\/th>\n<th style=\"width: 61px; text-align: center;\"><strong>(mm)<\/strong><\/th>\n<th style=\"width: 59px; text-align: center;\"><strong>(mm)<\/strong><\/th>\n<th style=\"width: 64px; text-align: center;\"><strong>(mm)<\/strong><\/th>\n<th style=\"width: 69px; text-align: center;\"><strong>PESO VAC\u00cdO(kg)<\/strong><\/th>\n<\/tr>\n<\/thead>\n<tbody>\n<tr>\n<td style=\"width: 99px; text-align: center;\"><\/td>\n<td style=\"width: 106px; text-align: center;\"><\/td>\n<td style=\"width: 77px; text-align: center;\"><\/td>\n<td style=\"width: 63px; text-align: center;\"><strong>\u0391<\/strong><\/td>\n<td style=\"width: 76px; text-align: center;\"><strong>\u0392<\/strong><\/td>\n<td style=\"width: 74px; text-align: center;\"><strong>C<\/strong><\/td>\n<td style=\"width: 64px; text-align: center;\"><strong>D<\/strong><\/td>\n<td style=\"width: 61px; text-align: center;\"><strong>E<\/strong><\/td>\n<td style=\"width: 59px; text-align: center;\"><strong>F<\/strong><\/td>\n<td style=\"width: 64px; text-align: center;\"><strong>G<\/strong><\/td>\n<td style=\"width: 69px; text-align: center;\"><\/td>\n<\/tr>\n<tr>\n<td style=\"width: 99px; text-align: center;\">CS &#8211; 120 IS<\/td>\n<td style=\"width: 106px; text-align: center;\">1 x 2,00<\/td>\n<td style=\"width: 77px; text-align: center;\">2,00<\/td>\n<td style=\"width: 63px; text-align: center;\">500<\/td>\n<td style=\"width: 76px; text-align: center;\">1120<\/td>\n<td style=\"width: 74px; text-align: center;\">2110<\/td>\n<td style=\"width: 64px; text-align: center;\">1110<\/td>\n<td style=\"width: 61px; text-align: center;\">2130<\/td>\n<td style=\"width: 59px; text-align: center;\">860<\/td>\n<td style=\"width: 64px; text-align: center;\">1880<\/td>\n<td style=\"width: 69px; text-align: center;\">105,40<\/td>\n<\/tr>\n<tr>\n<td style=\"width: 99px; text-align: center;\">CS &#8211; 170 IS<\/td>\n<td style=\"width: 106px; text-align: center;\">1 x 2,52<\/td>\n<td style=\"width: 77px; text-align: center;\">2,52<\/td>\n<td style=\"width: 63px; text-align: center;\">580<\/td>\n<td style=\"width: 76px; text-align: center;\">1200<\/td>\n<td style=\"width: 74px; text-align: center;\">2110<\/td>\n<td style=\"width: 64px; text-align: center;\">1370<\/td>\n<td style=\"width: 61px; text-align: center;\">2130<\/td>\n<td style=\"width: 59px; text-align: center;\">860<\/td>\n<td style=\"width: 64px; text-align: center;\">1880<\/td>\n<td style=\"width: 69px; text-align: center;\">122,90<\/td>\n<\/tr>\n<tr>\n<td style=\"width: 99px; text-align: center;\">CS &#8211; 200 IS<\/td>\n<td style=\"width: 106px; text-align: center;\">1 x 3,00<\/td>\n<td style=\"width: 77px; text-align: center;\">3,00<\/td>\n<td style=\"width: 63px; text-align: center;\">580<\/td>\n<td style=\"width: 76px; text-align: center;\">1320<\/td>\n<td style=\"width: 74px; text-align: center;\">2110<\/td>\n<td style=\"width: 64px; text-align: center;\">1610<\/td>\n<td style=\"width: 61px; text-align: center;\">2130<\/td>\n<td style=\"width: 59px; text-align: center;\">860<\/td>\n<td style=\"width: 64px; text-align: center;\">1960<\/td>\n<td style=\"width: 69px; text-align: center;\">138,90<\/td>\n<\/tr>\n<tr>\n<td style=\"width: 99px; text-align: center;\">CS &#8211; 300 IS<\/td>\n<td style=\"width: 106px; text-align: center;\">2 x 2,00<\/td>\n<td style=\"width: 77px; text-align: center;\">4,00<\/td>\n<td style=\"width: 63px; text-align: center;\">580<\/td>\n<td style=\"width: 76px; text-align: center;\">1820<\/td>\n<td style=\"width: 74px; text-align: center;\">2110<\/td>\n<td style=\"width: 64px; text-align: center;\">2320<\/td>\n<td style=\"width: 61px; text-align: center;\">2130<\/td>\n<td style=\"width: 59px; text-align: center;\">1040<\/td>\n<td style=\"width: 64px; text-align: center;\">1960<\/td>\n<td style=\"width: 69px; text-align: center;\">188,00<\/td>\n<\/tr>\n<\/tbody>\n<\/table>\n<p>[\/vc_column_text][\/vc_tta_section][\/vc_tta_accordion][\/vc_column][\/vc_row]<\/p>\n<\/div>","protected":false},"excerpt":{"rendered":"<p>FICHA T\u00c9CNICA<\/p>\n<table class=\"woocommerce-product-attributes shop_attributes\" style=\"width: 700px;\">\n<tbody>\n<tr class=\"woocommerce-product-attributes-item woocommerce-product-attributes-item--attribute_%ce%b5%ce%be%cf%89%cf%84%ce%b5%cf%81%ce%b9%ce%ba%cf%8c-%cf%80%ce%b5%cf%81%ce%af%ce%b2%ce%bb%ce%b7%ce%bc%ce%b1-%ce%b8%ce%b5%cf%81%ce%bc%ce%bf%ce%b4%ce%bf%cf%87%ce%b5%ce%af%ce%bf%cf%85\" style=\"height: 48px;\">\n<th class=\"woocommerce-product-attributes-item__label\" style=\"width: 225px; height: 48px;\">Carcasa exterior del acumulador<\/th>\n<td class=\"woocommerce-product-attributes-item__value\" style=\"width: 459px; height: 48px;\">de aluminio pintado con pintura electrost\u00e1tica de horno tipo Seaside Glass<\/td>\n<\/tr>\n<tr class=\"woocommerce-product-attributes-item woocommerce-product-attributes-item--attribute_%cf%87%cf%81%cf%8e%ce%bc%ce%b1\" style=\"height: 24px;\">\n<th class=\"woocommerce-product-attributes-item__label\" style=\"width: 225px; height: 24px;\">Color<\/th>\n<td class=\"woocommerce-product-attributes-item__value\" style=\"width: 459px; height: 24px;\">RAL9006<\/td>\n<\/tr>\n<tr class=\"woocommerce-product-attributes-item woocommerce-product-attributes-item--attribute_%ce%b5%cf%83%cf%89%cf%84%ce%b5%cf%81%ce%b9%ce%ba%cf%8c-%ce%bc%ce%ad%cf%81%ce%bf%cf%82-%ce%b8%ce%b5%cf%81%ce%bc%ce%bf%ce%b4%ce%bf%cf%87%ce%b5%ce%af%ce%bf%cf%85\" style=\"height: 48px;\">\n<th class=\"woocommerce-product-attributes-item__label\" style=\"width: 225px; height: 48px;\">Tanque interior<\/th>\n<td class=\"woocommerce-product-attributes-item__value\" style=\"width: 459px; height: 48px;\">de acero inoxidable 316L HiMo con espesor de 2.0mm<\/td>\n<\/tr>\n<tr class=\"woocommerce-product-attributes-item woocommerce-product-attributes-item--attribute_%ce%bc%ce%b1%ce%bd%ce%b4%cf%8d%ce%b1%cf%82-%ce%ba%ce%bb%ce%b5%ce%b9%cf%83%cf%84%ce%bf%cf%8d-%ce%ba%cf%85%ce%ba%ce%bb%cf%8e%ce%bc%ce%b1%cf%84%ce%bf%cf%82\" style=\"height: 24px;\">\n<th class=\"woocommerce-product-attributes-item__label\" style=\"width: 225px; height: 24px;\">Intercambiador<\/th>\n<td class=\"woocommerce-product-attributes-item__value\" style=\"width: 459px; height: 24px;\">del mismo material y espesor de 1.2mm<\/td>\n<\/tr>\n<tr class=\"woocommerce-product-attributes-item woocommerce-product-attributes-item--attribute_%ce%bc%cf%8c%ce%bd%cf%89%cf%83%ce%b7-%ce%b8%ce%b5%cf%81%ce%bc%ce%bf%ce%b4%ce%bf%cf%87%ce%b5%ce%af%ce%bf%cf%85\" style=\"height: 48px;\">\n<th class=\"woocommerce-product-attributes-item__label\" style=\"width: 225px; height: 48px;\">Aislamiento del acumulador<\/th>\n<td class=\"woocommerce-product-attributes-item__value\" style=\"width: 459px; height: 48px;\">de P.U. ecol\u00f3gico, libre de CFC [52kgr\/m\u00b3] con espesor de 50mm<\/td>\n<\/tr>\n<tr class=\"woocommerce-product-attributes-item woocommerce-product-attributes-item--attribute_%ce%ba%ce%b1%ce%b8%ce%bf%ce%b4%ce%b9%ce%ba%ce%ae-%cf%80%cf%81%ce%bf%cf%83%cf%84%ce%b1%cf%83%ce%af%ce%b1-%ce%b1%cf%80%cf%8c-%cf%84%ce%bf-%cf%86%ce%b1%ce%b9%ce%bd%cf%8c%ce%bc%ce%b5%ce%bd%ce%bf-%cf%84\" style=\"height: 24px;\">\n<th class=\"woocommerce-product-attributes-item__label\" style=\"width: 225px; height: 24px;\">Protecci\u00f3n cat\u00f3dica<\/th>\n<td class=\"woocommerce-product-attributes-item__value\" style=\"width: 459px; height: 24px;\">con \u00e1nodo de magnesio \u220522mm y L = 500mm<\/td>\n<\/tr>\n<tr class=\"woocommerce-product-attributes-item woocommerce-product-attributes-item--attribute_%ce%b7%ce%bb%ce%b5%ce%ba%cf%84%cf%81%ce%b9%ce%ba%ce%ae-%ce%b1%ce%bd%cf%84%ce%af%cf%83%cf%84%ce%b1%cf%83%ce%b7\" style=\"height: 48px;\">\n<th class=\"woocommerce-product-attributes-item__label\" style=\"width: 225px; height: 48px;\">Resistencia el\u00e9ctrica<\/th>\n<td class=\"woocommerce-product-attributes-item__value\" style=\"width: 459px; height: 48px;\">de 1,5 a 4 kW seg\u00fan el pa\u00eds de destino (y quando no est\u00e1 prohibido por las leyes locales) con termostato de seguridad<\/td>\n<\/tr>\n<tr class=\"woocommerce-product-attributes-item woocommerce-product-attributes-item--attribute_%ce%b5%ce%bd%ce%b1%ce%bb%ce%bb%ce%ac%ce%ba%cf%84%ce%b7%cf%82\" style=\"height: 48px;\">\n<th class=\"woocommerce-product-attributes-item__label\" style=\"width: 225px; height: 48px;\">Serpent\u00edn PLUS<\/th>\n<td class=\"woocommerce-product-attributes-item__value\" style=\"width: 459px; height: 48px;\">(bajo pedido) que puede ser conectado con caldera o pompa de calor para aprovecharse de la fuente energ\u00e9tica ya instalada<\/td>\n<\/tr>\n<tr class=\"woocommerce-product-attributes-item woocommerce-product-attributes-item--attribute_%ce%b5%ce%b9%ce%b4%ce%b9%ce%ba%cf%8c%cf%82-%ce%b4%ce%b9%ce%b1%cf%83%ce%ba%ce%bf%cf%81%cf%80%ce%b9%cf%83%cf%84%ce%ae%cf%82-energon\" style=\"height: 48px;\">\n<th class=\"woocommerce-product-attributes-item__label\" style=\"width: 225px; height: 48px;\">Difusor especial ENERGON<\/th>\n<td class=\"woocommerce-product-attributes-item__value\" style=\"width: 459px; height: 48px;\">que aumenta el rendimiento del\u00a0 acumulador hasta un 30%<\/td>\n<\/tr>\n<tr class=\"woocommerce-product-attributes-item woocommerce-product-attributes-item--attribute_%cf%80%ce%bb%ce%b1%ce%af%cf%83%ce%b9%ce%bf-%cf%83%cf%85%ce%bb%ce%bb%ce%ad%ce%ba%cf%84%ce%b7\" style=\"height: 24px;\">\n<th class=\"woocommerce-product-attributes-item__label\" style=\"width: 225px; height: 24px;\">Perfil de colector<\/th>\n<td class=\"woocommerce-product-attributes-item__value\" style=\"width: 459px; height: 24px;\">de\u00a0 aluminio (Al Mg Si 0.5) pintado con pintura electrost\u00e1tica de horno tipo Seaside Class<\/td>\n<\/tr>\n<tr class=\"woocommerce-product-attributes-item woocommerce-product-attributes-item--attribute_%ce%b5%cf%80%ce%b9%ce%bb%ce%b5%ce%ba%cf%84%ce%b9%ce%ba%cf%8c%cf%82-%ce%b1%cf%80%ce%bf%cf%81%cf%81%ce%bf%cf%86%ce%b7%cf%84%ce%ae%cf%82-%cf%84%ce%b9%cf%84%ce%b1%ce%bd%ce%af%ce%bf%cf%85\" style=\"height: 48px;\">\n<th class=\"woocommerce-product-attributes-item__label\" style=\"width: 225px; height: 48px;\">Absorbedor selectivo de titanio<\/th>\n<td class=\"woocommerce-product-attributes-item__value\" style=\"width: 459px; height: 48px;\">soldado sobre la parrilla de tubos con laser<\/td>\n<\/tr>\n<tr class=\"woocommerce-product-attributes-item woocommerce-product-attributes-item--attribute_%cf%83%cf%85%ce%bd%cf%84%ce%b5%ce%bb%ce%b5%cf%83%cf%84%ce%ae%cf%82-%ce%b1%cf%80%ce%bf%cf%81%cf%81%cf%8c%cf%86%ce%b7%cf%83%ce%b7%cf%82\" style=\"height: 24px;\">\n<th class=\"woocommerce-product-attributes-item__label\" style=\"width: 225px; height: 24px;\">Coeficiente de absorci\u00f3n<\/th>\n<td class=\"woocommerce-product-attributes-item__value\" style=\"width: 459px; height: 24px;\">\u03b1 \u2265 0.95 \u00b1 0.02<\/td>\n<\/tr>\n<tr class=\"woocommerce-product-attributes-item woocommerce-product-attributes-item--attribute_%cf%83%cf%85%ce%bd%cf%84%ce%b5%ce%bb%ce%b5%cf%83%cf%84%ce%ae%cf%82-%ce%b5%ce%ba%cf%80%ce%bf%ce%bc%cf%80%ce%ae%cf%82\" style=\"height: 24px;\">\n<th class=\"woocommerce-product-attributes-item__label\" style=\"width: 225px; height: 24px;\">Coeficiente de emisi\u00f3n<\/th>\n<td class=\"woocommerce-product-attributes-item__value\" style=\"width: 459px; height: 24px;\">\u03b5 \u2264 0.05 \u00b1 0.02<\/td>\n<\/tr>\n<tr class=\"woocommerce-product-attributes-item woocommerce-product-attributes-item--attribute_%ce%ac%ce%b8%cf%81%ce%b1%cf%85%cf%83%cf%84%ce%bf-%ce%ba%cf%81%cf%8d%cf%83%cf%84%ce%b1%ce%bb%ce%bb%ce%bf-%ce%b1%cf%83%cf%86%ce%b1%ce%bb%ce%b5%ce%af%ce%b1%cf%82\" style=\"height: 24px;\">\n<th class=\"woocommerce-product-attributes-item__label\" style=\"width: 225px; height: 24px;\">Vidrio de seguridad<\/th>\n<td class=\"woocommerce-product-attributes-item__value\" style=\"width: 459px; height: 24px;\">de espesor de 3,2mm, con trasmisividad \u03c4 \u2265 0.90 de bajo contenido en hierro<\/td>\n<\/tr>\n<tr class=\"woocommerce-product-attributes-item woocommerce-product-attributes-item--attribute_%ce%b2%ce%ac%cf%83%ce%b7-%ce%b7%ce%bb%ce%b9%ce%b1%ce%ba%ce%bf%cf%8d-%ce%b8%ce%b5%cf%81%ce%bc%ce%bf%cf%83%ce%af%cf%86%cf%89%ce%bd%ce%b1\" style=\"height: 24px;\">\n<th class=\"woocommerce-product-attributes-item__label\" style=\"width: 225px; height: 24px;\">Estructura soporte<\/th>\n<td class=\"woocommerce-product-attributes-item__value\" style=\"width: 459px; height: 24px;\">Universal para terraza y tejado, de aluminio<\/td>\n<\/tr>\n<tr class=\"woocommerce-product-attributes-item woocommerce-product-attributes-item--attribute_%ce%b2%ce%ac%cf%83%ce%b7-%ce%b7%ce%bb%ce%b9%ce%b1%ce%ba%ce%bf%cf%8d-%ce%b8%ce%b5%cf%81%ce%bc%ce%bf%cf%83%ce%af%cf%86%cf%89%ce%bd%ce%b1\" style=\"height: 24px;\">\n<th class=\"woocommerce-product-attributes-item__label\" style=\"width: 225px; height: 24px;\">Embellecedores<\/th>\n<td class=\"woocommerce-product-attributes-item__value\" style=\"width: 459px; height: 24px;\">hechos de aluminio sobre el colector para mayor est\u00e9tica<\/td>\n<\/tr>\n<\/tbody>\n<\/table>\n<p><!--more--><\/p>\n","protected":false},"featured_media":1559,"comment_status":"open","ping_status":"closed","template":"","meta":[],"product_brand":[],"product_cat":[58],"product_tag":[92,81,91,74,75],"class_list":{"0":"post-1557","1":"product","2":"type-product","3":"status-publish","4":"has-post-thumbnail","6":"product_cat-hliakoi-thermosifones","7":"product_tag-cs","8":"product_tag-cs-120-300","9":"product_tag-inox","10":"product_tag-74","11":"product_tag-75","13":"first","14":"instock","15":"taxable","16":"shipping-taxable","17":"product-type-simple"},"_links":{"self":[{"href":"https:\/\/cosmosolar.com\/es\/wp-json\/wp\/v2\/product\/1557","targetHints":{"allow":["GET"]}}],"collection":[{"href":"https:\/\/cosmosolar.com\/es\/wp-json\/wp\/v2\/product"}],"about":[{"href":"https:\/\/cosmosolar.com\/es\/wp-json\/wp\/v2\/types\/product"}],"replies":[{"embeddable":true,"href":"https:\/\/cosmosolar.com\/es\/wp-json\/wp\/v2\/comments?post=1557"}],"wp:featuredmedia":[{"embeddable":true,"href":"https:\/\/cosmosolar.com\/es\/wp-json\/wp\/v2\/media\/1559"}],"wp:attachment":[{"href":"https:\/\/cosmosolar.com\/es\/wp-json\/wp\/v2\/media?parent=1557"}],"wp:term":[{"taxonomy":"product_brand","embeddable":true,"href":"https:\/\/cosmosolar.com\/es\/wp-json\/wp\/v2\/product_brand?post=1557"},{"taxonomy":"product_cat","embeddable":true,"href":"https:\/\/cosmosolar.com\/es\/wp-json\/wp\/v2\/product_cat?post=1557"},{"taxonomy":"product_tag","embeddable":true,"href":"https:\/\/cosmosolar.com\/es\/wp-json\/wp\/v2\/product_tag?post=1557"}],"curies":[{"name":"wp","href":"https:\/\/api.w.org\/{rel}","templated":true}]}}