{"id":1540,"date":"2020-04-10T16:49:48","date_gmt":"2020-04-10T16:49:48","guid":{"rendered":"https:\/\/www.cosmosolar.com\/?post_type=product&#038;p=1540"},"modified":"2025-11-24T16:59:03","modified_gmt":"2025-11-24T14:59:03","slug":"%ce%b7%ce%bb%ce%b9%ce%b1%ce%ba%ce%bf%ce%af-%ce%b8%ce%b5%cf%81%ce%bc%ce%bf%cf%83%ce%af%cf%86%cf%89%ce%bd%ce%b5%cf%82-glass-gld-150-300","status":"publish","type":"product","link":"https:\/\/cosmosolar.com\/es\/product\/%ce%b7%ce%bb%ce%b9%ce%b1%ce%ba%ce%bf%ce%af-%ce%b8%ce%b5%cf%81%ce%bc%ce%bf%cf%83%ce%af%cf%86%cf%89%ce%bd%ce%b5%cf%82-glass-gld-150-300\/","title":{"rendered":"SISTEMAS POR TERMOSIF\u00d3N | SERIE GLK 120 \u2013 300 con acumulador vitrificado"},"content":{"rendered":"<div class=\"wpb-content-wrapper\"><p>[vc_row][vc_column][vc_tta_accordion][vc_tta_section title=\u00bbDocumentos\u00bb tab_id=\u00bb1761317686441-a27310a9-4b8f\u00bb][vc_column_text]<br \/>\n<h4 style='margin-top: 0px;'>SERIE GLK 120 \u2013 300 con acumulador vitrificado<\/h4><ul style='margin-left: 0px;'><\/ul><h4 style='margin-top: 15px;'>Ficha t\u00e9cnica<\/h4><ul style='margin-left: 20px;'><li><a href=\"https:\/\/cosmosolar.com\/wp-content\/uploads\/documents\/english\/SOLAR_WATER_HEATERS\/SERIES_GLK_ENAMELED\/Datasheet\/solar_water_heater_COSMOSOLAR_UNIVERSAL_STRUCTURE_technical_data_sheet.pdf\" target=\"_blank\" rel=\"noopener\">\ud83d\udcc4 solar_water_heater_COSMOSOLAR_UNIVERSAL_STRUCTURE_technical_data_sheet.pdf<\/a><\/li><\/ul><h4 style='margin-top: 15px;'>Manuales<\/h4><ul style='margin-left: 20px;'><li><a href=\"https:\/\/cosmosolar.com\/wp-content\/uploads\/documents\/english\/SOLAR_WATER_HEATERS\/SERIES_GLK_ENAMELED\/Manual\/Installation_manual_universal_support_base.pdf\" target=\"_blank\" rel=\"noopener\">\ud83d\udcc4 Installation_manual_universal_support_base.pdf<\/a><\/li><\/ul><br \/>\n[\/vc_column_text][\/vc_tta_section][vc_tta_section title=\u00bbDescripci\u00f3n\u00bb tab_id=\u00bb1761317686455-d10a3957-cc5d\u00bb][vc_column_text]<\/p>\n<table class=\"rtable rtable--flip\">\n<tbody>\n<tr>\n<th style=\"text-align: center;\"><strong>MODELO<\/strong><\/th>\n<th style=\"text-align: center;\"><strong>COLECTOR<\/strong><\/th>\n<th style=\"text-align: center;\"><strong>No DE COLECTORES<\/strong><\/th>\n<th style=\"text-align: center;\"><strong>TOTAL \u00c1REA BRUTA (m\u00b2)<\/strong><\/th>\n<\/tr>\n<tr>\n<td style=\"text-align: center;\"><strong>EGLK 120\/2,00<\/strong><\/td>\n<td style=\"text-align: center;\">EPI 25 NV<\/td>\n<td style=\"text-align: center;\">1 x 2,00 m\u00b2<\/td>\n<td style=\"text-align: center;\">2,00<\/td>\n<\/tr>\n<tr>\n<td style=\"text-align: center;\"><strong>EGLK 150\/2,00<\/strong><\/td>\n<td style=\"text-align: center;\">EPI 25 NV<\/td>\n<td style=\"text-align: center;\">1 x 2,00 m\u00b2<\/td>\n<td style=\"text-align: center;\">2,00<\/td>\n<\/tr>\n<tr>\n<td style=\"text-align: center;\"><strong>EGLK 150\/2,24<\/strong><\/td>\n<td style=\"text-align: center;\">EPI 16 NV<\/td>\n<td style=\"text-align: center;\">1 x 2,24 m\u00b2<\/td>\n<td style=\"text-align: center;\">2,24<\/td>\n<\/tr>\n<tr>\n<td style=\"text-align: center;\"><strong>EGLK 170\/2.24<\/strong><\/td>\n<td style=\"text-align: center;\">EPI 16 NV<\/td>\n<td style=\"text-align: center;\">1 x 2,24 m\u00b2<\/td>\n<td style=\"text-align: center;\">2,24<\/td>\n<\/tr>\n<tr>\n<td style=\"text-align: center;\"><strong>EGLK 170\/2,53<\/strong><\/td>\n<td style=\"text-align: center;\">EPI 54 NV<\/td>\n<td style=\"text-align: center;\">1 x 2,53 m\u00b2<\/td>\n<td style=\"text-align: center;\">2,53<\/td>\n<\/tr>\n<tr>\n<td style=\"text-align: center;\"><strong>EGLK 200\/2.24<\/strong><\/td>\n<td style=\"text-align: center;\">EPI 16 NV<\/td>\n<td style=\"text-align: center;\">1 x 2,24 m\u00b2<\/td>\n<td style=\"text-align: center;\">2,24<\/td>\n<\/tr>\n<tr>\n<td style=\"text-align: center;\"><strong>EGLK 200\/2,53<\/strong><\/td>\n<td style=\"text-align: center;\">EPI 54 NV<\/td>\n<td style=\"text-align: center;\">1 x 2,53 m\u00b2<\/td>\n<td style=\"text-align: center;\">2,53<\/td>\n<\/tr>\n<tr>\n<td style=\"text-align: center;\"><strong>EGLK 200\/4,00<\/strong><\/td>\n<td style=\"text-align: center;\">EPI 25 KL<\/td>\n<td style=\"text-align: center;\">2 x 2,00 m\u00b2<\/td>\n<td style=\"text-align: center;\">4,00<\/td>\n<\/tr>\n<tr>\n<td style=\"text-align: center;\"><strong>EGLK 200\/5,06<\/strong><\/td>\n<td style=\"text-align: center;\">EPI 54 NV<\/td>\n<td style=\"text-align: center;\">2 x 2,53 m\u00b2<\/td>\n<td style=\"text-align: center;\">5,06<\/td>\n<\/tr>\n<tr>\n<td style=\"text-align: center;\"><strong>ELGK 300\/3,00<\/strong><\/td>\n<td style=\"text-align: center;\">EPI 20 NV<\/td>\n<td style=\"text-align: center;\">2 x 1,50 m\u00b2<\/td>\n<td style=\"text-align: center;\">3,00<\/td>\n<\/tr>\n<tr>\n<td style=\"text-align: center;\"><strong>EGLK 300\/4.00<\/strong><\/td>\n<td style=\"text-align: center;\">EPI 25 NV<\/td>\n<td style=\"text-align: center;\">2 x 2,00 m\u00b2<\/td>\n<td style=\"text-align: center;\">4,00<\/td>\n<\/tr>\n<tr>\n<td style=\"text-align: center;\"><strong>EGLK 300\/4.48<\/strong><\/td>\n<td style=\"text-align: center;\">EPI 16 NV<\/td>\n<td style=\"text-align: center;\">2 x 2,24 m\u00b2<\/td>\n<td style=\"text-align: center;\">4,48<\/td>\n<\/tr>\n<tr>\n<td style=\"text-align: center;\"><strong>EGLK 300\/5,06<\/strong><\/td>\n<td style=\"text-align: center;\">EPI 54 NV<\/td>\n<td style=\"text-align: center;\">2 x 2,53 m\u00b2<\/td>\n<td style=\"text-align: center;\">5,06<\/td>\n<\/tr>\n<tr>\n<td style=\"text-align: center;\"><strong>EGLK 300\/7,59<\/strong><\/td>\n<td style=\"text-align: center;\">EPI 54 NV<\/td>\n<td style=\"text-align: center;\">3 x 2,53 m\u00b2<\/td>\n<td style=\"text-align: center;\">7,59<\/td>\n<\/tr>\n<\/tbody>\n<\/table>\n<p><img loading=\"lazy\" decoding=\"async\" width=\"286\" height=\"300\" class=\"wp-image-2075 size-medium aligncenter\" style=\"color: #787878; font-family: 'Open Sans', sans-serif; font-size: 14px;\" src=\"https:\/\/cosmosolar.com\/wp-content\/uploads\/2020\/04\/GLK-DIMENSIONS-286x300.jpg\" alt=\"\" srcset=\"https:\/\/cosmosolar.com\/wp-content\/uploads\/2020\/04\/GLK-DIMENSIONS-286x300.jpg 286w, https:\/\/cosmosolar.com\/wp-content\/uploads\/2020\/04\/GLK-DIMENSIONS-300x314.jpg 300w, https:\/\/cosmosolar.com\/wp-content\/uploads\/2020\/04\/GLK-DIMENSIONS.jpg 458w\" sizes=\"auto, (max-width: 286px) 100vw, 286px\" \/><\/p>\n<table class=\"rtable rtable--flip\">\n<tbody>\n<tr>\n<th style=\" text-align: center;\"><strong>MODELO<\/strong><\/th>\n<th style=\" text-align: center;\"><strong>No DE COLECTORES<\/strong><\/th>\n<th style=\" text-align: center;\"><strong>TOTAL \u00c1REA BRUTA (m\u00b2)<\/strong><\/th>\n<th style=\" text-align: center;\" colspan=\"2\"><strong>MEDIDAS ACUMULADOR (mm)<\/strong><\/th>\n<th style=\" text-align: center;\" colspan=\"3\"><strong>MEDIDAS COLECTOR (mm)<\/strong><\/th>\n<th style=\" text-align: center;\"><strong>(mm)<\/strong><\/th>\n<th style=\" text-align: center;\"><strong>(mm)<\/strong><\/th>\n<th style=\" text-align: center;\"><strong>(mm)<\/strong><\/th>\n<th style=\" text-align: center;\"><strong>PESO VAC\u00cdO(kg)<\/strong><\/th>\n<\/tr>\n<tr>\n<td style=\" text-align: center;\"><\/td>\n<td style=\" text-align: center;\"><\/td>\n<td style=\" text-align: center;\"><\/td>\n<td style=\" text-align: center;\"><strong>\u0391<\/strong><\/td>\n<td style=\" text-align: center;\"><strong>\u0392<\/strong><\/td>\n<td style=\" text-align: center;\"><strong>C<\/strong><\/td>\n<td style=\" text-align: center;\"><strong>D<\/strong><\/td>\n<td style=\" text-align: center;\"><strong>E<\/strong><\/td>\n<td style=\" text-align: center;\"><strong>Z<\/strong><\/td>\n<td style=\" text-align: center;\"><strong>H<\/strong><\/td>\n<td style=\" text-align: center;\"><strong>G<\/strong><\/td>\n<td style=\" text-align: center;\"><\/td>\n<\/tr>\n<tr>\n<td style=\" text-align: center;\"><strong>EGLK 120\/2,00<\/strong><\/td>\n<td style=\" text-align: center;\">1 x 2,00<\/td>\n<td style=\" text-align: center;\">2,00<\/td>\n<td style=\" text-align: center;\">500<\/td>\n<td style=\" text-align: center;\">1120<\/td>\n<td style=\" text-align: center;\">1000<\/td>\n<td style=\" text-align: center;\">2000<\/td>\n<td style=\" text-align: center;\">85<\/td>\n<td style=\" text-align: center;\">2020<\/td>\n<td style=\" text-align: center;\">1865<\/td>\n<td style=\" text-align: center;\">860<\/td>\n<td style=\" text-align: center;\">110,50<\/td>\n<\/tr>\n<tr>\n<td style=\" text-align: center;\"><strong>EGLK 150\/2,00<\/strong><\/td>\n<td style=\" text-align: center;\">1 x 2,00<\/td>\n<td style=\" text-align: center;\">2,00<\/td>\n<td style=\" text-align: center;\">500<\/td>\n<td style=\" text-align: center;\">1300<\/td>\n<td style=\" text-align: center;\">1000<\/td>\n<td style=\" text-align: center;\">2000<\/td>\n<td style=\" text-align: center;\">85<\/td>\n<td style=\" text-align: center;\">2020<\/td>\n<td style=\" text-align: center;\">1865<\/td>\n<td style=\" text-align: center;\">860<\/td>\n<td style=\" text-align: center;\">121,50<\/td>\n<\/tr>\n<tr>\n<td style=\" text-align: center;\"><strong>EGLK 150\/2,24<\/strong><\/td>\n<td style=\" text-align: center;\">1 x 2,24<\/td>\n<td style=\" text-align: center;\">2,24<\/td>\n<td style=\" text-align: center;\">500<\/td>\n<td style=\" text-align: center;\">1300<\/td>\n<td style=\" text-align: center;\">1180<\/td>\n<td style=\" text-align: center;\">1900<\/td>\n<td style=\" text-align: center;\">85<\/td>\n<td style=\" text-align: center;\">2020<\/td>\n<td style=\" text-align: center;\">1865<\/td>\n<td style=\" text-align: center;\">860<\/td>\n<td style=\" text-align: center;\">124,10<\/td>\n<\/tr>\n<tr>\n<td style=\" text-align: center;\"><strong>EGLK 170\/2.24<\/strong><\/td>\n<td style=\" text-align: center;\">1 x 2,24<\/td>\n<td style=\" text-align: center;\">2,24<\/td>\n<td style=\" text-align: center;\">580<\/td>\n<td style=\" text-align: center;\">1200<\/td>\n<td style=\" text-align: center;\">1180<\/td>\n<td style=\" text-align: center;\">1900<\/td>\n<td style=\" text-align: center;\">85<\/td>\n<td style=\" text-align: center;\">2020<\/td>\n<td style=\" text-align: center;\">1865<\/td>\n<td style=\" text-align: center;\">860<\/td>\n<td style=\" text-align: center;\">124,10<\/td>\n<\/tr>\n<tr>\n<td style=\" text-align: center;\"><strong>EGLK 170\/2,53<\/strong><\/td>\n<td style=\" text-align: center;\">1 x 2,53<\/td>\n<td style=\" text-align: center;\">2,53<\/td>\n<td style=\" text-align: center;\">580<\/td>\n<td style=\" text-align: center;\">1200<\/td>\n<td style=\" text-align: center;\">1258<\/td>\n<td style=\" text-align: center;\">2000<\/td>\n<td style=\" text-align: center;\">85<\/td>\n<td style=\" text-align: center;\">2020<\/td>\n<td style=\" text-align: center;\">1865<\/td>\n<td style=\" text-align: center;\">860<\/td>\n<td style=\" text-align: center;\">127,90<\/td>\n<\/tr>\n<tr>\n<td style=\" text-align: center;\"><strong>EGLK 200\/2.24<\/strong><\/td>\n<td style=\" text-align: center;\">1 x 2.24<\/td>\n<td style=\" text-align: center;\">2,24<\/td>\n<td style=\" text-align: center;\">580<\/td>\n<td style=\" text-align: center;\">1320<\/td>\n<td style=\" text-align: center;\">1180<\/td>\n<td style=\" text-align: center;\">1900<\/td>\n<td style=\" text-align: center;\">85<\/td>\n<td style=\" text-align: center;\">2130<\/td>\n<td style=\" text-align: center;\">1865<\/td>\n<td style=\" text-align: center;\">860<\/td>\n<td style=\" text-align: center;\">128,10<\/td>\n<\/tr>\n<tr>\n<td style=\" text-align: center;\"><strong>EGLK 200\/2,53<\/strong><\/td>\n<td style=\" text-align: center;\">1 x 2,53<\/td>\n<td style=\" text-align: center;\">2,53<\/td>\n<td style=\" text-align: center;\">580<\/td>\n<td style=\" text-align: center;\">1320<\/td>\n<td style=\" text-align: center;\">1258<\/td>\n<td style=\" text-align: center;\">2000<\/td>\n<td style=\" text-align: center;\">85<\/td>\n<td style=\" text-align: center;\">2130<\/td>\n<td style=\" text-align: center;\">1865<\/td>\n<td style=\" text-align: center;\">860<\/td>\n<td style=\" text-align: center;\">170,20<\/td>\n<\/tr>\n<tr>\n<td style=\" text-align: center;\"><strong>EGLK 200\/4,00<\/strong><\/td>\n<td style=\" text-align: center;\">2 x 2,00<\/td>\n<td style=\" text-align: center;\">4,00<\/td>\n<td style=\" text-align: center;\">580<\/td>\n<td style=\" text-align: center;\">1320<\/td>\n<td style=\" text-align: center;\">2100<\/td>\n<td style=\" text-align: center;\">2000<\/td>\n<td style=\" text-align: center;\">85<\/td>\n<td style=\" text-align: center;\">2130<\/td>\n<td style=\" text-align: center;\">1865<\/td>\n<td style=\" text-align: center;\">1040<\/td>\n<td style=\" text-align: center;\">170,20<\/td>\n<\/tr>\n<tr>\n<td style=\" text-align: center;\"><strong>EGLK 200\/5,06<\/strong><\/td>\n<td style=\" text-align: center;\">2 x 2,53<\/td>\n<td style=\" text-align: center;\">5,06<\/td>\n<td style=\" text-align: center;\">580<\/td>\n<td style=\" text-align: center;\">1320<\/td>\n<td style=\" text-align: center;\">2616<\/td>\n<td style=\" text-align: center;\">2000<\/td>\n<td style=\" text-align: center;\">85<\/td>\n<td style=\" text-align: center;\">2130<\/td>\n<td style=\" text-align: center;\">1865<\/td>\n<td style=\" text-align: center;\">1040<\/td>\n<td style=\" text-align: center;\">181,00<\/td>\n<\/tr>\n<tr>\n<td style=\" text-align: center;\"><strong>ELGK 300\/3,00<\/strong><\/td>\n<td style=\" text-align: center;\">2 x 1,50<\/td>\n<td style=\" text-align: center;\">3,00<\/td>\n<td style=\" text-align: center;\">580<\/td>\n<td style=\" text-align: center;\">1820<\/td>\n<td style=\" text-align: center;\">2100<\/td>\n<td style=\" text-align: center;\">1500<\/td>\n<td style=\" text-align: center;\">85<\/td>\n<td style=\" text-align: center;\">2130<\/td>\n<td style=\" text-align: center;\">1765<\/td>\n<td style=\" text-align: center;\">1040<\/td>\n<td style=\" text-align: center;\">176,50<\/td>\n<\/tr>\n<tr>\n<td style=\" text-align: center;\"><strong>EGLK 300\/4.00<\/strong><\/td>\n<td style=\" text-align: center;\">2 x 2,00<\/td>\n<td style=\" text-align: center;\">4,00<\/td>\n<td style=\" text-align: center;\">580<\/td>\n<td style=\" text-align: center;\">1820<\/td>\n<td style=\" text-align: center;\">2100<\/td>\n<td style=\" text-align: center;\">2000<\/td>\n<td style=\" text-align: center;\">85<\/td>\n<td style=\" text-align: center;\">2130<\/td>\n<td style=\" text-align: center;\">1865<\/td>\n<td style=\" text-align: center;\">1040<\/td>\n<td style=\" text-align: center;\">190,50<\/td>\n<\/tr>\n<tr>\n<td style=\" text-align: center;\"><strong>EGLK 300\/4.48<\/strong><\/td>\n<td style=\" text-align: center;\">2 x 2,24<\/td>\n<td style=\" text-align: center;\">4,48<\/td>\n<td style=\" text-align: center;\">580<\/td>\n<td style=\" text-align: center;\">1820<\/td>\n<td style=\" text-align: center;\">2460<\/td>\n<td style=\" text-align: center;\">1900<\/td>\n<td style=\" text-align: center;\">85<\/td>\n<td style=\" text-align: center;\">2130<\/td>\n<td style=\" text-align: center;\">1865<\/td>\n<td style=\" text-align: center;\">1040<\/td>\n<td style=\" text-align: center;\">195,70<\/td>\n<\/tr>\n<tr>\n<td style=\" text-align: center;\"><strong>EGLK 300\/5,06<\/strong><\/td>\n<td style=\" text-align: center;\">2 x 2,53<\/td>\n<td style=\" text-align: center;\">5,06<\/td>\n<td style=\" text-align: center;\">580<\/td>\n<td style=\" text-align: center;\">1820<\/td>\n<td style=\" text-align: center;\">2616<\/td>\n<td style=\" text-align: center;\">2000<\/td>\n<td style=\" text-align: center;\">85<\/td>\n<td style=\" text-align: center;\">2130<\/td>\n<td style=\" text-align: center;\">1865<\/td>\n<td style=\" text-align: center;\">1040<\/td>\n<td style=\" text-align: center;\">203,50<\/td>\n<\/tr>\n<tr>\n<td style=\" text-align: center;\"><strong>EGLK 300\/7,59<\/strong><\/td>\n<td style=\" text-align: center;\">3 x 2,53<\/td>\n<td style=\" text-align: center;\">7,59<\/td>\n<td style=\" text-align: center;\">580<\/td>\n<td style=\" text-align: center;\">1820<\/td>\n<td style=\" text-align: center;\">3974<\/td>\n<td style=\" text-align: center;\">2000<\/td>\n<td style=\" text-align: center;\">85<\/td>\n<td style=\" text-align: center;\">2130<\/td>\n<td style=\" text-align: center;\">1865<\/td>\n<td style=\" text-align: center;\">1040 + 860<\/td>\n<td style=\" text-align: center;\">260,00<\/td>\n<\/tr>\n<\/tbody>\n<\/table>\n<p>[\/vc_column_text][\/vc_tta_section][\/vc_tta_accordion][\/vc_column][\/vc_row]<\/p>\n<\/div>","protected":false},"excerpt":{"rendered":"<table class=\"woocommerce-product-attributes shop_attributes\" style=\"width: 716px;\">\n<tbody>\n<tr class=\"woocommerce-product-attributes-item woocommerce-product-attributes-item--attribute_%ce%b5%ce%be%cf%89%cf%84%ce%b5%cf%81%ce%b9%ce%ba%cf%8c-%cf%80%ce%b5%cf%81%ce%af%ce%b2%ce%bb%ce%b7%ce%bc%ce%b1-%ce%b8%ce%b5%cf%81%ce%bc%ce%bf%ce%b4%ce%bf%cf%87%ce%b5%ce%af%ce%bf%cf%85\" style=\"height: 48px;\">\n<th class=\"woocommerce-product-attributes-item__label\" style=\"width: 225px; height: 48px;\">Carcasa exterior del acumulador<\/th>\n<td class=\"woocommerce-product-attributes-item__value\" style=\"width: 475px; height: 48px;\">de aluminio pintado con pintura electrost\u00e1tica de horno tipo Seaside Glass<\/td>\n<\/tr>\n<tr class=\"woocommerce-product-attributes-item woocommerce-product-attributes-item--attribute_%cf%87%cf%81%cf%8e%ce%bc%ce%b1\" style=\"height: 24px;\">\n<th class=\"woocommerce-product-attributes-item__label\" style=\"width: 225px; height: 24px;\">Color<\/th>\n<td class=\"woocommerce-product-attributes-item__value\" style=\"width: 475px; height: 24px;\">RAL9006<\/td>\n<\/tr>\n<tr class=\"woocommerce-product-attributes-item woocommerce-product-attributes-item--attribute_%ce%b5%cf%83%cf%89%cf%84%ce%b5%cf%81%ce%b9%ce%ba%cf%8c-%ce%bc%ce%ad%cf%81%ce%bf%cf%82-%ce%b8%ce%b5%cf%81%ce%bc%ce%bf%ce%b4%ce%bf%cf%87%ce%b5%ce%af%ce%bf%cf%85\" style=\"height: 48px;\">\n<th class=\"woocommerce-product-attributes-item__label\" style=\"width: 225px; height: 48px;\">Tanque interior<\/th>\n<td class=\"woocommerce-product-attributes-item__value\" style=\"width: 475px; height: 48px;\">de acero de bajo carbono, espesor de 3mm doble vitrificado a temperatura de 860\u00b0C seg\u00fan el est\u00e1ndar DIN 4753<\/td>\n<\/tr>\n<tr class=\"woocommerce-product-attributes-item woocommerce-product-attributes-item--attribute_%ce%bc%ce%b1%ce%bd%ce%b4%cf%8d%ce%b1%cf%82-%ce%ba%ce%bb%ce%b5%ce%b9%cf%83%cf%84%ce%bf%cf%8d-%ce%ba%cf%85%ce%ba%ce%bb%cf%8e%ce%bc%ce%b1%cf%84%ce%bf%cf%82\" style=\"height: 24px;\">\n<th class=\"woocommerce-product-attributes-item__label\" style=\"width: 225px; height: 24px;\">Intercambiador<\/th>\n<td class=\"woocommerce-product-attributes-item__value\" style=\"width: 475px; height: 24px;\">del mismo material y espesor de 1.5mm<\/td>\n<\/tr>\n<tr class=\"woocommerce-product-attributes-item woocommerce-product-attributes-item--attribute_%ce%bc%cf%8c%ce%bd%cf%89%cf%83%ce%b7-%ce%b8%ce%b5%cf%81%ce%bc%ce%bf%ce%b4%ce%bf%cf%87%ce%b5%ce%af%ce%bf%cf%85\" style=\"height: 48px;\">\n<th class=\"woocommerce-product-attributes-item__label\" style=\"width: 225px; height: 48px;\">Aislamiento del acumulador<\/th>\n<td class=\"woocommerce-product-attributes-item__value\" style=\"width: 475px; height: 48px;\">de P.U. ecol\u00f3gico, libre de CFC [52kgr\/m\u00b3] con espesor de 50mm<\/td>\n<\/tr>\n<tr class=\"woocommerce-product-attributes-item woocommerce-product-attributes-item--attribute_%ce%ba%ce%b1%ce%b8%ce%bf%ce%b4%ce%b9%ce%ba%ce%ae-%cf%80%cf%81%ce%bf%cf%83%cf%84%ce%b1%cf%83%ce%af%ce%b1-%ce%b1%cf%80%cf%8c-%cf%84%ce%bf-%cf%86%ce%b1%ce%b9%ce%bd%cf%8c%ce%bc%ce%b5%ce%bd%ce%bf-%cf%84\" style=\"height: 24px;\">\n<th class=\"woocommerce-product-attributes-item__label\" style=\"width: 225px; height: 24px;\">Protecci\u00f3n cat\u00f3dica<\/th>\n<td class=\"woocommerce-product-attributes-item__value\" style=\"width: 475px; height: 24px;\">con \u00e1nodo de magnesio \u220522mm y L = 500mm<\/td>\n<\/tr>\n<tr class=\"woocommerce-product-attributes-item woocommerce-product-attributes-item--attribute_%ce%b7%ce%bb%ce%b5%ce%ba%cf%84%cf%81%ce%b9%ce%ba%ce%ae-%ce%b1%ce%bd%cf%84%ce%af%cf%83%cf%84%ce%b1%cf%83%ce%b7\" style=\"height: 48px;\">\n<th class=\"woocommerce-product-attributes-item__label\" style=\"width: 225px; height: 48px;\">Resistencia el\u00e9ctrica<\/th>\n<td class=\"woocommerce-product-attributes-item__value\" style=\"width: 475px; height: 48px;\">de 1,5 a 4 kW seg\u00fan el pa\u00eds de destino (y quando no est\u00e1 prohibido por las leyes locales) con termostato de seguridad<\/td>\n<\/tr>\n<tr class=\"woocommerce-product-attributes-item woocommerce-product-attributes-item--attribute_%ce%b5%ce%bd%ce%b1%ce%bb%ce%bb%ce%ac%ce%ba%cf%84%ce%b7%cf%82\" style=\"height: 48px;\">\n<th class=\"woocommerce-product-attributes-item__label\" style=\"width: 225px; height: 48px;\">Serpent\u00edn PLUS<\/th>\n<td class=\"woocommerce-product-attributes-item__value\" style=\"width: 475px; height: 48px;\">(bajo pedido) que puede ser conectado con caldera o pompa de calor para aprovecharse de la fuente energ\u00e9tica ya instalada<\/td>\n<\/tr>\n<tr class=\"woocommerce-product-attributes-item woocommerce-product-attributes-item--attribute_%ce%b5%ce%b9%ce%b4%ce%b9%ce%ba%cf%8c%cf%82-%ce%b4%ce%b9%ce%b1%cf%83%ce%ba%ce%bf%cf%81%cf%80%ce%b9%cf%83%cf%84%ce%ae%cf%82-energon\" style=\"height: 48px;\">\n<th class=\"woocommerce-product-attributes-item__label\" style=\"width: 225px; height: 48px;\">Difusor especial ENERGON<\/th>\n<td class=\"woocommerce-product-attributes-item__value\" style=\"width: 475px; height: 48px;\">que aumenta el rendimiento del\u00a0 acumulador hasta un 30%<\/td>\n<\/tr>\n<tr class=\"woocommerce-product-attributes-item woocommerce-product-attributes-item--attribute_%cf%80%ce%bb%ce%b1%ce%af%cf%83%ce%b9%ce%bf-%cf%83%cf%85%ce%bb%ce%bb%ce%ad%ce%ba%cf%84%ce%b7\" style=\"height: 24px;\">\n<th class=\"woocommerce-product-attributes-item__label\" style=\"width: 225px; height: 24px;\">Perfil de colector<\/th>\n<td class=\"woocommerce-product-attributes-item__value\" style=\"width: 475px; height: 24px;\">de\u00a0 aluminio (Al Mg Si 0.5) pintado con pintura electrost\u00e1tica de horno tipo Seaside Class<\/td>\n<\/tr>\n<tr class=\"woocommerce-product-attributes-item woocommerce-product-attributes-item--attribute_%ce%b5%cf%80%ce%b9%ce%bb%ce%b5%ce%ba%cf%84%ce%b9%ce%ba%cf%8c%cf%82-%ce%b1%cf%80%ce%bf%cf%81%cf%81%ce%bf%cf%86%ce%b7%cf%84%ce%ae%cf%82-%cf%84%ce%b9%cf%84%ce%b1%ce%bd%ce%af%ce%bf%cf%85\" style=\"height: 48px;\">\n<th class=\"woocommerce-product-attributes-item__label\" style=\"width: 225px; height: 48px;\">Absorbedor selectivo de titanio<\/th>\n<td class=\"woocommerce-product-attributes-item__value\" style=\"width: 475px; height: 48px;\">soldado sobre la parrilla de tubos con laser<\/td>\n<\/tr>\n<tr class=\"woocommerce-product-attributes-item woocommerce-product-attributes-item--attribute_%cf%83%cf%85%ce%bd%cf%84%ce%b5%ce%bb%ce%b5%cf%83%cf%84%ce%ae%cf%82-%ce%b1%cf%80%ce%bf%cf%81%cf%81%cf%8c%cf%86%ce%b7%cf%83%ce%b7%cf%82\" style=\"height: 24px;\">\n<th class=\"woocommerce-product-attributes-item__label\" style=\"width: 225px; height: 24px;\">Coeficiente de absorci\u00f3n<\/th>\n<td class=\"woocommerce-product-attributes-item__value\" style=\"width: 475px; height: 24px;\">\u03b1 \u2265 0.95 \u00b1 0.02<\/td>\n<\/tr>\n<tr class=\"woocommerce-product-attributes-item woocommerce-product-attributes-item--attribute_%cf%83%cf%85%ce%bd%cf%84%ce%b5%ce%bb%ce%b5%cf%83%cf%84%ce%ae%cf%82-%ce%b5%ce%ba%cf%80%ce%bf%ce%bc%cf%80%ce%ae%cf%82\" style=\"height: 24px;\">\n<th class=\"woocommerce-product-attributes-item__label\" style=\"width: 225px; height: 24px;\">Coeficiente de emisi\u00f3n<\/th>\n<td class=\"woocommerce-product-attributes-item__value\" style=\"width: 475px; height: 24px;\">\u03b5 \u2264 0.05 \u00b1 0.02<\/td>\n<\/tr>\n<tr class=\"woocommerce-product-attributes-item woocommerce-product-attributes-item--attribute_%ce%ac%ce%b8%cf%81%ce%b1%cf%85%cf%83%cf%84%ce%bf-%ce%ba%cf%81%cf%8d%cf%83%cf%84%ce%b1%ce%bb%ce%bb%ce%bf-%ce%b1%cf%83%cf%86%ce%b1%ce%bb%ce%b5%ce%af%ce%b1%cf%82\" style=\"height: 24px;\">\n<th class=\"woocommerce-product-attributes-item__label\" style=\"width: 225px; height: 24px;\">Vidrio de seguridad<\/th>\n<td class=\"woocommerce-product-attributes-item__value\" style=\"width: 475px; height: 24px;\">de espesor de 3,2mm, con trasmisividad \u03c4 \u2265 0.90 de bajo contenido en hierro<\/td>\n<\/tr>\n<tr class=\"woocommerce-product-attributes-item woocommerce-product-attributes-item--attribute_%ce%b2%ce%ac%cf%83%ce%b7-%ce%b7%ce%bb%ce%b9%ce%b1%ce%ba%ce%bf%cf%8d-%ce%b8%ce%b5%cf%81%ce%bc%ce%bf%cf%83%ce%af%cf%86%cf%89%ce%bd%ce%b1\" style=\"height: 24px;\">\n<th class=\"woocommerce-product-attributes-item__label\" style=\"width: 225px; height: 24px;\">Estructura soporte<\/th>\n<td class=\"woocommerce-product-attributes-item__value\" style=\"width: 475px; height: 24px;\">Universal para terraza (45 grados) y tejado, de acero galvanizado en caliente<\/td>\n<\/tr>\n<\/tbody>\n<\/table>\n","protected":false},"featured_media":2207,"comment_status":"open","ping_status":"closed","template":"","meta":[],"product_brand":[],"product_cat":[58],"product_tag":[82,86,85,74,75],"class_list":{"0":"post-1540","1":"product","2":"type-product","3":"status-publish","4":"has-post-thumbnail","6":"product_cat-hliakoi-thermosifones","7":"product_tag-glass","8":"product_tag-gld","9":"product_tag-gld-150-300","10":"product_tag-74","11":"product_tag-75","13":"first","14":"instock","15":"taxable","16":"shipping-taxable","17":"product-type-simple"},"_links":{"self":[{"href":"https:\/\/cosmosolar.com\/es\/wp-json\/wp\/v2\/product\/1540","targetHints":{"allow":["GET"]}}],"collection":[{"href":"https:\/\/cosmosolar.com\/es\/wp-json\/wp\/v2\/product"}],"about":[{"href":"https:\/\/cosmosolar.com\/es\/wp-json\/wp\/v2\/types\/product"}],"replies":[{"embeddable":true,"href":"https:\/\/cosmosolar.com\/es\/wp-json\/wp\/v2\/comments?post=1540"}],"wp:featuredmedia":[{"embeddable":true,"href":"https:\/\/cosmosolar.com\/es\/wp-json\/wp\/v2\/media\/2207"}],"wp:attachment":[{"href":"https:\/\/cosmosolar.com\/es\/wp-json\/wp\/v2\/media?parent=1540"}],"wp:term":[{"taxonomy":"product_brand","embeddable":true,"href":"https:\/\/cosmosolar.com\/es\/wp-json\/wp\/v2\/product_brand?post=1540"},{"taxonomy":"product_cat","embeddable":true,"href":"https:\/\/cosmosolar.com\/es\/wp-json\/wp\/v2\/product_cat?post=1540"},{"taxonomy":"product_tag","embeddable":true,"href":"https:\/\/cosmosolar.com\/es\/wp-json\/wp\/v2\/product_tag?post=1540"}],"curies":[{"name":"wp","href":"https:\/\/api.w.org\/{rel}","templated":true}]}}