{"id":883,"date":"2016-01-04T15:52:41","date_gmt":"2016-01-04T15:52:41","guid":{"rendered":"https:\/\/themes.webdevia.com\/solar-wp\/?page_id=883"},"modified":"2026-02-10T17:04:45","modified_gmt":"2026-02-10T15:04:45","slug":"home-3","status":"publish","type":"page","link":"https:\/\/cosmosolar.com\/es\/","title":{"rendered":"Home"},"content":{"rendered":"<div class=\"wpb-content-wrapper\"><p>[vc_row][vc_column][rev_slider_vc alias=\u00bbhome-one-slider-gb-1&#8243;][vc_row_inner][vc_column_inner width=\u00bb1\/6&#8243;][\/vc_column_inner][vc_column_inner width=\u00bb2\/3&#8243;][vc_single_image source=\u00bbexternal_link\u00bb onclick=\u00bbcustom_link\u00bb img_link_target=\u00bb_blank\u00bb custom_src=\u00bbhttps:\/\/cosmosolar.com\/wp-content\/uploads\/2025\/06\/espa2027_en.jpg\u00bb link=\u00bbhttps:\/\/cosmosolar.com\/en\/\u03c0\u03b5\u03c1\u03b9\u03b3\u03c1\u03b1\u03c6\u03ae-\u03ad\u03c1\u03b3\u03bf\u03c5-\u03b3\u03b9\u03b1-\u03c4\u03bf\u03bd-\u03c0\u03c1\u03ac\u03c3\u03b9\u03bd\u03bf-\u03bc\u03b5\u03c4\u03b1\u03c3\/\u00bb][\/vc_column_inner][vc_column_inner width=\u00bb1\/6&#8243;][\/vc_column_inner][\/vc_row_inner][\/vc_column][\/vc_row][vc_row css=\u00bb.vc_custom_1494264524801{margin-right: 0px !important;margin-left: 0px !important;padding-top: 80px !important;}\u00bb][vc_column]\r\n\r\n<div class=\"\" >\r\n  <div class=\"large-12 columns  wd-title-section_c\" >\r\n      <h2>Experiencia, flexibilidad y calidad: nuestros sin\u00f3nimos<\/p>\n<h3><\/h3>\n<h4><\/h4>\n<p><\/h2>\r\n        <h5>Nuevo colector certificado de superficie de 3 metros: cont\u00e1ctanos para obterner informaci\u00f3n<\/h5>\r\n    \r\n  <\/div>\r\n<\/div>\r\n\r\n  \r\n\r\n\r\n<div class=\"greenenergy_empty_space\" data-heightmobile=\"10px\" data-heighttablet=\"0\" data-heightdesktop=\"0\">\r\n\r\n<\/div>\r\n      \r\n\r\n\r\n\r\n        \r\n      \r\n    [vc_column_text]<\/p>\n<p style=\"text-align: center;\">Alta calidad certificada<\/p>\n<p style=\"text-align: center;\">Altos rendimientos garantizados<\/p>\n<p style=\"text-align: center;\">Dise\u00f1os innovadores &#8211; \u00e9mfasis en la est\u00e9tica<\/p>\n<p>[\/vc_column_text][vc_row_inner][vc_column_inner width=\u00bb1\/3&#8243; css=\u00bb.vc_custom_1452623145322{padding-right: 15px !important;padding-left: 15px !important;}\u00bb]\r\n\r\n\r\n\r\n<div class=\"wd-section-blog-services text-center style-3\">\r\n  <article class=\"layout-2  \" >\r\n      <div class=\"wd-blog-post\">\r\n        <div class=\"svg-wrapper\">\r\n          <svg width=\"172\" height=\"172\" xmlns=\"http:\/\/www.w3.org\/2000\/svg\">\r\n            <rect height=\"166\" width=\"166\" class=\"shape\"><\/rect>\r\n          <\/svg>\r\n          <div class=\"img-wrapper\">\r\n\r\n                                   \t<img decoding=\"async\" src=\"https:\/\/cosmosolar.com\/wp-content\/uploads\/2020\/09\/ksenodoxeio-b.jpg\" alt=\"icon\"\/>\r\n             \t\r\n             \t          <\/div>\r\n        <\/div>\r\n        <h4 class=\"wd-title-element\">Applicaciones tur\u00edsticas<\/h4>\r\n        <p>\r\n          Energ\u00eda solar t\u00e9rmica ofrece una serie de aplicaciones para el sector tur\u00edstico: calefacci\u00f3n, generaci\u00f3n de fr\u00edo, calefacci\u00f3n de piscinas y muchas m\u00e1s.        <\/p>\r\n      <\/div>\r\n  <\/article>\r\n  <\/div>\r\n    [\/vc_column_inner][vc_column_inner width=\u00bb1\/3&#8243; css=\u00bb.vc_custom_1452623155628{padding-right: 15px !important;padding-left: 15px !important;}\u00bb]\r\n\r\n\r\n\r\n<div class=\"wd-section-blog-services text-center style-3\">\r\n  <article class=\"layout-2  \" >\r\n      <div class=\"wd-blog-post\">\r\n        <div class=\"svg-wrapper\">\r\n          <svg width=\"172\" height=\"172\" xmlns=\"http:\/\/www.w3.org\/2000\/svg\">\r\n            <rect height=\"166\" width=\"166\" class=\"shape\"><\/rect>\r\n          <\/svg>\r\n          <div class=\"img-wrapper\">\r\n\r\n                                   \t<img decoding=\"async\" src=\"https:\/\/cosmosolar.com\/wp-content\/uploads\/2020\/09\/spiti-b.jpg\" alt=\"icon\"\/>\r\n             \t\r\n             \t          <\/div>\r\n        <\/div>\r\n        <h4 class=\"wd-title-element\">Aplicaciones dom\u00e9sticas<\/h4>\r\n        <p>\r\n          Un calentador de agua solar seg\u00fan las diferentes exigencias de cada consumidor: Sistemas por termosif\u00f3n, sistemas por circulaci\u00f3n forzadas, aplicaciones de apoyo a calefacci\u00f3n...        <\/p>\r\n      <\/div>\r\n  <\/article>\r\n  <\/div>\r\n    [\/vc_column_inner][vc_column_inner width=\u00bb1\/3&#8243; css=\u00bb.vc_custom_1452623164469{padding-right: 15px !important;padding-left: 15px !important;}\u00bb]\r\n\r\n\r\n\r\n<div class=\"wd-section-blog-services text-center style-3\">\r\n  <article class=\"layout-2  \" >\r\n      <div class=\"wd-blog-post\">\r\n        <div class=\"svg-wrapper\">\r\n          <svg width=\"172\" height=\"172\" xmlns=\"http:\/\/www.w3.org\/2000\/svg\">\r\n            <rect height=\"166\" width=\"166\" class=\"shape\"><\/rect>\r\n          <\/svg>\r\n          <div class=\"img-wrapper\">\r\n\r\n                                   \t<img decoding=\"async\" src=\"https:\/\/cosmosolar.com\/wp-content\/uploads\/2020\/09\/biomixania.jpg\" alt=\"icon\"\/>\r\n             \t\r\n             \t          <\/div>\r\n        <\/div>\r\n        <h4 class=\"wd-title-element\">Aplicaciones industriales<\/h4>\r\n        <p>\r\n          Industria textil, agroalimentaria, qu\u00edmica, son unos de los sectores ya favorecidos. Y queda mucho m\u00e1s...        <\/p>\r\n      <\/div>\r\n  <\/article>\r\n  <\/div>\r\n    [\/vc_column_inner][\/vc_row_inner][\/vc_column][\/vc_row][vc_row css=\u00bb.vc_custom_1494264936413{margin-right: 0px !important;margin-left: 0px !important;}\u00bb][vc_column]\r\n\r\n<div class=\"\" >\r\n  <div class=\"large-12 columns  wd-title-section_c\" >\r\n      <h2>Nuestras noticias<\/p>\n<h3><\/h3>\n<h4><\/h4>\n<p><\/h2>\r\n        <h5>- - -<\/h5>\r\n    \r\n  <\/div>\r\n<\/div>\r\n\r\n  \r\n\r\n\t<ul class='simple-blog small-block-grid-1 medium-block-grid-2 large-block-grid-3' >\r\n  \t    \r\n    \t<li>\r\n    \t   <div class=\"wd-latest-news hvr-underline-from-center  animated \" data-animated=fadeInUp>\r\n            <div class=\"wd-image-date\">\r\n              <img loading=\"lazy\" decoding=\"async\" width=\"1222\" height=\"241\" src=\"https:\/\/cosmosolar.com\/wp-content\/uploads\/2025\/10\/thumbnail_image001-1.png\" class=\"attachment-webdevia_blog_shortcode size-webdevia_blog_shortcode wp-post-image\" alt=\"\" srcset=\"https:\/\/cosmosolar.com\/wp-content\/uploads\/2025\/10\/thumbnail_image001-1.png 1222w, https:\/\/cosmosolar.com\/wp-content\/uploads\/2025\/10\/thumbnail_image001-1-300x59.png 300w, https:\/\/cosmosolar.com\/wp-content\/uploads\/2025\/10\/thumbnail_image001-1-1024x202.png 1024w, https:\/\/cosmosolar.com\/wp-content\/uploads\/2025\/10\/thumbnail_image001-1-768x151.png 768w, https:\/\/cosmosolar.com\/wp-content\/uploads\/2025\/10\/thumbnail_image001-1-600x118.png 600w\" sizes=\"auto, (max-width: 1222px) 100vw, 1222px\" \/> \r\n            <\/div> \r\n                          <ul class=\"simple-blog__meta clearfix\">\r\n                <li>enero 1, 2026<\/li>\r\n                <li><a href=\"https:\/\/cosmosolar.com\/es\/category\/uncategorized-el\/\" rel=\"category tag\">Uncategorized<\/a><\/li> \r\n              <\/ul>\r\n           \r\n            <h4 class=\"wd-title-element\"><a href=\"https:\/\/cosmosolar.com\/es\/2026\/01\/01\/mce-milan-2026\/\">MCE Milan 2026<\/a><\/h4> \r\n             \r\n                        <div class=\"simple-blog__read-more\"> \r\n              <a class=\"hvr-pop read-more\" href=\"https:\/\/cosmosolar.com\/es\/2026\/01\/01\/mce-milan-2026\/\">Learn More \u2192<\/a>\r\n            <\/div>\r\n           \r\n        <\/div>\r\n    \t<\/li>\r\n  \t    \r\n    \t<li>\r\n    \t   <div class=\"wd-latest-news hvr-underline-from-center  animated \" data-animated=fadeInUp>\r\n            <div class=\"wd-image-date\">\r\n              <img loading=\"lazy\" decoding=\"async\" width=\"378\" height=\"324\" src=\"https:\/\/cosmosolar.com\/wp-content\/uploads\/2025\/10\/climatherm.jpg\" class=\"attachment-webdevia_blog_shortcode size-webdevia_blog_shortcode wp-post-image\" alt=\"\" srcset=\"https:\/\/cosmosolar.com\/wp-content\/uploads\/2025\/10\/climatherm.jpg 378w, https:\/\/cosmosolar.com\/wp-content\/uploads\/2025\/10\/climatherm-300x257.jpg 300w\" sizes=\"auto, (max-width: 378px) 100vw, 378px\" \/> \r\n            <\/div> \r\n                          <ul class=\"simple-blog__meta clearfix\">\r\n                <li>octubre 15, 2025<\/li>\r\n                <li><a href=\"https:\/\/cosmosolar.com\/es\/category\/uncategorized-el\/\" rel=\"category tag\">Uncategorized<\/a><\/li> \r\n              <\/ul>\r\n           \r\n            <h4 class=\"wd-title-element\"><a href=\"https:\/\/cosmosolar.com\/es\/2025\/10\/15\/climatherm-energy-2026\/\">Climatherm Energy 2026<\/a><\/h4> \r\n             \r\n                        <div class=\"simple-blog__read-more\"> \r\n              <a class=\"hvr-pop read-more\" href=\"https:\/\/cosmosolar.com\/es\/2025\/10\/15\/climatherm-energy-2026\/\">Learn More \u2192<\/a>\r\n            <\/div>\r\n           \r\n        <\/div>\r\n    \t<\/li>\r\n  \t    \r\n    \t<li>\r\n    \t   <div class=\"wd-latest-news hvr-underline-from-center  animated \" data-animated=fadeInUp>\r\n            <div class=\"wd-image-date\">\r\n              <img loading=\"lazy\" decoding=\"async\" width=\"708\" height=\"426\" src=\"https:\/\/cosmosolar.com\/wp-content\/uploads\/2022\/01\/MCE-Milas-2022-small.png\" class=\"attachment-webdevia_blog_shortcode size-webdevia_blog_shortcode wp-post-image\" alt=\"\" srcset=\"https:\/\/cosmosolar.com\/wp-content\/uploads\/2022\/01\/MCE-Milas-2022-small.png 708w, https:\/\/cosmosolar.com\/wp-content\/uploads\/2022\/01\/MCE-Milas-2022-small-300x181.png 300w, https:\/\/cosmosolar.com\/wp-content\/uploads\/2022\/01\/MCE-Milas-2022-small-600x361.png 600w\" sizes=\"auto, (max-width: 708px) 100vw, 708px\" \/> \r\n            <\/div> \r\n                          <ul class=\"simple-blog__meta clearfix\">\r\n                <li>enero 21, 2022<\/li>\r\n                <li><a href=\"https:\/\/cosmosolar.com\/es\/category\/news\/\" rel=\"category tag\">Noticias<\/a><\/li> \r\n              <\/ul>\r\n           \r\n            <h4 class=\"wd-title-element\"><a href=\"https:\/\/cosmosolar.com\/es\/2022\/01\/21\/mce-milan-2022\/\">MCE Milan 2022<\/a><\/h4> \r\n             \r\n                        <div class=\"simple-blog__read-more\"> \r\n              <a class=\"hvr-pop read-more\" href=\"https:\/\/cosmosolar.com\/es\/2022\/01\/21\/mce-milan-2022\/\">Learn More \u2192<\/a>\r\n            <\/div>\r\n           \r\n        <\/div>\r\n    \t<\/li>\r\n  \t  <\/ul>\r\n\r\n  [\/vc_column][\/vc_row][vc_row full_width=\u00bbstretch_row_content\u00bb css=\u00bb.vc_custom_1456484992671{padding-top: 50px !important;padding-right: 0px !important;padding-bottom: 0px !important;padding-left: 0px !important;background-color: #92c938 !important;background-position: center !important;background-repeat: no-repeat !important;background-size: cover !important;}\u00bb font_color=\u00bb#ffffff\u00bb animation_delay=\u00bb300&#8243;][vc_column][vc_row_inner el_class=\u00bbrow\u00bb][vc_column_inner]\n<div class=\"wpcf7 no-js\" id=\"wpcf7-f701-o1\" lang=\"en-US\" dir=\"ltr\" data-wpcf7-id=\"701\">\n<div class=\"screen-reader-response\"><p role=\"status\" aria-live=\"polite\" aria-atomic=\"true\"><\/p> <ul><\/ul><\/div>\n<form action=\"\/es\/wp-json\/wp\/v2\/pages\/883#wpcf7-f701-o1\" method=\"post\" class=\"wpcf7-form init\" aria-label=\"Contact form\" novalidate=\"novalidate\" data-status=\"init\">\n<fieldset class=\"hidden-fields-container\"><input type=\"hidden\" name=\"_wpcf7\" value=\"701\" \/><input type=\"hidden\" name=\"_wpcf7_version\" value=\"6.1.5\" \/><input type=\"hidden\" name=\"_wpcf7_locale\" value=\"en_US\" \/><input type=\"hidden\" name=\"_wpcf7_unit_tag\" value=\"wpcf7-f701-o1\" \/><input type=\"hidden\" name=\"_wpcf7_container_post\" value=\"0\" \/><input type=\"hidden\" name=\"_wpcf7_posted_data_hash\" value=\"\" \/><input type=\"hidden\" name=\"lang\" value=\"es\" \/>\n<\/fieldset>\n<div class=\"large-4 columns\">\n\t<p><label for=\"namefield\" style=\"color:#000000;\">Nombre<\/label><br \/>\n<span class=\"wpcf7-form-control-wrap\" data-name=\"your-name1\"><input size=\"40\" maxlength=\"400\" class=\"wpcf7-form-control wpcf7-text wpcf7-validates-as-required\" id=\"namefield\" aria-required=\"true\" aria-invalid=\"false\" placeholder=\"Nombre\" value=\"\" type=\"text\" name=\"your-name1\" \/><\/span>\n\t<\/p>\n<\/div>\n<div class=\"large-4 columns\">\n\t<p><label for=\"surnamefield\" style=\"color:#000000;\">Apellido<\/label><br \/>\n<span class=\"wpcf7-form-control-wrap\" data-name=\"your-name2\"><input size=\"40\" maxlength=\"400\" class=\"wpcf7-form-control wpcf7-text wpcf7-validates-as-required\" id=\"surnamefield\" aria-required=\"true\" aria-invalid=\"false\" placeholder=\"Apellido\" value=\"\" type=\"text\" name=\"your-name2\" \/><\/span>\n\t<\/p>\n<\/div>\n<div class=\"large-4 columns\">\n\t<p><label for=\"emailfield\" style=\"color:#000000;\">e-mail<\/label><br \/>\n<span class=\"wpcf7-form-control-wrap\" data-name=\"your-email\"><input size=\"40\" maxlength=\"400\" class=\"wpcf7-form-control wpcf7-email wpcf7-validates-as-required wpcf7-text wpcf7-validates-as-email\" id=\"emailfield\" aria-required=\"true\" aria-invalid=\"false\" placeholder=\"e-mail\" value=\"\" type=\"email\" name=\"your-email\" \/><\/span>\n\t<\/p>\n<\/div>\n<div class=\"large-12 columns\">\n\t<p><label for=\"messagefield\" style=\"color:#000000;\">Mensaje<\/label><br \/>\n<span class=\"wpcf7-form-control-wrap\" data-name=\"your-message\"><textarea cols=\"40\" rows=\"10\" maxlength=\"2000\" class=\"wpcf7-form-control wpcf7-textarea\" id=\"messagefield\" aria-invalid=\"false\" placeholder=\"Mensaje\" name=\"your-message\"><\/textarea><\/span>\n\t<\/p>\n<\/div>\n<div class=\"large-4 columns text-center\">\n\t<p>&nbsp;\n\t<\/p>\n<\/div>\n<div class=\"large-4 columns text-center\">\n\t<p><label for=\"captchafield\" style=\"color:#000000;\">Por favor ingrese el c\u00f3digo de la imagen:<\/label><br \/>\n<input type=\"hidden\" name=\"_wpcf7_captcha_challenge_captcha-1\" value=\"2169261695\" \/><img loading=\"lazy\" decoding=\"async\" class=\"wpcf7-form-control wpcf7-captchac wpcf7-captcha-captcha-1\" width=\"72\" height=\"24\" alt=\"captcha\" src=\"https:\/\/cosmosolar.com\/wp-content\/uploads\/wpcf7_captcha\/2169261695.png\" \/><span class=\"wpcf7-form-control-wrap\" data-name=\"captcha-1\"><input size=\"40\" class=\"wpcf7-form-control wpcf7-captchar\" id=\"captchafield\" autocomplete=\"off\" aria-invalid=\"false\" value=\"\" type=\"text\" name=\"captcha-1\" \/><\/span><br \/>\n<input class=\"wpcf7-form-control wpcf7-submit has-spinner button small\" type=\"submit\" value=\"Expedido\" \/>\n\t<\/p>\n<\/div>\n<div class=\"large-4 columns text-center\">\n\t<p>&nbsp;\n\t<\/p>\n<\/div><div class=\"wpcf7-response-output\" aria-hidden=\"true\"><\/div>\n<\/form>\n<\/div>\n[\/vc_column_inner][\/vc_row_inner][\/vc_column][\/vc_row]<\/p>\n<\/div>","protected":false},"excerpt":{"rendered":"<p>[vc_row][vc_column][rev_slider_vc alias=\u00bbhome-one-slider-gb-1&#8243;][vc_row_inner][vc_column_inner width=\u00bb1\/6&#8243;][\/vc_column_inner][vc_column_inner width=\u00bb2\/3&#8243;][vc_single_image source=\u00bbexternal_link\u00bb onclick=\u00bbcustom_link\u00bb img_link_target=\u00bb_blank\u00bb custom_src=\u00bbhttps:\/\/cosmosolar.com\/wp-content\/uploads\/2025\/06\/espa2027_en.jpg\u00bb link=\u00bbhttps:\/\/cosmosolar.com\/en\/\u03c0\u03b5\u03c1\u03b9\u03b3\u03c1\u03b1\u03c6\u03ae-\u03ad\u03c1\u03b3\u03bf\u03c5-\u03b3\u03b9\u03b1-\u03c4\u03bf\u03bd-\u03c0\u03c1\u03ac\u03c3\u03b9\u03bd\u03bf-\u03bc\u03b5\u03c4\u03b1\u03c3\/\u00bb][\/vc_column_inner][vc_column_inner width=\u00bb1\/6&#8243;][\/vc_column_inner][\/vc_row_inner][\/vc_column][\/vc_row][vc_row css=\u00bb.vc_custom_1494264524801{margin-right: 0px !important;margin-left: 0px !important;padding-top: 80px !important;}\u00bb][vc_column][vc_column_text] Alta calidad certificada Altos rendimientos garantizados Dise\u00f1os innovadores &#8211; \u00e9mfasis en la est\u00e9tica [\/vc_column_text][vc_row_inner][vc_column_inner width=\u00bb1\/3&#8243; css=\u00bb.vc_custom_1452623145322{padding-right: 15px !important;padding-left: 15px !important;}\u00bb][\/vc_column_inner][vc_column_inner width=\u00bb1\/3&#8243; css=\u00bb.vc_custom_1452623155628{padding-right: 15px !important;padding-left: 15px !important;}\u00bb][\/vc_column_inner][vc_column_inner width=\u00bb1\/3&#8243; css=\u00bb.vc_custom_1452623164469{padding-right: 15px !important;padding-left: 15px !important;}\u00bb][\/vc_column_inner][\/vc_row_inner][\/vc_column][\/vc_row][vc_row css=\u00bb.vc_custom_1494264936413{margin-right: 0px !important;margin-left: 0px !important;}\u00bb][vc_column][\/vc_column][\/vc_row][vc_row full_width=\u00bbstretch_row_content\u00bb [&hellip;]<\/p>\n","protected":false},"author":1,"featured_media":0,"parent":0,"menu_order":0,"comment_status":"closed","ping_status":"closed","template":"","meta":{"footnotes":""},"class_list":["post-883","page","type-page","status-publish","hentry"],"_links":{"self":[{"href":"https:\/\/cosmosolar.com\/es\/wp-json\/wp\/v2\/pages\/883","targetHints":{"allow":["GET"]}}],"collection":[{"href":"https:\/\/cosmosolar.com\/es\/wp-json\/wp\/v2\/pages"}],"about":[{"href":"https:\/\/cosmosolar.com\/es\/wp-json\/wp\/v2\/types\/page"}],"author":[{"embeddable":true,"href":"https:\/\/cosmosolar.com\/es\/wp-json\/wp\/v2\/users\/1"}],"replies":[{"embeddable":true,"href":"https:\/\/cosmosolar.com\/es\/wp-json\/wp\/v2\/comments?post=883"}],"version-history":[{"count":130,"href":"https:\/\/cosmosolar.com\/es\/wp-json\/wp\/v2\/pages\/883\/revisions"}],"predecessor-version":[{"id":1422,"href":"https:\/\/cosmosolar.com\/es\/wp-json\/wp\/v2\/pages\/883\/revisions\/1422"}],"wp:attachment":[{"href":"https:\/\/cosmosolar.com\/es\/wp-json\/wp\/v2\/media?parent=883"}],"curies":[{"name":"wp","href":"https:\/\/api.w.org\/{rel}","templated":true}]}}